{"id":5963,"date":"2024-07-23T16:45:48","date_gmt":"2024-07-23T16:45:48","guid":{"rendered":"https:\/\/klin.managementpro.ro\/?post_type=product&#038;p=5963"},"modified":"2024-07-23T16:45:52","modified_gmt":"2024-07-23T16:45:52","slug":"klintensiv-gel-dezinfectant-maini-1-litru","status":"publish","type":"product","link":"https:\/\/klin.managementpro.ro\/en\/product\/klintensiv-gel-dezinfectant-maini-1-litru\/","title":{"rendered":"KLINTENSIV\u00ae - Hand sanitizing gel, 1 liter"},"content":{"rendered":"<ul>\n<li style=\"text-align: justify;\">Con\u021bine peste 94% ingrediente biodegradabile<\/li>\n<li>Nu las\u0103 senza\u021bia de m\u0103ini lipicioase<\/li>\n<li>Produsul este testat dermatologic, nu produce irita\u021bii dupa utiliz\u0103ri repetate sau efecte adverse locale, sistemice<\/li>\n<li>Ac\u021biune sus\u021binut\u0103 timp de 3 ore dup\u0103 dezinfectarea chirurgical\u0103 a tegumentelor<\/li>\n<\/ul>\n<p>KLINTENSIV GEL DEZINFECTANT este un lichid gata de lucru, utilizat pentru dezinfectarea igienic\u0103 sau chirurgical\u0103 a m\u00e2inilor prin frecare. Este un produs cu ac\u021biune rapid\u0103, destinat utiliz\u0103rii zilnice. Formula optim\u0103, testat\u0103 dermatologic, asigur\u0103 o bun\u0103 protec\u021bie a pielii, fiind eficient\u0103 pe un spectru larg de microorganisme.<\/p>\n<p><strong>Aviz emis de Comisia Na\u021bional\u0103 pentru Produse Biocide nr. 2251BIO\/01\/12.24<\/strong><\/p>\n<p><strong>Product properties<\/strong><\/p>\n<ul>\n<li>Proven efficiency, even in dirty conditions<\/li>\n<li>Se evapor\u0103 complet, nu necesit\u0103 cl\u0103tire dup\u0103 utilizare<\/li>\n<li>Miros placut<\/li>\n<\/ul>\n<p><strong>How to use<\/strong>: Pentru dezinfectarea igienic\u0103 a m\u00e2inilor se aplic\u0103 3 ml de gel \u0219i se freac\u0103 m\u00e2inile timp de 30 de secunde, frontal, palm\u0103 pe palm\u0103, apoi se alterneaz\u0103 palma cu dosul m\u00e2inilor. Se freac\u0103 cu aten\u021bie v\u00e2rful \u0219i \u00eencheieturile degetelor, \u00een cutele epidermei. Pentru atingerea efectului virucid general se utilizeaz\u0103 cantitatea de produs necesar\u0103 men\u021binerii umede a m\u00e2inilor timp de 60 de secunde. Pentru dezinfectarea chirurgical\u0103 se folose\u0219te o cantitate suficient\u0103 de produs pentru un timp de 90 de secunde. \u00cen scopul ob\u021binerii unor rezultate bune este indicat\u0103 \u00eendepartarea inelelor, a unghiilor false \u0219i a altor accesorii care \u00eempiedic\u0103 contactul direct al pielii cu produsul. Se recomand\u0103 utilizarea \u00een conformitate cu instruc\u021biunile de utilizare, respectiv protocoalele interne ale unit\u0103\u021bii.<\/p>\n<p><strong>Packaging<\/strong>: Flacoane: 100 ml, 500 ml, 1 L, 5 L<\/p>\n<p>C<strong>ompozi\u021bia chimic\u0103 &#8211; Ingrediente active pentru 100 ml produs<\/strong>: 85% (v\/v) Etanol, nr. CAS: 64-17-5; CE: 200-578-6<\/p>\n<p><strong>Other ingredients<\/strong>: agent de gelifiere, factor de protec\u021bie tegumentar\u0103\/agent emolient \u0219i hidratant (glicerin\u0103), denaturant (alcool izopropilic, CAS: 67-63-0), parfum,<br \/>\ncolorant, ap\u0103.<\/p>\n<p><strong>Classification of the biocidal product:<\/strong> Grupa principala: 1. Tip produs: 1.<\/p>\n<p><strong>User categories:<\/strong> Profesionali, popula\u021bie.<\/p>\n<p>&nbsp;<\/p>\n<p>&nbsp;<\/p>\n<p>Manufacturer: KLINTENSIV SRL<br \/>\n\u0218os. Alexandriei 544, Bragadiru city, Ilfov county.<br \/>\nTel: 021.448.14.99<br \/>\noffice@klintensiv.com | www.klintensiv.com<\/p>\n<p>&nbsp;<\/p>\n<p style=\"text-align: justify;\">","protected":false},"excerpt":{"rendered":"<p>KLINTENSIV GEL DEZINFECTANT este indicat pentru zonele cu risc mare de contaminare din unit\u0103\u021bile medicale (zone de triaj, primiri urgen\u021be). Produsul este ideal utiliz\u0103rii \u0219i acasa, la serviciu\/\u0219coala, unit\u0103\u021bi de cazare, restaurant, magazine, toalete publice, mijloace de transport \u00een comun, \u00een urma contactului direct cu suprafe\u021be atinse \u0219i de alte persoane.<\/p>","protected":false},"featured_media":5144,"comment_status":"open","ping_status":"closed","template":"","meta":[],"product_cat":[52,54],"product_tag":[],"class_list":{"0":"post-5963","1":"product","2":"type-product","3":"status-publish","4":"has-post-thumbnail","6":"product_cat-dezinfectanti-medicali","7":"product_cat-tegumente","9":"first","10":"instock","11":"purchasable","12":"product-type-simple"},"_links":{"self":[{"href":"https:\/\/klin.managementpro.ro\/en\/wp-json\/wp\/v2\/product\/5963","targetHints":{"allow":["GET"]}}],"collection":[{"href":"https:\/\/klin.managementpro.ro\/en\/wp-json\/wp\/v2\/product"}],"about":[{"href":"https:\/\/klin.managementpro.ro\/en\/wp-json\/wp\/v2\/types\/product"}],"replies":[{"embeddable":true,"href":"https:\/\/klin.managementpro.ro\/en\/wp-json\/wp\/v2\/comments?post=5963"}],"wp:featuredmedia":[{"embeddable":true,"href":"https:\/\/klin.managementpro.ro\/en\/wp-json\/wp\/v2\/media\/5144"}],"wp:attachment":[{"href":"https:\/\/klin.managementpro.ro\/en\/wp-json\/wp\/v2\/media?parent=5963"}],"wp:term":[{"taxonomy":"product_cat","embeddable":true,"href":"https:\/\/klin.managementpro.ro\/en\/wp-json\/wp\/v2\/product_cat?post=5963"},{"taxonomy":"product_tag","embeddable":true,"href":"https:\/\/klin.managementpro.ro\/en\/wp-json\/wp\/v2\/product_tag?post=5963"}],"curies":[{"name":"wp","href":"https:\/\/api.w.org\/{rel}","templated":true}]}}