{"id":5970,"date":"2024-07-23T16:45:49","date_gmt":"2024-07-23T16:45:49","guid":{"rendered":"https:\/\/klin.managementpro.ro\/?post_type=product&#038;p=5970"},"modified":"2024-07-23T16:45:54","modified_gmt":"2024-07-23T16:45:54","slug":"alchosept-dezinfectant-pentru-maini-si-tegumente-5-litri","status":"publish","type":"product","link":"https:\/\/klin.managementpro.ro\/en\/product\/alchosept-dezinfectant-pentru-maini-si-tegumente-5-litri\/","title":{"rendered":"ALCHOSEPT\u00ae - Hand and skin disinfectant, 5 liters"},"content":{"rendered":"<ul>\n<li>Peste 94% ingrediente biodegradabile<\/li>\n<li>Dermatologist-tested product<\/li>\n<li>Actiune sustinut\u0103 timp de 3 ore dup\u0103 dezinfectarea chirurgical\u0103 a mainilor<\/li>\n<li>Eficien\u021b\u0103 demonstrat\u0103, inclusiv in condi\u021bii de murd\u0103rie<\/li>\n<\/ul>\n<p>ALCHOSEPT este o solu\u021bie hidroalcoolic\u0103, utilizat\u0103 pentru dezinfectarea igienic\u0103 si chirurgical\u0103 a mainilor. Este un produs cu ac\u021biune rapid\u0103 destinat utiliz\u0103rii zilnice, ce asigura o bun\u0103 protec\u021bie a pielii.<\/p>\n<p>A<strong>viz emis de Comisia Nationala pentru Produse Biocide nr. 4217BIO\/01\/12.2024<\/strong><\/p>\n<ul>\n<li>Potrivit pentru dezinfectare igienic\u0103 (30 secunde) sau chirurgical\u0103 (90 secunde) a mainilor<\/li>\n<li>Nu necesita cl\u0103tire dup\u0103 utilizare<\/li>\n<li>Uscare rapid\u0103<\/li>\n<li>Dup\u0103 aplicare, nu las\u0103 pielea lipicioas\u0103<\/li>\n<\/ul>\n<p><strong>How to use<\/strong>: Pentru dezinfectarea igienic\u0103 a mainilor prin frecare se folose\u0219te o cantitate suficient\u0103 pentru men\u021binerea umed\u0103 a acestora timp de 30 secunde (cantitatea de produs utilizat\u0103: 3 ml). \u00cenainte de aplicare se recomand\u0103 ca suprafa\u021ba mainilor s\u0103 fie uscat\u0103 iar accesoriile s\u0103 fie indep\u0103rtate. Se freac\u0103 mainile timp de 30 de secunde, frontal, palm\u0103 pe palm\u0103, apoi se alterneaz\u0103 palma cu dosul mainilor. Se freac\u0103 cu aten\u021bie varfurile si \u00eencheieturile degetelor, \u00een cutele epidermei. Pentru dezinfectarea chirurgical\u0103 a mainilor prin frecare se folose\u0219te o cantitate suficient\u0103 de produs pentru a p\u0103stra mainile bine umezite pentru 90 de secunde.<\/p>\n<p><strong>Packaging<\/strong>: Flacoane: 100 ml, 250 ml, 500 ml, 1L, 5L<\/p>\n<p><strong>Compozitia chimic\u0103 &#8211; Ingrediente active pentru 100g produs:\u00a0<\/strong>85% (v\/v) Etanol, nr. CAS: 64-17-5; CE: 200-578-6<\/p>\n<p><strong>Other ingredients<\/strong>: factor de protec\u021bie tegumentar\u0103\/agent emolient \u0219i hidratant (glicerin\u0103), parfum, alcool izopropilic (denaturant) ap\u0103.<\/p>\n<p><strong>Classification of the biocidal product<\/strong>: Grupa principala: 1. Tip produs: 1.<\/p>\n<p><strong>User categories<\/strong>: Profesionali, industriali, popula\u021bie<\/p>\n<p>&nbsp;<\/p>\n<p>&nbsp;<\/p>\n<p>&nbsp;<\/p>\n<p>Producer:\u00a0<strong>S.C. KLINTENSIV S.R.L.<\/strong><\/p>\n<p>Sos. Alexandriei nr 544, Bragadiru, jud. Ilfov<br \/>\nPhone: 021 448 14 99<br \/>\nwww.klintensiv.ro | office@klintensiv.ro<\/p>\n<p style=\"text-align: justify;\">","protected":false},"excerpt":{"rendered":"<p><strong>ALCHOSEPT\u00ae \u2013 <\/strong>este eficient pe un spectru larg de microorganisme, fiind indicat pentru zonele cu risc mare de contaminare din unit\u0103\u021bile medicale (zone de triaj, primiri urgen\u021be). Se poate utiliza pentru dezinfec\u021bia pielii inainte de interven\u021bii minim invazive precum: punc\u021bii, catetere, injec\u021bii, \u0219.a.<\/p>","protected":false},"featured_media":5152,"comment_status":"open","ping_status":"closed","template":"","meta":[],"product_cat":[52,56,54],"product_tag":[],"class_list":{"0":"post-5970","1":"product","2":"type-product","3":"status-publish","4":"has-post-thumbnail","6":"product_cat-dezinfectanti-medicali","7":"product_cat-saloane-beauty-tatoo","8":"product_cat-tegumente","10":"first","11":"instock","12":"purchasable","13":"product-type-simple"},"_links":{"self":[{"href":"https:\/\/klin.managementpro.ro\/en\/wp-json\/wp\/v2\/product\/5970","targetHints":{"allow":["GET"]}}],"collection":[{"href":"https:\/\/klin.managementpro.ro\/en\/wp-json\/wp\/v2\/product"}],"about":[{"href":"https:\/\/klin.managementpro.ro\/en\/wp-json\/wp\/v2\/types\/product"}],"replies":[{"embeddable":true,"href":"https:\/\/klin.managementpro.ro\/en\/wp-json\/wp\/v2\/comments?post=5970"}],"wp:featuredmedia":[{"embeddable":true,"href":"https:\/\/klin.managementpro.ro\/en\/wp-json\/wp\/v2\/media\/5152"}],"wp:attachment":[{"href":"https:\/\/klin.managementpro.ro\/en\/wp-json\/wp\/v2\/media?parent=5970"}],"wp:term":[{"taxonomy":"product_cat","embeddable":true,"href":"https:\/\/klin.managementpro.ro\/en\/wp-json\/wp\/v2\/product_cat?post=5970"},{"taxonomy":"product_tag","embeddable":true,"href":"https:\/\/klin.managementpro.ro\/en\/wp-json\/wp\/v2\/product_tag?post=5970"}],"curies":[{"name":"wp","href":"https:\/\/api.w.org\/{rel}","templated":true}]}}