{"id":5984,"date":"2024-07-23T16:45:50","date_gmt":"2024-07-23T16:45:50","guid":{"rendered":"https:\/\/klin.managementpro.ro\/?post_type=product&#038;p=5984"},"modified":"2024-07-23T16:45:56","modified_gmt":"2024-07-23T16:45:56","slug":"davera-soap-sapun-antimicrobian-5-litri","status":"publish","type":"product","link":"https:\/\/klin.managementpro.ro\/en\/product\/davera-soap-sapun-antimicrobian-5-litri\/","title":{"rendered":"DAVERA\u00ae SOAP - Antimicrobial soap, 5 liters"},"content":{"rendered":"<ul>\n<li>Dezinfec\u021bie igienic\u0103 \u00eentr-un minut (EN 1499)<\/li>\n<li>Ac\u021biune biocid\u0103 rapid\u0103 (maxim 2 minute)<\/li>\n<li>Se preteaz\u0103 utilizarilor repetate<\/li>\n<li>Dermatologist-tested product<\/li>\n<\/ul>\n<p>KLINTENSIV DAVERA SOAP este un lichid v\u00e2scos, indicat pentru cur\u0103\u021barea \u0219i dezinfectarea igienic\u0103 a m\u00e2inilor, prin sp\u0103lare.<\/p>\n<p><strong>Aviz emis de Comisia Na\u021bionala pentru Produse Biocide nr. 4218BIO\/01\/12.24<\/strong><\/p>\n<p><strong>Product properties<\/strong><\/p>\n<ul>\n<li>Nu pateaz\u0103, nu decoloreaz\u0103<\/li>\n<li>Proven efficiency, even in dirty conditions<\/li>\n<li>Are capacitate bun\u0103 de cur\u0103\u021bare \u0219i spumare redus\u0103<\/li>\n<li>Prezint\u0103 efect emolient, protectiv asupra pielii prin natura agen\u021bilor protectivi tegumentar<\/li>\n<li>Conform test\u0103rii EN 14476 pe Vaccinia Virus produsul prezint\u0103 activitate biocid\u0103 \u0219i pe urmatoarele tipuri de tulpini virale: Filoviridae, Flavivirus, Herpesviridae, Hepatitis B virus (HBV), Hepatitis C virus (HCV), Hepatitis Delta virus (HDV), Human Immunodeficiency virus (HIV), Human T-cell lymphotropic virus (HTLV), Coronavirus, Influenza virus, Paramyxoviridae, Rubella virus, Measles virus, Rabies virus, Poxviridae.<\/li>\n<\/ul>\n<p><strong>How to use<\/strong>: Pentru dezinfec\u021bia igienic\u0103 a m\u00e2inilor prin spalare, se folose\u0219te o cantitate suficient\u0103 pentru men\u021binerea umed\u0103 a acestora timp de 1 minut (cantitatea de produs utilizat\u0103: 10 ml). \u00cenainte de aplicare se recomand\u0103 ca suprafa\u021ba m\u00e2inilor sa fie umed\u0103 iar accesoriile sa fie \u00eendep\u0103rtate. Se freac\u0103 m\u00e2inile frontal, palm\u0103 pe palm\u0103, apoi se alterneaz\u0103 palma cu dosul m\u00e2inilor. Se freac\u0103 cu aten\u021bie v\u00e2rfurile \u0219i \u00eencheieturile degetelor, \u00een cutele epidermei. Dup\u0103 un timp de contact de minim 1 minut sunt cl\u0103tite cu ap\u0103 potabil\u0103. Se recomand\u0103 utilizarea \u00een conformitate cu instruc\u021biunile de utilizare, respectiv protocoalele interne ale unit\u0103\u021bii.<\/p>\n<p><strong>Packaging:<\/strong> Flacoane: 500ml, 1L, 5L<\/p>\n<p><strong>Compozi\u021bia chimic\u0103 &#8211; Ingredient activ pentru 100 g produs:<\/strong> 2% (m\/m) Clorhexidina digluconat.<strong><br \/>\nOther ingredients: <\/strong>\u22655-&lt;15% surfactan\u021bi nonionici, corector de aciditate, agen\u021bi emolien\u021bi, conservant \u0219i \u00eengro\u0219\u0103tor, parfum, colorant, ap\u0103.<\/p>\n<p><strong>Classification of the biocidal product:<\/strong> Grupa principala 1, tip produs 1.<\/p>\n<p><strong>User categories: <\/strong>Profesionali, popula\u021bie, industriali.<\/p>\n<p>&nbsp;<\/p>\n<p>Manufacturer: KLINTENSIV SRL<br \/>\n\u0218os. Alexandriei 544, Bragadiru city, Ilfov county.<br \/>\nTel: 021.448.14.99<br \/>\noffice@klintensiv.com | www.klintensiv.com<\/p>","protected":false},"excerpt":{"rendered":"<p>KLINTENSIV DAVERA SOAP este ideal utiliz\u0103rii \u00een unit\u0103\u021bile sanitare, acas\u0103, la serviciu\/\u0219coal\u0103, restaurant, institu\u021bii publice, cabine de du\u0219, unit\u0103\u021bi de cazare personal, magazine, toalete publice, \u00een urma contactului direct cu suprafe\u021be atinse \u0219i de alte persoane.<\/p>","protected":false},"featured_media":5184,"comment_status":"open","ping_status":"closed","template":"","meta":[],"product_cat":[52,54,51],"product_tag":[],"class_list":{"0":"post-5984","1":"product","2":"type-product","3":"status-publish","4":"has-post-thumbnail","6":"product_cat-dezinfectanti-medicali","7":"product_cat-tegumente","8":"product_cat-veterinar","10":"first","11":"instock","12":"purchasable","13":"product-type-simple"},"_links":{"self":[{"href":"https:\/\/klin.managementpro.ro\/en\/wp-json\/wp\/v2\/product\/5984","targetHints":{"allow":["GET"]}}],"collection":[{"href":"https:\/\/klin.managementpro.ro\/en\/wp-json\/wp\/v2\/product"}],"about":[{"href":"https:\/\/klin.managementpro.ro\/en\/wp-json\/wp\/v2\/types\/product"}],"replies":[{"embeddable":true,"href":"https:\/\/klin.managementpro.ro\/en\/wp-json\/wp\/v2\/comments?post=5984"}],"wp:featuredmedia":[{"embeddable":true,"href":"https:\/\/klin.managementpro.ro\/en\/wp-json\/wp\/v2\/media\/5184"}],"wp:attachment":[{"href":"https:\/\/klin.managementpro.ro\/en\/wp-json\/wp\/v2\/media?parent=5984"}],"wp:term":[{"taxonomy":"product_cat","embeddable":true,"href":"https:\/\/klin.managementpro.ro\/en\/wp-json\/wp\/v2\/product_cat?post=5984"},{"taxonomy":"product_tag","embeddable":true,"href":"https:\/\/klin.managementpro.ro\/en\/wp-json\/wp\/v2\/product_tag?post=5984"}],"curies":[{"name":"wp","href":"https:\/\/api.w.org\/{rel}","templated":true}]}}