{"id":5988,"date":"2024-07-23T16:45:50","date_gmt":"2024-07-23T16:45:50","guid":{"rendered":"https:\/\/klin.managementpro.ro\/?post_type=product&#038;p=5988"},"modified":"2024-07-23T16:45:57","modified_gmt":"2024-07-23T16:45:57","slug":"sporycide-dezinfectant-concentrat-de-nivel-inalt-5-litri","status":"publish","type":"product","link":"https:\/\/klin.managementpro.ro\/en\/product\/sporycide-dezinfectant-concentrat-de-nivel-inalt-5-litri\/","title":{"rendered":"SPORYCIDE\u00ae - High level concentrated disinfectant, 5 liters"},"content":{"rendered":"<p style=\"text-align: justify;\">Suprafetele cu germeni pot predispune la imbolnaviri. Evitati situatiile de contaminare printr-o dezinfectare temeinica. Aceste masuri sunt esentiale, mai ales in situatia unei pandemii. <strong>SPORYCIDE\u00ae <\/strong>&#8211; <strong>Dezinfectant concentrat de nivel inalt<\/strong> pentru suprafete de lucru, obiecte de inventar. Curata si dezinfecteaza cu succes suprafetele si microaeroflora din spatii private.<\/p>\n<p style=\"text-align: justify;\"><strong>SPORYCIDE\u00ae\u00a0NU <\/strong>are indicatie de utilizare in institutii medicale.<\/p>\n<p style=\"text-align: justify;\">The product has\u00a0<strong>AVIZ BIOCID Nr. 4219BIO\/02\/12.24<\/strong> eliberat de Ministerul Sanatatii &#8211; Comisia Nationala pentru Produse Biocide. Substante active: glutaral (glutaraldehid\u0103), concentra\u021bie \u00een unit\u0103\u021bi metrice 10%; clorur\u0103 de alchil (C12-16) dimetilbenzil amoniu [ADBAC\/BKC (C12-C16)], concentra\u021bie \u00een unit\u0103\u021bi metrice 15%; acid D-gluconic, compus cu N, N &#8221; &#8211; bis (4-clorofenil) -3,12-diimino- 2,4,11,13-Tetraazatetradecanediamidin\u0103 2:1 (CHDG), concentra\u0163ie \u00een unit\u0103\u021bi metrice 0.35% etanol, concentra\u021bie \u00een unit\u0103\u021bi metrice 0.5%.<\/p>\n<p style=\"text-align: justify;\"><strong>Product benefits:<\/strong><\/p>\n<ul>\n<li>dezinfectant concentrat de nivel inalt<\/li>\n<li>are actiune biocida certificata<\/li>\n<li>are un efect rapid (5 minute)<\/li>\n<li>este biodegradabil 90%<\/li>\n<li>tested according to EU rules<\/li>\n<\/ul>\n<p style=\"text-align: justify;\"><strong>Active substance:<\/strong> Glutaraldehida, clorura de alchil, acid D-gluconic, etanol.<\/p>\n<p style=\"text-align: justify;\"><strong>Type of biocidal product according to the legislation in force (EU Regulation 528\/2012)<\/strong><\/p>\n<p style=\"text-align: justify;\"><strong>Main group 1:<\/strong>&#8211; Dezinfectante si produse biocide<\/p>\n<p style=\"text-align: justify;\"><strong>Tip de produs 2:<\/strong> &#8211; Dezinfectant pentru suprafete, si aeromicroflora cu aplicare prin stergere, imersie, pulverizare sau nebulizare (ceata rece) in domeniul industrial, institutional, colectivitati, casnic.<\/p>\n<p style=\"text-align: justify;\"><strong>User category:<\/strong> professional, industrial.<\/p>\n<p style=\"text-align: justify;\"><strong>Attention<\/strong>: Acest produs este destinat pentru uz profesional si se va folosi de catre personal calificat, cu cunoasterea normelor de siguranta in domeniu. Este recomandata depozitarea in spatii inchise, curate, bine aerisite, cu temperaturi cuprinse intre + 5 \u00b0C la + 25\u00b0C. Fiecare lot de livrare va fi insotit de documentul de certificare a calitatii intocmit conform dispozitiilor legale in vigoare, respectiv declaratia de conformitate intocmita pe baza fiselor tehnice, a buletinelor de analiza si a avizului sanitar.<\/p>","protected":false},"excerpt":{"rendered":"<p style=\"text-align: justify;\"><strong>SPORYCIDE\u00ae <\/strong>&#8211; <strong>Dezinfectant concentrat de nivel inalt<\/strong> are un efect optim asupra suprafetelor de lucru si a obiectelor de inventar. Curata si dezinfecteaza cu succes suprafetele si microaeroflora din spatii private.<\/p>","protected":false},"featured_media":5203,"comment_status":"open","ping_status":"closed","template":"","meta":[],"product_cat":[59],"product_tag":[],"class_list":{"0":"post-5988","1":"product","2":"type-product","3":"status-publish","4":"has-post-thumbnail","6":"product_cat-fara-categorie","8":"first","9":"outofstock","10":"purchasable","11":"product-type-simple"},"_links":{"self":[{"href":"https:\/\/klin.managementpro.ro\/en\/wp-json\/wp\/v2\/product\/5988","targetHints":{"allow":["GET"]}}],"collection":[{"href":"https:\/\/klin.managementpro.ro\/en\/wp-json\/wp\/v2\/product"}],"about":[{"href":"https:\/\/klin.managementpro.ro\/en\/wp-json\/wp\/v2\/types\/product"}],"replies":[{"embeddable":true,"href":"https:\/\/klin.managementpro.ro\/en\/wp-json\/wp\/v2\/comments?post=5988"}],"wp:featuredmedia":[{"embeddable":true,"href":"https:\/\/klin.managementpro.ro\/en\/wp-json\/wp\/v2\/media\/5203"}],"wp:attachment":[{"href":"https:\/\/klin.managementpro.ro\/en\/wp-json\/wp\/v2\/media?parent=5988"}],"wp:term":[{"taxonomy":"product_cat","embeddable":true,"href":"https:\/\/klin.managementpro.ro\/en\/wp-json\/wp\/v2\/product_cat?post=5988"},{"taxonomy":"product_tag","embeddable":true,"href":"https:\/\/klin.managementpro.ro\/en\/wp-json\/wp\/v2\/product_tag?post=5988"}],"curies":[{"name":"wp","href":"https:\/\/api.w.org\/{rel}","templated":true}]}}