{"id":5999,"date":"2024-07-23T16:45:59","date_gmt":"2024-07-23T16:45:59","guid":{"rendered":"https:\/\/klin.managementpro.ro\/?post_type=product&#038;p=5999"},"modified":"2024-07-23T16:46:03","modified_gmt":"2024-07-23T16:46:03","slug":"klintensiv-sampon-antimatreata-200-ml","status":"publish","type":"product","link":"https:\/\/klin.managementpro.ro\/en\/product\/klintensiv-sampon-antimatreata-200-ml\/","title":{"rendered":"KLINTENSIV &#8211; Sampon antimatreata, 200 ml"},"content":{"rendered":"<p>Descoperi\u021bi secretul unui scalp s\u0103n\u0103tos \u0219i f\u0103r\u0103 m\u0103trea\u021b\u0103 cu <strong>KLINTENSIV \u2013 \u0218ampon Anti-m\u0103trea\u021b\u0103<\/strong>, o solu\u021bie eficient\u0103 pentru problemele scalpului. Formula sa inovatoare combin\u0103 propriet\u0103\u021bile benefice ale plantelor cu puterea binecunoscut\u0103 a sulfului \u0219i a Hexamidine diisethionate, un agent care protejeaz\u0103 scalpul de m\u0103trea\u021b\u0103.<\/p>\n<h5><strong>Beneficii<\/strong>:<\/h5>\n<ul>\n<li>Scalp s\u0103n\u0103tos: Formula sa inovatoare hidrateaz\u0103 \u0219i elimin\u0103 excesul de sebum, contribuind la men\u021binerea integrit\u0103\u021bii moleculelor de keratin\u0103 prin pun\u021bile disulfidice, pentru un scalp curat \u0219i s\u0103n\u0103tos.<\/li>\n<li>Combaterea m\u0103tre\u021bii: Ingredientul antifungic, Hexamidine diisethionate, are o eficien\u021b\u0103 demonstrat\u0103 \u00eempotriva pityrosporum ovale, ciuperca responsabil\u0103 de apari\u021bia m\u0103tre\u021bii la nivelul scalpului.<\/li>\n<li>Ac\u021biune antimicrobian\u0103: Hexamidine diisethionate ac\u021bioneaz\u0103 ca agent antimicrobian cu spectru larg, av\u00e2nd capacitatea de a lupta \u00eempotriva bacteriilor anaerobe \u0219i a fungilor, \u0219i oferind \u00een acela\u0219i timp beneficii antiinflamatorii, antiseboreice \u0219i antiseptice locale.<\/li>\n<li>Testat clinic: Produsul a fost supus unor teste riguroase sub control dermatologic conform standardelor UE, garant\u00e2ndu-\u021bi eficacitatea \u0219i siguran\u021ba \u00een utilizare.<\/li>\n<li>F\u0103r\u0103 ingrediente nocive: KLINTENSIV Sampon Antim\u0103trea\u021b\u0103 nu con\u021bine parabeni, silicon sau alcool, oferind o \u00eengrijire delicat\u0103 \u0219i prietenoas\u0103 pentru scalpul t\u0103u.<\/li>\n<\/ul>\n<p style=\"color: #ffff; margin-bottom: 8px;\">.<\/p>\n<h5><strong>How to use:<\/strong><\/h5>\n<p>Aplica\u021bi o cantitate adecvat\u0103 de \u0219ampon pe p\u0103rul ud, masa\u021bi u\u0219or scalpul \u0219i l\u0103sa\u021bi s\u0103 ac\u021bioneze timp de c\u00e2teva minute. Cl\u0103ti\u021bi cu ap\u0103 c\u0103ldu\u021b\u0103 din abunden\u021b\u0103. Pentru a \u021bine m\u0103trea\u021ba sub control folosi\u021bi regulat produsul.<\/p>\n<h5><strong>Composition:<\/strong><\/h5>\n<ul>\n<li>Hexamidine diisethionate: Agent antim\u0103trea\u021b\u0103 \u0219i antimicrobian, cu roluri antiinflamator, antiseboreic \u0219i antiseptic.<\/li>\n<li>Sulful: Contribuie la hidratarea scalpului \u0219i \u00eendep\u0103rtarea excesului de sebum.<\/li>\n<li>Ingrediente active din plante: Completeaz\u0103 formula, pentru o \u00eengrijire complet\u0103 a scalpului.<\/li>\n<\/ul>\n<p style=\"color: #ffff; margin-bottom: 8px;\">.<\/p>\n<h5><strong>Precautions:<\/strong><\/h5>\n<ul>\n<li>In case of accidental contact with the eyes, rinse with plenty of water.<\/li>\n<li>For external use only. Do not ingest.<\/li>\n<li>A nu se las\u0103 la \u00eendem\u00e2na copiilor.<\/li>\n<\/ul>\n<p style=\"color: #ffff; margin-bottom: 8px;\">.<\/p>\n<p style=\"text-align: justify;\">In case of an adverse reaction, the use should be stopped and it is recommended to seek specialized help.<\/p>","protected":false},"excerpt":{"rendered":"<p>Descoperi\u021bi secretul unui scalp s\u0103n\u0103tos cu <strong>\u0218amponul Anti-m\u0103trea\u021b\u0103 KLINTENSIV<\/strong>. Formula sa inovatoare combin\u0103 plantele, sulful \u0219i Hexamidine diisethionate pentru a hidrata scalpul, elimin\u00e2nd excesul de sebum \u0219i men\u021bin\u00e2nd keratina. Combate\u021bi eficient m\u0103trea\u021ba, lupt\u00e2nd \u00eempotriva ciupercii pityrosporum ovale \u0219i av\u00e2nd o ac\u021biune antimicrobian\u0103 puternic\u0103 \u00eempotriva bacteriilor \u0219i fungilor. Produsul este testat clinic, conform standardelor UE, garant\u00e2ndu-v\u0103 eficacitatea \u0219i siguran\u021ba. F\u0103r\u0103 parabeni, silicon sau alcool, fiind un \u0219ampon delicat pentru scalpul sensibil.<\/p>","protected":false},"featured_media":5220,"comment_status":"open","ping_status":"closed","template":"","meta":[],"product_cat":[128],"product_tag":[],"class_list":{"0":"post-5999","1":"product","2":"type-product","3":"status-publish","4":"has-post-thumbnail","6":"product_cat-sampon","8":"first","9":"outofstock","10":"purchasable","11":"product-type-simple"},"_links":{"self":[{"href":"https:\/\/klin.managementpro.ro\/en\/wp-json\/wp\/v2\/product\/5999","targetHints":{"allow":["GET"]}}],"collection":[{"href":"https:\/\/klin.managementpro.ro\/en\/wp-json\/wp\/v2\/product"}],"about":[{"href":"https:\/\/klin.managementpro.ro\/en\/wp-json\/wp\/v2\/types\/product"}],"replies":[{"embeddable":true,"href":"https:\/\/klin.managementpro.ro\/en\/wp-json\/wp\/v2\/comments?post=5999"}],"wp:featuredmedia":[{"embeddable":true,"href":"https:\/\/klin.managementpro.ro\/en\/wp-json\/wp\/v2\/media\/5220"}],"wp:attachment":[{"href":"https:\/\/klin.managementpro.ro\/en\/wp-json\/wp\/v2\/media?parent=5999"}],"wp:term":[{"taxonomy":"product_cat","embeddable":true,"href":"https:\/\/klin.managementpro.ro\/en\/wp-json\/wp\/v2\/product_cat?post=5999"},{"taxonomy":"product_tag","embeddable":true,"href":"https:\/\/klin.managementpro.ro\/en\/wp-json\/wp\/v2\/product_tag?post=5999"}],"curies":[{"name":"wp","href":"https:\/\/api.w.org\/{rel}","templated":true}]}}