{"id":6004,"date":"2024-07-23T16:45:59","date_gmt":"2024-07-23T16:45:59","guid":{"rendered":"https:\/\/klin.managementpro.ro\/?post_type=product&#038;p=6004"},"modified":"2024-07-23T16:46:04","modified_gmt":"2024-07-23T16:46:04","slug":"gel-de-dus-island-garden-5-litri","status":"publish","type":"product","link":"https:\/\/klin.managementpro.ro\/en\/product\/gel-de-dus-island-garden-5-litri\/","title":{"rendered":"Gel de dus ISLAND GARDEN, 5 litri"},"content":{"rendered":"<p>Transforma\u021bi du\u0219ul zilnic \u00eentr-o experien\u021b\u0103 revigorant\u0103 \u0219i calmant\u0103 cu Gelul de Du\u0219 Island Garden. Ca un r\u0103sf\u0103\u021b la rasarit de soare, intr-o gradina plina cu flori de musetel, acest gel de dus este conceput pentru relaxarea si ingrijirea de care aveti nevoie in fiecare zi.<\/p>\n<h5><strong>Benefits:<\/strong><\/h5>\n<ul>\n<li>Revigorant \u0219i proasp\u0103t: Cu aroma sa proasp\u0103t\u0103 \u0219i revitalizant\u0103, gelul de dus Island Garden v\u0103 garanteaz\u0103 o stare de bine \u0219i v\u0103 preg\u0103te\u0219te pentru o zi plin\u0103 de vitalitate.<\/li>\n<li>Ingrediente naturale: Formula \u00eembog\u0103\u021bit\u0103 cu extract de mu\u0219e\u021bel cur\u0103\u021b\u0103 delicat pielea sensibil\u0103, oferind un efect calmant \u0219i purificator.<\/li>\n<li>Propriet\u0103\u021bi antiinflamatorii \u0219i calmante: Extractul de mu\u0219e\u021bel este bogat \u00een flavone \u0219i fitosteroli, cunoscu\u021bi pentru propriet\u0103\u021bile lor antiinflamatorii \u0219i calmante, ajut\u00e2nd la reducerea irita\u021biilor \u0219i la relaxarea pielii.<\/li>\n<li>Ac\u021biune cicatrizant\u0103: Datorit\u0103 compozi\u021biei sale gelul de dus Island Garden sus\u021bine procesul de vindecare a pielii \u0219i ajut\u0103 la reducerea cicatricilor, l\u0103s\u00e2nd pielea catifelat\u0103 \u0219i protejat\u0103.<\/li>\n<li>Testat clinic \u0219i cruelty-free: Produsul este testat clinic sub control dermatologic, conform standardelor UE, iar formula sa nu este testat\u0103 pe animale.<\/li>\n<\/ul>\n<p style=\"color:#ffff; margin-bottom: 8px;\">.<\/p>\n<h5><strong>How to use:<\/strong><\/h5>\n<p>Aplica\u021bi o cantitate adecvat\u0103 de gel de dus pe pielea umed\u0103, masa\u021bi delicat pentru a forma spum\u0103 \u0219i cl\u0103ti\u021bi cu ap\u0103 din abunden\u021b\u0103. Savura\u021bi fiecare moment al acestei experien\u021be revigorante, care v\u0103 va l\u0103sa o piele curat\u0103, proasp\u0103t\u0103 \u0219i delicat parfumat\u0103 cu aroma \u00eembietoare a mu\u0219e\u021belului.<\/p>\n<h5><strong>Precautions:<\/strong><\/h5>\n<ul>\n<li>In case of accidental contact with the eyes, rinse with plenty of water.<\/li>\n<li>For external use only. Do not ingest.<\/li>\n<li>A nu se las\u0103 la \u00eendem\u00e2na copiilor.<\/li>\n<\/ul>\n<p style=\"color:#ffff; margin-bottom: 8px;\">.<\/p>\n<p>In case of an adverse reaction, the use should be stopped and it is recommended to seek specialized help.<\/p>\n<p>Experimenta\u021bi pl\u0103cerea unei \u00eengrijiri excelente \u0219i relaxante cu gelul de dus Island Garden, pentru a v\u0103 transforma rutina zilnic\u0103 de igien\u0103 \u00eentr-un moment de r\u0103sf\u0103\u021b pentru corp \u0219i spirit.<\/p>","protected":false},"excerpt":{"rendered":"<p>Transforma\u021bi du\u0219ul \u00eentr-o experien\u021b\u0103 revigorant\u0103 cu <strong>Gelul de Du\u0219 Island Garden<\/strong>, infuzat cu extract de mu\u0219e\u021bel pentru cur\u0103\u021bare delicat\u0103 \u0219i vitalizare. Aroma sa proasp\u0103t\u0103 \u0219i revitalizant\u0103 preg\u0103te\u0219te pielea pentru o zi plin\u0103 de energie. Formula sa \u00eembog\u0103\u021bit\u0103 cu mu\u0219e\u021bel calmeaz\u0103 \u0219i purific\u0103 pielea sensibil\u0103. Propriet\u0103\u021bile antiinflamatorii \u0219i cicatrizante ale extractului de mu\u0219e\u021bel reduc irita\u021biile \u0219i ajut\u0103 la vindecarea pielii, l\u0103s\u00e2nd-o catifelat\u0103 \u0219i protejat\u0103.<\/p>","protected":false},"featured_media":5245,"comment_status":"open","ping_status":"closed","template":"","meta":[],"product_cat":[127,126],"product_tag":[],"class_list":{"0":"post-6004","1":"product","2":"type-product","3":"status-publish","4":"has-post-thumbnail","6":"product_cat-gel-dus","7":"product_cat-ingrijire-personala","9":"first","10":"outofstock","11":"purchasable","12":"product-type-simple"},"_links":{"self":[{"href":"https:\/\/klin.managementpro.ro\/en\/wp-json\/wp\/v2\/product\/6004","targetHints":{"allow":["GET"]}}],"collection":[{"href":"https:\/\/klin.managementpro.ro\/en\/wp-json\/wp\/v2\/product"}],"about":[{"href":"https:\/\/klin.managementpro.ro\/en\/wp-json\/wp\/v2\/types\/product"}],"replies":[{"embeddable":true,"href":"https:\/\/klin.managementpro.ro\/en\/wp-json\/wp\/v2\/comments?post=6004"}],"wp:featuredmedia":[{"embeddable":true,"href":"https:\/\/klin.managementpro.ro\/en\/wp-json\/wp\/v2\/media\/5245"}],"wp:attachment":[{"href":"https:\/\/klin.managementpro.ro\/en\/wp-json\/wp\/v2\/media?parent=6004"}],"wp:term":[{"taxonomy":"product_cat","embeddable":true,"href":"https:\/\/klin.managementpro.ro\/en\/wp-json\/wp\/v2\/product_cat?post=6004"},{"taxonomy":"product_tag","embeddable":true,"href":"https:\/\/klin.managementpro.ro\/en\/wp-json\/wp\/v2\/product_tag?post=6004"}],"curies":[{"name":"wp","href":"https:\/\/api.w.org\/{rel}","templated":true}]}}