{"id":6010,"date":"2024-07-23T16:45:59","date_gmt":"2024-07-23T16:45:59","guid":{"rendered":"https:\/\/klin.managementpro.ro\/?post_type=product&#038;p=6010"},"modified":"2024-07-23T16:46:05","modified_gmt":"2024-07-23T16:46:05","slug":"gel-de-dus-wave-energy-500-ml","status":"publish","type":"product","link":"https:\/\/klin.managementpro.ro\/en\/product\/gel-de-dus-wave-energy-500-ml\/","title":{"rendered":"WAVE ENERGY Shower Gel, 500 ml"},"content":{"rendered":"<p>Pentru o energizare rapid\u0103 dup\u0103 o zi solicitant\u0103 la birou sau dup\u0103 efortul depus la sal\u0103, Gelul de Du\u0219 Wave Energy, cu Glycoenergizer, este alegerea perfect\u0103 pentru b\u0103rba\u021bii activi.<\/p>\n<h5><strong>Beneficii<\/strong>:<\/h5>\n<ul>\n<li>Energie \u0219i tonifiere: Formula \u00eembun\u0103t\u0103\u021bit\u0103 cu Glycoenergizer asigur\u0103 pielii tonusul \u0219i energia de care ave\u021bi nevoie \u00een fiecare zi, revitaliz\u00e2ndu-v\u0103 \u0219i preg\u0103tindu-v\u0103 pentru noi provoc\u0103ri.<\/li>\n<li>Hidratare \u0219i revitalizare: Glycoenergizer, un compus natural de origine marin\u0103, bogat \u00een glicogen, ofer\u0103 energie pielii \u0219i stimuleaz\u0103 metabolismul celular, asigur\u00e2ndu-i hidratarea \u0219i regenerarea necesare.<\/li>\n<li>Protec\u021bie \u0219i regenerare: Reduce stresul \u0219i degradarea pielii, sprijinind cre\u0219terea oxigenului \u00een celulele epiteliale, pentru un surplus de energie \u0219i o piele s\u0103n\u0103toas\u0103 \u0219i ferm\u0103.<\/li>\n<li>Energizare rapid\u0103: Parfumul energizant \u0219i revigorant al gelului de du\u0219 v\u0103 va revigora instantaneu, conferindu-v\u0103 o senza\u021bie pl\u0103cut\u0103 \u0219i fresh.<\/li>\n<li>Testat clinic \u0219i cruelty-free: Produsul este testat clinic sub control dermatologic, conform standardelor UE, \u0219i este garantat a fi cruelty-free, respect\u00e2nd mediul \u0219i protej\u00e2nd animalele.<\/li>\n<\/ul>\n<p style=\"color:#ffff; margin-bottom: 8px;\">.<\/p>\n<h5><strong>How to use:<\/strong><\/h5>\n<p>Aplica\u021bi o cantitate potrivit\u0103 de gel de du\u0219 pe pielea umed\u0103, masa\u021bi u\u0219or pentru a forma o spum\u0103 bogat\u0103, apoi cl\u0103ti\u021bi cu ap\u0103 c\u0103ldu\u021b\u0103. Bucura\u021bi-v\u0103 de fiecare moment al acestei experien\u021be revigorante, iar pielea va r\u0103m\u00e2ne tonifiat\u0103 \u0219i energizat\u0103.<\/p>\n<h5><strong>Composition:<\/strong><\/h5>\n<ul>\n<li>Glycoenergizer: Compus natural de origine marin\u0103, bogat \u00een glicogen, ce ofer\u0103 energie \u0219i hidratare pielii.<\/li>\n<li>Al\u021bi agen\u021bi \u0219i ingrediente: Completeaz\u0103 formula pentru a asigura o cur\u0103\u021bare delicat\u0103 \u0219i eficient\u0103.<\/li>\n<\/ul>\n<p style=\"color:#ffff; margin-bottom: 8px;\">.<\/p>\n<h5><strong>Precautions:<\/strong><\/h5>\n<ul>\n<li>In case of accidental contact with the eyes, rinse with plenty of water.<\/li>\n<li>For external use only. Do not ingest.<\/li>\n<li>A nu se las\u0103 la \u00eendem\u00e2na copiilor.<\/li>\n<\/ul>\n<p style=\"color:#ffff; margin-bottom: 8px;\">.<\/p>\n<p style=\"text-align: justify;\">In case of an adverse reaction, the use should be stopped and it is recommended to seek specialized help.<\/p>","protected":false},"excerpt":{"rendered":"<p style=\"text-align: justify;\">Pentru a v\u0103 energiza rapid dup\u0103 o zi solicitant\u0103, <strong>Gelul de Du\u0219 Wave Energy<\/strong>, cu <strong>Glycoenergizer<\/strong>, este alegerea perfect\u0103 pentru b\u0103rba\u021bii activi. Formula sa inovatoare asigur\u0103 pielii tonusul \u0219i energia necesar\u0103 \u00een fiecare zi, revitaliz\u00e2ndu-v\u0103 \u0219i preg\u0103tindu-v\u0103 pentru noi provoc\u0103ri. Bogat \u00een glicogen \u0219i alte componente naturale marine, acest gel de du\u0219 ofer\u0103 hidratarea necesar\u0103. Reduce\u021bi stresul \u0219i degradarea pielii, sprijinind cre\u0219terea oxigenului \u00een celulele epiteliale, pentru un surplus de energie \u0219i o piele s\u0103n\u0103toas\u0103 \u0219i ferm\u0103. Testat clinic \u0219i cruelty-free, Gelul de Du\u0219 Wave Energy este solu\u021bia ideal\u0103 pentru un \u00eenceput de zi plin de energie \u0219i vitalitate.<\/p>","protected":false},"featured_media":5250,"comment_status":"open","ping_status":"closed","template":"","meta":[],"product_cat":[127,126],"product_tag":[],"class_list":{"0":"post-6010","1":"product","2":"type-product","3":"status-publish","4":"has-post-thumbnail","6":"product_cat-gel-dus","7":"product_cat-ingrijire-personala","9":"first","10":"outofstock","11":"purchasable","12":"product-type-simple"},"_links":{"self":[{"href":"https:\/\/klin.managementpro.ro\/en\/wp-json\/wp\/v2\/product\/6010","targetHints":{"allow":["GET"]}}],"collection":[{"href":"https:\/\/klin.managementpro.ro\/en\/wp-json\/wp\/v2\/product"}],"about":[{"href":"https:\/\/klin.managementpro.ro\/en\/wp-json\/wp\/v2\/types\/product"}],"replies":[{"embeddable":true,"href":"https:\/\/klin.managementpro.ro\/en\/wp-json\/wp\/v2\/comments?post=6010"}],"wp:featuredmedia":[{"embeddable":true,"href":"https:\/\/klin.managementpro.ro\/en\/wp-json\/wp\/v2\/media\/5250"}],"wp:attachment":[{"href":"https:\/\/klin.managementpro.ro\/en\/wp-json\/wp\/v2\/media?parent=6010"}],"wp:term":[{"taxonomy":"product_cat","embeddable":true,"href":"https:\/\/klin.managementpro.ro\/en\/wp-json\/wp\/v2\/product_cat?post=6010"},{"taxonomy":"product_tag","embeddable":true,"href":"https:\/\/klin.managementpro.ro\/en\/wp-json\/wp\/v2\/product_tag?post=6010"}],"curies":[{"name":"wp","href":"https:\/\/api.w.org\/{rel}","templated":true}]}}