{"id":6024,"date":"2024-07-23T16:46:08","date_gmt":"2024-07-23T16:46:08","guid":{"rendered":"https:\/\/klin.managementpro.ro\/?post_type=product&#038;p=6024"},"modified":"2024-07-23T16:46:11","modified_gmt":"2024-07-23T16:46:11","slug":"sampon-revitalizant-pentru-volum-5-litri","status":"publish","type":"product","link":"https:\/\/klin.managementpro.ro\/en\/product\/sampon-revitalizant-pentru-volum-5-litri\/","title":{"rendered":"Volume Revitalizing Shampoo, 5 litres"},"content":{"rendered":"<p>KLINTENSIV &#8211; \u0218ampon pentru volum este solu\u021bia perfect\u0103 pentru a revitaliza p\u0103rul \u0219i a-l proteja \u00eempotriva deterior\u0103rii cauzate de factorii poluan\u021bi, oferindu-i str\u0103lucire \u0219i volum.<\/p>\n<h5><strong>Benefits:<\/strong><\/h5>\n<ul>\n<li>P\u0103r revitalizat: Prin formula sa unic\u0103 \u0219i utilizarea constant\u0103, acest \u0219ampon red\u0103 p\u0103rului o textur\u0103 bogat\u0103 \u0219i s\u0103n\u0103toas\u0103, reconstruind structura sa cu ajutorul Keratinei, pentru un aspect voluminos \u0219i plin de via\u021b\u0103.<\/li>\n<li>Protec\u021bie \u00eempotriva agresiunii: P\u0103rul este expus zilnic la factorii de mediu din mediul urban, care pot duce la un aspect tern \u0219i lipsit de vitalitate. Acest \u0219ampon ac\u021bioneaz\u0103 ca un scut protector, revitaliz\u00e2nd \u0219i protej\u00e2nd p\u0103rul \u00eempotriva agresiunilor externe.<\/li>\n<li>Str\u0103lucire \u0219i volum: Panthenolul se ata\u0219eaz\u0103 la suprafa\u021ba Keratinei, conferind p\u0103rului o str\u0103lucire spectaculoas\u0103 \u0219i un volum impresionant, pentru un aspect plin de vitalitate.<\/li>\n<li>Tratament zilnic: Datorit\u0103 prezen\u021bei BioKeratinului, un ingredient esen\u021bial pentru s\u0103n\u0103tatea pielii \u0219i a p\u0103rului, acest \u0219ampon hr\u0103ne\u0219te \u0219i trateaz\u0103 p\u0103rul deteriorat, oferindu-i o protec\u021bie vital\u0103 \u00eempotriva factorilor nocivi din mediul urban.<\/li>\n<li>Elasticitate \u0219i rezisten\u021b\u0103: Keratina, o protein\u0103 bogat\u0103 \u00een sulf, \u00eent\u0103re\u0219te fiecare fir de p\u0103r \u0219i \u00eei confer\u0103 elasticitate, form\u00e2nd o barier\u0103 de protec\u021bie \u00eempotriva agresorilor externi, pentru un p\u0103r puternic \u0219i rezistent \u00een fa\u021ba provoc\u0103rilor zilnice.<\/li>\n<\/ul>\n<p style=\"color:#ffff; margin-bottom: 8px;\">.<\/p>\n<h5><strong>How to use:<\/strong><\/h5>\n<p>Pentru a ob\u021bine cele mai bune rezultate aplica\u021bi o cantitate adecvat\u0103 de \u0219ampon pe p\u0103rul ud, masa\u021bi u\u0219or scalpul pentru a permite ingredientelor active s\u0103 p\u0103trund\u0103 \u00een profunzime. L\u0103sa\u021bi s\u0103 ac\u021bioneze timp de c\u00e2teva minute, apoi cl\u0103ti\u021bi bine cu ap\u0103 c\u0103ldu\u021b\u0103. Pentru rezultate optime utiliza\u021bi produsul \u00een mod regulat \u00een rutina de \u00eengrijire a p\u0103rului.<\/p>\n<h5><strong>Composition:<\/strong><\/h5>\n<ul>\n<li>Panthenol: Ofer\u0103 str\u0103lucire \u0219i volum p\u0103rului.<\/li>\n<li>BioKeratin: Trateaz\u0103 \u0219i protejeaz\u0103 p\u0103rul \u00eempotriva agresiunilor mediului urban.<\/li>\n<li>Keratin\u0103: Ofer\u0103 elasticitate \u0219i rezisten\u021b\u0103 firului de p\u0103r.<\/li>\n<\/ul>\n<p style=\"color:#ffff; margin-bottom: 8px;\">.<\/p>\n<h5><strong>Precautions:<\/strong><\/h5>\n<ul>\n<li>In case of accidental contact with the eyes, rinse with plenty of water.<\/li>\n<li>For external use only. Do not ingest.<\/li>\n<li>A nu se las\u0103 la \u00eendem\u00e2na copiilor.<\/li>\n<\/ul>\n<p style=\"color:#ffff; margin-bottom: 8px;\">.<\/p>\n<p>In case of an adverse reaction, the use should be stopped and it is recommended to seek specialized help.<\/p>","protected":false},"excerpt":{"rendered":"<p>Descoperi\u021bi secretul unui p\u0103r vibrant cu <strong>\u0218amponul pentru volum KLINTENSIV<\/strong>. Formula sa unic\u0103 red\u0103 p\u0103rului textura bogat\u0103 \u0219i s\u0103n\u0103toas\u0103, protej\u00e2ndu-l \u00eempotriva polu\u0103rii urbane. Fiecare utilizare ofer\u0103 o experien\u021b\u0103 complet\u0103 de \u00eengrijire. Panthenolul \u0219i BioKeratina redau str\u0103lucirea \u0219i volumul natural al p\u0103rului, protej\u00e2ndu-l \u00eempotriva factorilor de mediu. Keratina \u00eent\u0103re\u0219te fiecare fir de p\u0103r, conferindu-i elasticitate \u0219i rezisten\u021b\u0103 \u00een fa\u021ba provoc\u0103rilor zilnice.<\/p>","protected":false},"featured_media":5262,"comment_status":"open","ping_status":"closed","template":"","meta":[],"product_cat":[126,128],"product_tag":[],"class_list":{"0":"post-6024","1":"product","2":"type-product","3":"status-publish","4":"has-post-thumbnail","6":"product_cat-ingrijire-personala","7":"product_cat-sampon","9":"first","10":"outofstock","11":"purchasable","12":"product-type-simple"},"_links":{"self":[{"href":"https:\/\/klin.managementpro.ro\/en\/wp-json\/wp\/v2\/product\/6024","targetHints":{"allow":["GET"]}}],"collection":[{"href":"https:\/\/klin.managementpro.ro\/en\/wp-json\/wp\/v2\/product"}],"about":[{"href":"https:\/\/klin.managementpro.ro\/en\/wp-json\/wp\/v2\/types\/product"}],"replies":[{"embeddable":true,"href":"https:\/\/klin.managementpro.ro\/en\/wp-json\/wp\/v2\/comments?post=6024"}],"wp:featuredmedia":[{"embeddable":true,"href":"https:\/\/klin.managementpro.ro\/en\/wp-json\/wp\/v2\/media\/5262"}],"wp:attachment":[{"href":"https:\/\/klin.managementpro.ro\/en\/wp-json\/wp\/v2\/media?parent=6024"}],"wp:term":[{"taxonomy":"product_cat","embeddable":true,"href":"https:\/\/klin.managementpro.ro\/en\/wp-json\/wp\/v2\/product_cat?post=6024"},{"taxonomy":"product_tag","embeddable":true,"href":"https:\/\/klin.managementpro.ro\/en\/wp-json\/wp\/v2\/product_tag?post=6024"}],"curies":[{"name":"wp","href":"https:\/\/api.w.org\/{rel}","templated":true}]}}