{"id":6034,"date":"2024-07-23T16:46:08","date_gmt":"2024-07-23T16:46:08","guid":{"rendered":"https:\/\/klin.managementpro.ro\/?post_type=product&#038;p=6034"},"modified":"2024-07-23T16:46:13","modified_gmt":"2024-07-23T16:46:13","slug":"sampon-pentru-par-vopsit-400-ml","status":"publish","type":"product","link":"https:\/\/klin.managementpro.ro\/en\/product\/sampon-pentru-par-vopsit-400-ml\/","title":{"rendered":"Sampon pentru par vopsit, 400 ml"},"content":{"rendered":"<p>KLINTENSIV &#8211; \u0218ampon pentru p\u0103r vopsit este solu\u021bia perfect\u0103 pentru femeile care \u00ee\u0219i doresc un p\u0103r s\u0103n\u0103tos, puternic \u0219i str\u0103lucitor, chiar \u0219i dup\u0103 vopsire.<\/p>\n<h5><strong>Benefits:<\/strong><\/h5>\n<ul>\n<li>Formula unic\u0103 pe baz\u0103 de glico-ceramide: Cu ingredientul activ Bio Ceramidyl Hair, o ceramid\u0103 natural\u0103 de \u00eenalt\u0103 puritate, acest \u0219ampon ajut\u0103 la men\u021binerea integrit\u0103\u021bii barierei cutanate \u0219i la regenerarea celulelor firului de p\u0103r, conferindu-i rezisten\u021b\u0103 \u0219i hidratare.<\/li>\n<li>Protec\u021bie \u00eempotriva stresului chimic, oxidativ \u0219i a radia\u021biilor UV: Ofer\u0103 o barier\u0103 de protec\u021bie \u00eempotriva substan\u021belor chimice din vopsea, oxidan\u021bilor \u0219i radia\u021biilor UV, p\u0103str\u00e2nd s\u0103n\u0103tatea \u0219i culoarea p\u0103rului vopsit.<\/li>\n<li>Hidratare optim\u0103 de la r\u0103d\u0103cin\u0103 p\u00e2n\u0103 la v\u00e2rfuri: Formula sa avansat\u0103 asigur\u0103 o hidratare profund\u0103 a firului de p\u0103r, p\u0103trunz\u00e2nd \u00een fiecare fibr\u0103 \u0219i oferindu-i elasticitate \u0219i str\u0103lucire.<\/li>\n<li>F\u0103r\u0103 parabeni, silicon sau alcool: Formulat f\u0103r\u0103 ingrediente agresive, ofer\u0103 o \u00eengrijire delicat\u0103 \u0219i sigur\u0103 pentru p\u0103rul vopsit.<\/li>\n<li>Tensioactivi bl\u00e2nzi pentru un scalp profund hidratat: Ingredientele sale delicate cur\u0103\u021b\u0103 scalpul \u0219i p\u0103rul \u00een profunzime, f\u0103r\u0103 a afecta echilibrul natural al pielii.<\/li>\n<li>Efect antielectrostatic vizibil: Samponul previne electrizarea excesiv\u0103 a p\u0103rului, l\u0103s\u00e2ndu-l moale \u0219i u\u0219or de coafat.<\/li>\n<li>Testat clinic sub control dermatologic (conform standardelor UE): Produsul este supus unor teste riguroase pentru a garanta siguran\u021ba \u0219i eficacitatea sa.<\/li>\n<li>Cruelty-free: Respect\u0103m mediul \u00eenconjur\u0103tor \u0219i ne asigur\u0103m c\u0103 produsele noastre sunt fabricate f\u0103r\u0103 a fi testate pe animale.<\/li>\n<\/ul>\n<p style=\"color: #ffff; margin-bottom: 8px;\">.<\/p>\n<h5><strong>How to use:<\/strong><\/h5>\n<p>Pentru a ob\u021bine cele mai bune rezultate aplica\u021bi o cantitate adecvat\u0103 de \u0219ampon pe p\u0103rul ud, masa\u021bi u\u0219or scalpul pentru a permite ingredientelor active s\u0103 p\u0103trund\u0103 \u00een profunzime. L\u0103sa\u021bi s\u0103 ac\u021bioneze timp de c\u00e2teva minute, apoi cl\u0103ti\u021bi bine cu ap\u0103 c\u0103ldu\u021b\u0103. Pentru rezultate optime utiliza\u021bi produsul \u00een mod regulat, \u00een rutina de \u00eengrijire a p\u0103rului.<\/p>\n<h5><strong>Composition:<\/strong><\/h5>\n<ul>\n<li>Glico-ceramide<\/li>\n<li>Fosfolipide<\/li>\n<li>Alte ingrediente active \u0219i naturale, atent selectate pentru \u00eengrijirea complet\u0103 a p\u0103rului vopsit.<\/li>\n<\/ul>\n<p style=\"color: #ffff; margin-bottom: 8px;\">.<\/p>\n<h5><strong>Precautions:<\/strong><\/h5>\n<ul>\n<li>In case of accidental contact with the eyes, rinse with plenty of water.<\/li>\n<li>For external use only. Do not ingest.<\/li>\n<li>A nu se las\u0103 la \u00eendem\u00e2na copiilor.<\/li>\n<\/ul>\n<p style=\"color: #ffff; margin-bottom: 8px;\">.<\/p>\n<p>In case of an adverse reaction, the use should be stopped and it is recommended to seek specialized help.<\/p>","protected":false},"excerpt":{"rendered":"<p style=\"text-align: justify;\">Discover <strong>KLINTENSIV &#8211; \u0218ampon pentru p\u0103r vopsit<\/strong>, solu\u021bia perfect\u0103 pentru protejarea culorilor \u0219i hidratarea p\u0103rului deteriorat. Beneficia\u021bi de formula unic\u0103 cu glico-ceramide \u0219i Bio Ceramidyl Hair &#8211; protec\u021bie \u00eempotriva stresului chimic, oxidativ \u0219i UV, men\u021bin\u00e2nd s\u0103n\u0103tatea \u0219i culoarea intens\u0103 a p\u0103rului vopsit. Hidratare profund\u0103, f\u0103r\u0103 parabeni, silicon sau alcool \u0219i cur\u0103\u021bare delicat\u0103 pentru un scalp hidratat. Previne electrizarea excesiv\u0103, l\u0103s\u00e2nd p\u0103rul moale \u0219i u\u0219or de coafat. Testat clinic conform standardelor UE, cruelty-free. \u00cencerca\u021bi acum, pentru un p\u0103r s\u0103n\u0103tos \u0219i str\u0103lucitor!<\/p>","protected":false},"featured_media":5304,"comment_status":"open","ping_status":"closed","template":"","meta":[],"product_cat":[126,128],"product_tag":[],"class_list":{"0":"post-6034","1":"product","2":"type-product","3":"status-publish","4":"has-post-thumbnail","6":"product_cat-ingrijire-personala","7":"product_cat-sampon","9":"first","10":"instock","11":"purchasable","12":"product-type-simple"},"_links":{"self":[{"href":"https:\/\/klin.managementpro.ro\/en\/wp-json\/wp\/v2\/product\/6034","targetHints":{"allow":["GET"]}}],"collection":[{"href":"https:\/\/klin.managementpro.ro\/en\/wp-json\/wp\/v2\/product"}],"about":[{"href":"https:\/\/klin.managementpro.ro\/en\/wp-json\/wp\/v2\/types\/product"}],"replies":[{"embeddable":true,"href":"https:\/\/klin.managementpro.ro\/en\/wp-json\/wp\/v2\/comments?post=6034"}],"wp:featuredmedia":[{"embeddable":true,"href":"https:\/\/klin.managementpro.ro\/en\/wp-json\/wp\/v2\/media\/5304"}],"wp:attachment":[{"href":"https:\/\/klin.managementpro.ro\/en\/wp-json\/wp\/v2\/media?parent=6034"}],"wp:term":[{"taxonomy":"product_cat","embeddable":true,"href":"https:\/\/klin.managementpro.ro\/en\/wp-json\/wp\/v2\/product_cat?post=6034"},{"taxonomy":"product_tag","embeddable":true,"href":"https:\/\/klin.managementpro.ro\/en\/wp-json\/wp\/v2\/product_tag?post=6034"}],"curies":[{"name":"wp","href":"https:\/\/api.w.org\/{rel}","templated":true}]}}