{"id":6055,"date":"2024-07-23T16:46:17","date_gmt":"2024-07-23T16:46:17","guid":{"rendered":"https:\/\/klin.managementpro.ro\/?post_type=product&#038;p=6055"},"modified":"2024-07-23T16:46:21","modified_gmt":"2024-07-23T16:46:21","slug":"solutie-curatare-baie-500-ml","status":"publish","type":"product","link":"https:\/\/klin.managementpro.ro\/en\/product\/solutie-curatare-baie-500-ml\/","title":{"rendered":"Solutie Curatare Baie, 500 ml"},"content":{"rendered":"<p>KLINTENSIV &#8211; Solu\u021bie Cur\u0103\u021bare Baie este aliatul de \u00eencredere \u00een men\u021binerea unei b\u0103i str\u0103lucitoare, impecabile. Conceput special pentru suprafe\u021bele dure din baie, acest produs are puterea de a reda str\u0103lucirea b\u0103ii \u0219i de a igieniza eficient suprafe\u021bele.<\/p>\n<h5><strong>Benefits:<\/strong><\/h5>\n<ul>\n<li>Cur\u0103\u021bare eficient\u0103: Se elimin\u0103 cu succes murd\u0103ria \u0219i depunerile de pe suprafe\u021bele dure din baie, inclusiv gresie, faian\u021b\u0103, ceramic\u0103, elemente cromate, plastic \u0219i sticl\u0103.<\/li>\n<li>U\u0219or de utilizat: Prin intermediul unui mod simplu de pulverizare, aplicarea devine rapid\u0103 \u0219i eficient\u0103, transform\u00e2nd cur\u0103\u021barea \u00eentr-o sarcin\u0103 u\u0219oar\u0103 \u0219i pl\u0103cut\u0103.<\/li>\n<li>Compatibilitate extins\u0103: Produsul este compatibil cu majoritatea materialelor din baie, oferind rezultate de excep\u021bie pe o varietate de suprafe\u021be.<\/li>\n<li>Protec\u021bie anti-calcar: Prin utilizarea regulat\u0103 se men\u021bine baia curat\u0103 \u0219i str\u0103lucitoare pe termen lung, evit\u00e2nd acumularea depunerilor de murd\u0103rie \u0219i calcar.<\/li>\n<\/ul>\n<p style=\"color:#ffff; margin-bottom: 8px;\">.<\/p>\n<h5><strong>How to use:<\/strong><\/h5>\n<ul>\n<li>Se recomand\u0103 pulverizarea solu\u021biei pe suprafa\u021ba din baie.<\/li>\n<li>Este necesar s\u0103 se lase produsul s\u0103 ac\u021bioneze timp de c\u00e2teva minute pentru a dizolva murd\u0103ria.<\/li>\n<li>Suprafa\u021ba trebuie cur\u0103\u021bat\u0103 cu ap\u0103 cald\u0103 sau rece sub jet moderat sau cu ajutorul unei lavete curate \u00een cazul depunerilor persistente de murd\u0103rie.<\/li>\n<li>\u00cen cazul \u00een care r\u0103m\u00e2n pete de murd\u0103rie se recomand\u0103 repetarea procedurii de sp\u0103lare.<\/li>\n<li>Pentru a ob\u021bine rezultate optime se recomand\u0103 o cur\u0103\u021bare constant\u0103 a suprafe\u021belor din baie.<\/li>\n<\/ul>\n<p style=\"color:#ffff; margin-bottom: 8px;\">.<\/p>\n<h5><strong>Composition<\/strong>:<\/h5>\n<p>Formula sa avansat\u0103 combin\u0103 ingrediente puternice de cur\u0103\u021bare cu propriet\u0103\u021bi de protec\u021bie, asigur\u00e2nd rezultate de top f\u0103r\u0103 a afecta suprafe\u021bele tratate.<\/p>\n<h5><strong>Precautions:<\/strong><\/h5>\n<ul>\n<li>A se evita contactul cu ochii \u0219i pielea.<\/li>\n<li>Keep out of the reach of children.<\/li>\n<li>Se recomand\u0103 utilizarea m\u0103nu\u0219ilor de protec\u021bie pentru a proteja pielea.<\/li>\n<li>Se recomand\u0103 citirea etichetei \u00eenainte de utilizare.<\/li>\n<\/ul>","protected":false},"excerpt":{"rendered":"<p><strong>KLINTENSIV &#8211; Solu\u021bie Cur\u0103\u021bare Baie<\/strong> este conceput pentru \u00eendep\u0103rtarea eficient\u0103 a depunerilor de calcar \u0219i a murd\u0103riei. Simplu de utilizat, transform\u0103 cur\u0103\u021barea \u00eentr-o sarcin\u0103 u\u0219oar\u0103 \u0219i pl\u0103cut\u0103. Este compatibil cu o varietate de materiale din baie \u0219i protejeaz\u0103 \u00eempotriva acumul\u0103rii de calcar \u0219i murd\u0103rie pe termen lung. Formula acestui detergent pentru baie este ideal\u0103 pentru gresie, robinete, ceramic\u0103 \u0219i c\u0103zi de baie. \u00cen plus, formula este conceput\u0103 pentru a nu l\u0103sa urme.<\/p>","protected":false},"featured_media":5324,"comment_status":"open","ping_status":"closed","template":"","meta":[],"product_cat":[150,149],"product_tag":[],"class_list":{"0":"post-6055","1":"product","2":"type-product","3":"status-publish","4":"has-post-thumbnail","6":"product_cat-baie","7":"product_cat-produse-curatenie","9":"first","10":"instock","11":"purchasable","12":"product-type-simple"},"_links":{"self":[{"href":"https:\/\/klin.managementpro.ro\/en\/wp-json\/wp\/v2\/product\/6055","targetHints":{"allow":["GET"]}}],"collection":[{"href":"https:\/\/klin.managementpro.ro\/en\/wp-json\/wp\/v2\/product"}],"about":[{"href":"https:\/\/klin.managementpro.ro\/en\/wp-json\/wp\/v2\/types\/product"}],"replies":[{"embeddable":true,"href":"https:\/\/klin.managementpro.ro\/en\/wp-json\/wp\/v2\/comments?post=6055"}],"wp:featuredmedia":[{"embeddable":true,"href":"https:\/\/klin.managementpro.ro\/en\/wp-json\/wp\/v2\/media\/5324"}],"wp:attachment":[{"href":"https:\/\/klin.managementpro.ro\/en\/wp-json\/wp\/v2\/media?parent=6055"}],"wp:term":[{"taxonomy":"product_cat","embeddable":true,"href":"https:\/\/klin.managementpro.ro\/en\/wp-json\/wp\/v2\/product_cat?post=6055"},{"taxonomy":"product_tag","embeddable":true,"href":"https:\/\/klin.managementpro.ro\/en\/wp-json\/wp\/v2\/product_tag?post=6055"}],"curies":[{"name":"wp","href":"https:\/\/api.w.org\/{rel}","templated":true}]}}