{"id":6057,"date":"2024-07-23T16:46:17","date_gmt":"2024-07-23T16:46:17","guid":{"rendered":"https:\/\/klin.managementpro.ro\/?post_type=product&#038;p=6057"},"modified":"2024-07-23T16:47:23","modified_gmt":"2024-07-23T16:47:23","slug":"small-pack-curatenie-7-produse","status":"publish","type":"product","link":"https:\/\/klin.managementpro.ro\/en\/product\/small-pack-curatenie-7-produse\/","title":{"rendered":"Small Pack: CUR\u0102\u021aENIE &#8211; 7 produse"},"content":{"rendered":"<p>Descoper\u0103 pachetul complet pentru o cur\u0103\u021benie eficient\u0103 \u00een \u00eentreaga cas\u0103 cu Pachetul de Cur\u0103\u021benie Multisuprafa\u021b\u0103 de la Klintensiv! Acest pachet con\u021bine \u0219apte produse de \u00eenalt\u0103 calitate, fiecare fiind special conceput pentru a asigura o cur\u0103\u021benie profund\u0103 \u0219i eficient\u0103 \u00een diferite zone ale casei tale. Iat\u0103 descrierea fiec\u0103rui produs inclus \u00een acest pachet:<\/p>\n<p><strong><a href=\"https:\/\/klintensiv.ro\/produs\/detartrant-wc-gel-750ml\/\">Klintensiv Detartrant Gel WC 750 ml<\/a><\/strong><br \/>\nElimin\u0103 depunerile de calcar \u0219i mirosurile nepl\u0103cute din toaleta ta cu ajutorul acestui gel puternic. Formula sa dens\u0103 ac\u021bioneaz\u0103 rapid, asigur\u00e2nd o toalet\u0103 curat\u0103 \u0219i igienizat\u0103.<\/p>\n<p><strong><a href=\"https:\/\/klintensiv.ro\/produs\/detergent-universal-baie-500ml\/\">Klintensiv Solutie Curatare Baie 500 ml<\/a><\/strong><br \/>\nPentru o baie str\u0103lucitoare \u0219i impecabil\u0103, folose\u0219te solu\u021bia noastr\u0103 pentru cur\u0103\u021barea suprafe\u021belor din baie. Elimin\u0103 cu u\u0219urin\u021b\u0103 petele de s\u0103pun, depunerile de calcar \u0219i murd\u0103ria, l\u0103s\u00e2nd o arom\u0103 proasp\u0103t\u0103 \u00een baie.<\/p>\n<p><strong><a href=\"https:\/\/klintensiv.ro\/produs\/degresant-bucatarie-500-ml\/\">Klintensiv Solu\u021bie Cur\u0103\u021bare Bucatarie 500 ml<\/a><\/strong><br \/>\nAsigur\u0103 igiena \u0219i prospe\u021bimea \u00een buc\u0103t\u0103rie cu solu\u021bia noastr\u0103 eficient\u0103 pentru cur\u0103\u021barea suprafe\u021belor din buc\u0103t\u0103rie. Elimin\u0103 gr\u0103simea, murd\u0103ria \u0219i petele de m\u00e2ncare, l\u0103s\u00e2nd o suprafa\u021b\u0103 curat\u0103 \u0219i str\u0103lucitoare.<\/p>\n<p><strong>\u00a0<a href=\"https:\/\/klintensiv.ro\/produs\/detergent-universal-pardoseli-1-litru\/\">Klintensiv Solu\u021bie Cur\u0103\u021bare Pardoseli 1 L<\/a><\/strong><br \/>\nPentru pardoseli impecabile \u0219i curate, folose\u0219te solu\u021bia noastr\u0103 concentrat\u0103 pentru cur\u0103\u021barea pardoselilor. Formula sa puternic\u0103 \u00eendep\u0103rteaz\u0103 murd\u0103ria \u0219i petele, l\u0103s\u00e2nd o arom\u0103 proasp\u0103t\u0103 \u0219i un luciu impecabil.<\/p>\n<p><strong>\u00a0<a href=\"https:\/\/klintensiv.ro\/produs\/solutie-geamuri-500ml\/\">Klintensiv Solu\u021bie Cur\u0103\u021bare Geamuri 500 ml<\/a><\/strong><br \/>\nOb\u021bine geamuri \u0219i oglinzi str\u0103lucitoare \u0219i f\u0103r\u0103 urme cu solu\u021bia noastr\u0103 special formulat\u0103 pentru cur\u0103\u021barea geamurilor. Formula sa eficient\u0103 elimin\u0103 murd\u0103ria \u0219i gr\u0103simea, asigur\u00e2nd o cur\u0103\u021benie f\u0103r\u0103 d\u00e2re \u0219i cu un luciu perfect.<\/p>\n<p><strong><a href=\"https:\/\/klintensiv.ro\/produs\/solutie-curatare-electrocasnice-bucatarie-500-ml\/\">Klintensiv Solu\u021bie Electrocasnice Bucatarie 500 ml<\/a><\/strong><br \/>\nProtejeaz\u0103 \u0219i igienizeaz\u0103 electrocasnicele din buc\u0103t\u0103rie cu solu\u021bia noastr\u0103 special formulat\u0103 pentru acestea. Formula sa delicat\u0103 \u00eendep\u0103rteaz\u0103 eficient murd\u0103ria \u00eent\u0103rit\u0103, petele \u0219i gr\u0103simea, asigur\u00e2nd func\u021bionarea optim\u0103 a aparatelor.<\/p>\n<p><strong><a href=\"https:\/\/klintensiv.ro\/produs\/detergent-spalare-vase-500ml\/\">Klintensiv Detergent Vase 500 ml<\/a><\/strong><br \/>\nOb\u021bine vase str\u0103lucitoare \u0219i curate cu ajutorul detergentului nostru eficient pentru vase. Formula sa concentrat\u0103 elimin\u0103 rapid m\u00e2ncarea \u00eent\u0103rit\u0103 \u0219i gr\u0103simea, l\u0103s\u00e2nd vasele impecabile \u0219i f\u0103r\u0103 urme.<\/p>\n<p>Transform\u0103-\u021bi casa \u00eentr-un spa\u021biu impecabil de curat \u0219i parfumat cu Pachetul de Cur\u0103\u021benie Multisuprafa\u021b\u0103 de la Klintensiv! Comand\u0103 acum \u0219i bucur\u0103-te de o cur\u0103\u021benie impecabil\u0103 \u00een fiecare col\u021b al casei tale!<\/p>","protected":false},"excerpt":{"rendered":"<p>Un pachet complet de curatenie pentru intreaga casa.<\/p>","protected":false},"featured_media":5763,"comment_status":"open","ping_status":"closed","template":"","meta":[],"product_cat":[150,151,208,149],"product_tag":[],"class_list":{"0":"post-6057","1":"product","2":"type-product","3":"status-publish","4":"has-post-thumbnail","6":"product_cat-baie","7":"product_cat-bucatarie","8":"product_cat-oferte","9":"product_cat-produse-curatenie","11":"first","12":"instock","13":"shipping-taxable","14":"purchasable","15":"product-type-simple"},"_links":{"self":[{"href":"https:\/\/klin.managementpro.ro\/en\/wp-json\/wp\/v2\/product\/6057","targetHints":{"allow":["GET"]}}],"collection":[{"href":"https:\/\/klin.managementpro.ro\/en\/wp-json\/wp\/v2\/product"}],"about":[{"href":"https:\/\/klin.managementpro.ro\/en\/wp-json\/wp\/v2\/types\/product"}],"replies":[{"embeddable":true,"href":"https:\/\/klin.managementpro.ro\/en\/wp-json\/wp\/v2\/comments?post=6057"}],"wp:featuredmedia":[{"embeddable":true,"href":"https:\/\/klin.managementpro.ro\/en\/wp-json\/wp\/v2\/media\/5763"}],"wp:attachment":[{"href":"https:\/\/klin.managementpro.ro\/en\/wp-json\/wp\/v2\/media?parent=6057"}],"wp:term":[{"taxonomy":"product_cat","embeddable":true,"href":"https:\/\/klin.managementpro.ro\/en\/wp-json\/wp\/v2\/product_cat?post=6057"},{"taxonomy":"product_tag","embeddable":true,"href":"https:\/\/klin.managementpro.ro\/en\/wp-json\/wp\/v2\/product_tag?post=6057"}],"curies":[{"name":"wp","href":"https:\/\/api.w.org\/{rel}","templated":true}]}}