{"id":6059,"date":"2024-07-23T16:46:17","date_gmt":"2024-07-23T16:46:17","guid":{"rendered":"https:\/\/klin.managementpro.ro\/?post_type=product&#038;p=6059"},"modified":"2024-07-23T16:47:14","modified_gmt":"2024-07-23T16:47:14","slug":"pachet-curatenie-bucatarie-8-produse","status":"publish","type":"product","link":"https:\/\/klin.managementpro.ro\/en\/product\/pachet-curatenie-bucatarie-8-produse\/","title":{"rendered":"Pachet Curatenie BUCATARIE &#8211; 8 Produse"},"content":{"rendered":"<p>Descoper\u0103 secretul unei buc\u0103t\u0103rii impecabile \u0219i str\u0103lucitoare cu Pachetul de Cur\u0103\u021benie pentru Buc\u0103t\u0103rie de la Klintensiv! Acest pachet con\u021bine opt produse de \u00eenalt\u0103 calitate, fiecare fiind special conceput pentru a asigura o cur\u0103\u021benie profund\u0103 \u0219i eficient\u0103 \u00een buc\u0103t\u0103rie. Iat\u0103 descrierea fiec\u0103rui produs inclus \u00een acest pachet:<\/p>\n<p><a href=\"https:\/\/klintensiv.ro\/produs\/degresant-bucatarie-500-ml\/\"><strong>Klintensiv \u2013 Degresant Bucatarie 500 ml<\/strong><\/a><br \/>\nElimin\u0103 gr\u0103simea \u0219i murd\u0103ria cu u\u0219urin\u021b\u0103 din buc\u0103t\u0103rie cu degresantul nostru puternic. Formula sa avansat\u0103 dizolv\u0103 rapid reziduurile de gr\u0103sime \u0219i m\u00e2ncare, l\u0103s\u00e2nd suprafe\u021bele curate \u0219i str\u0103lucitoare.<\/p>\n<p><a href=\"https:\/\/klintensiv.ro\/produs\/degresant-cuptor-500ml\/\"><strong>Klintensiv \u2013 Solutie Curatare Cuptor 500 ml<\/strong><\/a><br \/>\nPentru un cuptor impecabil, folose\u0219te solu\u021bia noastr\u0103 special formulat\u0103 pentru cur\u0103\u021barea cuptorului. Aceast\u0103 solu\u021bie puternic\u0103 elimin\u0103 reziduurile de m\u00e2ncare ars\u0103 \u0219i depunerile de gr\u0103sime, asigur\u00e2nd o cur\u0103\u021bare f\u0103r\u0103 efort.<\/p>\n<p><a href=\"https:\/\/klintensiv.ro\/produs\/detergent-spalare-vase-500ml\/\"><strong>Klintensiv \u2013 Detergent Vase 500ml<\/strong><\/a><br \/>\nPentru vase str\u0103lucitoare \u0219i curate, alege detergentul nostru eficient pentru vase. Formula sa concentrat\u0103 elimin\u0103 rapid m\u00e2ncarea \u00eent\u0103rit\u0103 \u0219i gr\u0103simea, l\u0103s\u00e2nd vasele impecabile \u0219i f\u0103r\u0103 urme.<\/p>\n<p><a href=\"https:\/\/klintensiv.ro\/produs\/solutie-curatare-teflon-500-ml\/\"><strong>Klintensiv \u2013 Solutie Curatare Teflon 500 ml<\/strong><\/a><br \/>\nProtejeaz\u0103 suprafe\u021bele delicate de teflon cu solu\u021bia noastr\u0103 special creat\u0103 pentru cur\u0103\u021barea teflonului. Aceast\u0103 solu\u021bie delicat\u0103 \u00eendep\u0103rteaz\u0103 murd\u0103ria f\u0103r\u0103 a afecta stratul de teflon, p\u0103str\u00e2nd suprafa\u021ba str\u0103lucitoare \u0219i intact\u0103.<\/p>\n<p><a href=\"https:\/\/klintensiv.ro\/produs\/solutie-plita-vitroceramica-500-ml\/\"><strong>Klintensiv \u2013 Solutie Plita Vitroceramica 500 ml<\/strong><\/a><br \/>\nPentru o plit\u0103 vitroceramic\u0103 str\u0103lucitoare, folose\u0219te solu\u021bia noastr\u0103 special conceput\u0103 pentru cur\u0103\u021barea acestui tip de plit\u0103. Formula sa delicat\u0103 \u00eendep\u0103rteaz\u0103 eficient depunerile de m\u00e2ncare \u0219i urmele de gr\u0103sime, l\u0103s\u00e2nd o suprafa\u021b\u0103 curat\u0103 \u0219i str\u0103lucitoare.<\/p>\n<p><a href=\"https:\/\/klintensiv.ro\/produs\/solutie-inox-500ml\/\"><strong>Klintensiv \u2013 Solutie Curatare Inox 500 ml<\/strong><\/a><br \/>\nPentru electrocasnice si orice alte suprafe\u021be din inox, utilizeaz\u0103 solu\u021bia formula noastr\u0103 pentru cur\u0103\u021barea acestui tip de suprafa\u021b\u0103. Formula este delicat\u0103, \u00eendep\u0103rteaz\u0103 eficient urmele de degete, petele \u0219i murd\u0103ria, l\u0103s\u00e2nd o suprafa\u021b\u0103 str\u0103lucitoare \u0219i f\u0103r\u0103 urme.<\/p>\n<p><a href=\"https:\/\/klintensiv.ro\/produs\/solutie-curatare-electrocasnice-bucatarie-500-ml\/\"><strong>Klintensiv \u2013 Solutie Curatare Electrocasnice Bucatarie 500 ml<\/strong><\/a><br \/>\nCur\u0103\u021b\u0103 \u00een profunzime electrocasnicele din buc\u0103t\u0103rie cu solu\u021bia noastr\u0103 special\u0103 pentru acestea. Formula este eficient\u0103, \u00eendep\u0103rteaz\u0103 depunerile \u00eent\u0103rite, petele \u0219i gr\u0103simea, asigur\u00e2nd func\u021bionarea optim\u0103 a aparatelor.<\/p>\n<p><a href=\"https:\/\/klintensiv.ro\/produs\/degresant-cu-bicarbonat-500-ml\/\"><strong>Klintensiv \u2013 Degresant Cu Bicarbonat 500 ml<\/strong><\/a><br \/>\nOb\u021bine o cur\u0103\u021benie puternic\u0103 \u0219i natural\u0103 cu degresantul nostru cu bicarbonat. Formula sa prietenoas\u0103 cu mediul \u00eenconjur\u0103tor \u00eendep\u0103rteaz\u0103 gr\u0103simea \u0219i murd\u0103ria, l\u0103s\u00e2nd o arom\u0103 proasp\u0103t\u0103 \u0219i un luciu impecabil.<\/p>\n<p>&nbsp;<\/p>\n<p>Transform\u0103-\u021bi buc\u0103t\u0103ria \u00eentr-un spa\u021biu de g\u0103tit impecabil cu ajutorul Pachetului de Cur\u0103\u021benie pentru Buc\u0103t\u0103rie de la Klintensiv! Comand\u0103 acum \u0219i bucur\u0103-te de o cur\u0103\u021benie impecabil\u0103 \u00een fiecare col\u021b al buc\u0103t\u0103riei tale!<\/p>\n<p>&nbsp;<\/p>","protected":false},"excerpt":{"rendered":"<p>Fara pete in bucatarie, cu ajutorul noului pachet cu produse de curatenie.<\/p>","protected":false},"featured_media":5705,"comment_status":"open","ping_status":"closed","template":"","meta":[],"product_cat":[151,208,149],"product_tag":[],"class_list":{"0":"post-6059","1":"product","2":"type-product","3":"status-publish","4":"has-post-thumbnail","6":"product_cat-bucatarie","7":"product_cat-oferte","8":"product_cat-produse-curatenie","10":"first","11":"instock","12":"shipping-taxable","13":"purchasable","14":"product-type-simple"},"_links":{"self":[{"href":"https:\/\/klin.managementpro.ro\/en\/wp-json\/wp\/v2\/product\/6059","targetHints":{"allow":["GET"]}}],"collection":[{"href":"https:\/\/klin.managementpro.ro\/en\/wp-json\/wp\/v2\/product"}],"about":[{"href":"https:\/\/klin.managementpro.ro\/en\/wp-json\/wp\/v2\/types\/product"}],"replies":[{"embeddable":true,"href":"https:\/\/klin.managementpro.ro\/en\/wp-json\/wp\/v2\/comments?post=6059"}],"wp:featuredmedia":[{"embeddable":true,"href":"https:\/\/klin.managementpro.ro\/en\/wp-json\/wp\/v2\/media\/5705"}],"wp:attachment":[{"href":"https:\/\/klin.managementpro.ro\/en\/wp-json\/wp\/v2\/media?parent=6059"}],"wp:term":[{"taxonomy":"product_cat","embeddable":true,"href":"https:\/\/klin.managementpro.ro\/en\/wp-json\/wp\/v2\/product_cat?post=6059"},{"taxonomy":"product_tag","embeddable":true,"href":"https:\/\/klin.managementpro.ro\/en\/wp-json\/wp\/v2\/product_tag?post=6059"}],"curies":[{"name":"wp","href":"https:\/\/api.w.org\/{rel}","templated":true}]}}