{"id":6061,"date":"2024-07-23T16:46:18","date_gmt":"2024-07-23T16:46:18","guid":{"rendered":"https:\/\/klin.managementpro.ro\/?post_type=product&#038;p=6061"},"modified":"2024-07-23T16:46:21","modified_gmt":"2024-07-23T16:46:21","slug":"solutie-curatare-inox-500-ml","status":"publish","type":"product","link":"https:\/\/klin.managementpro.ro\/en\/product\/solutie-curatare-inox-500-ml\/","title":{"rendered":"Solutie curatare inox, 500 ml"},"content":{"rendered":"<p>KLINTENSIV \u2013 Solu\u021bie cur\u0103\u021bare inox este un aliat de \u00eencredere \u00een lupta \u00eempotriva murd\u0103riei \u0219i a gr\u0103similor de pe suprafe\u021bele metalice. Formulat\u0103 ingenios, pentru a oferi rezultate impecabile, aceast\u0103 solu\u021bie de cur\u0103\u021bare este esen\u021bial\u0103 \u00een orice gospod\u0103rie sau mediu profesional. Produsul nu decoloreaz\u0103, nu las\u0103 urme \u015fi nu zg\u00e2rie suprafa\u0163a.<\/p>\n<h5><strong>Beneficii<\/strong>:<\/h5>\n<ul>\n<li>Cur\u0103\u021bare \u0219i degresare rapid\u0103: Indiferent de c\u00e2t de \u00eenc\u0103p\u0103\u021b\u00e2nat\u0103 este murd\u0103ria, solu\u021bia KLINTENSIV este gata s\u0103 o neutralizeze, degres\u00e2nd \u00een mod eficient \u0219i \u00eentr-un timp scurt.<\/li>\n<li>Eficien\u021b\u0103 demonstrat\u0103: De la petele de ulei \u0219i gr\u0103simi p\u00e2n\u0103 la depunerile de calcar \u0219i amprente, aceast\u0103 solu\u021bie elimin\u0103 fiecare urm\u0103 de murd\u0103rie.<\/li>\n<li>U\u0219or de utilizat: Aplica\u021bi produsul direct pe suprafa\u021ba dorit\u0103, lasa\u021bi-l s\u0103 ac\u021bioneze timp de 30-90 de secunde, apoi \u0219terge\u021bi cu o lavet\u0103 curat\u0103 \u0219i uscat\u0103.<\/li>\n<li>Versatilitate: Ideal pentru utilizarea \u00een buc\u0103t\u0103rie, baie sau \u00een echipamentele profesionale din restaurante, produsul se adapteaz\u0103 perfect la orice mediu.<\/li>\n<li>Compatibilitate: Produsul este compatibil cu majoritatea suprafe\u021belor metalice din inox, fie c\u0103 sunt mate sau lucioase, solu\u021bia nu decoloreaz\u0103 \u0219i nu las\u0103 urme.<\/li>\n<\/ul>\n<p style=\"color: #ffff; margin-bottom: 8px;\">.<\/p>\n<h5><strong>How to use:<\/strong><\/h5>\n<ul>\n<li>Produsul se aplic\u0103 direct pe suprafa\u021ba metalic\u0103 din inox, apoi se las\u0103 s\u0103 ac\u021bioneze timp de 30-90 de secunde pentru rezultate optime.<\/li>\n<li>Pentru a ob\u021bine o str\u0103lucire impecabil\u0103 se \u0219terge cu o lavet\u0103 curat\u0103 \u0219i uscat\u0103.<\/li>\n<\/ul>\n<p style=\"color: #ffff; margin-bottom: 8px;\">.<\/p>\n<h5><strong>Composition:<\/strong><\/h5>\n<p>Formula sa special\u0103 combin\u0103 ingrediente puternice de cur\u0103\u021bare pentru a oferi rezultate de excep\u021bie, f\u0103r\u0103 a afecta suprafa\u021ba tratat\u0103.<\/p>\n<h5><strong>Precautions:<\/strong><\/h5>\n<ul>\n<li>A se evita contactul cu ochii. \u00cen caz de contact este necesar\u0103 cl\u0103tirea imediat\u0103 cu ap\u0103 \u0219i se recomand\u0103 consultarea unui medic.<\/li>\n<li>A se p\u0103stra departe de copii \u0219i animale de companie.<\/li>\n<li>A nu se ingera. \u00cen caz de \u00eenghi\u021bire accidental\u0103 este necesar\u0103 consultarea imediat\u0103 a unui medic.<\/li>\n<\/ul>","protected":false},"excerpt":{"rendered":"<p>Bucura\u021bi-v\u0103 de o str\u0103lucire impecabil\u0103 pentru toate suprafe\u021bele metalice cu ajutorul <strong>KLINTENSIV \u2013 Solu\u021bie cur\u0103\u021bare inox<\/strong>, cu o formul\u0103 unic\u0103, f\u0103r\u0103 cl\u0103tire, pentru a \u00eendep\u0103rta murd\u0103ria f\u0103r\u0103 efort, economisind timp \u0219i ap\u0103. Compatibil cu majoritatea suprafe\u021belor metalice din inox, fie c\u0103 sunt mate sau lucioase, produsul nu decoloreaz\u0103 \u0219i nu las\u0103 urme, garant\u00e2nd un rezultat impecabil de fiecare dat\u0103.<\/p>","protected":false},"featured_media":5351,"comment_status":"open","ping_status":"closed","template":"","meta":[],"product_cat":[151,149],"product_tag":[],"class_list":{"0":"post-6061","1":"product","2":"type-product","3":"status-publish","4":"has-post-thumbnail","6":"product_cat-bucatarie","7":"product_cat-produse-curatenie","9":"first","10":"instock","11":"purchasable","12":"product-type-simple"},"_links":{"self":[{"href":"https:\/\/klin.managementpro.ro\/en\/wp-json\/wp\/v2\/product\/6061","targetHints":{"allow":["GET"]}}],"collection":[{"href":"https:\/\/klin.managementpro.ro\/en\/wp-json\/wp\/v2\/product"}],"about":[{"href":"https:\/\/klin.managementpro.ro\/en\/wp-json\/wp\/v2\/types\/product"}],"replies":[{"embeddable":true,"href":"https:\/\/klin.managementpro.ro\/en\/wp-json\/wp\/v2\/comments?post=6061"}],"wp:featuredmedia":[{"embeddable":true,"href":"https:\/\/klin.managementpro.ro\/en\/wp-json\/wp\/v2\/media\/5351"}],"wp:attachment":[{"href":"https:\/\/klin.managementpro.ro\/en\/wp-json\/wp\/v2\/media?parent=6061"}],"wp:term":[{"taxonomy":"product_cat","embeddable":true,"href":"https:\/\/klin.managementpro.ro\/en\/wp-json\/wp\/v2\/product_cat?post=6061"},{"taxonomy":"product_tag","embeddable":true,"href":"https:\/\/klin.managementpro.ro\/en\/wp-json\/wp\/v2\/product_tag?post=6061"}],"curies":[{"name":"wp","href":"https:\/\/api.w.org\/{rel}","templated":true}]}}