{"id":6063,"date":"2024-07-23T16:46:18","date_gmt":"2024-07-23T16:46:18","guid":{"rendered":"https:\/\/klin.managementpro.ro\/?post_type=product&#038;p=6063"},"modified":"2024-07-23T16:46:21","modified_gmt":"2024-07-23T16:46:21","slug":"degresant-bucatarie-500-ml","status":"publish","type":"product","link":"https:\/\/klin.managementpro.ro\/en\/product\/degresant-bucatarie-500-ml\/","title":{"rendered":"Degresant bucatarie, 500 ml"},"content":{"rendered":"<p>Descoperi\u021bi puterea KLINTENSIV \u2013 Degresant buc\u0103t\u0103rie, arma secret\u0103 \u00eempotriva depunerilor de murd\u0103rie \u0219i resturilor de alimentare care pot pune \u00een pericol str\u0103lucirea buc\u0103t\u0103riei \u0219i s\u0103n\u0103tatea celor din jur. Conceput pentru a face fa\u021b\u0103 celor mai dure provoc\u0103ri de cur\u0103\u021bare, acest degresant garanteaz\u0103 o igienizare corect\u0103 pentru buc\u0103t\u0103ria dumneavoastr\u0103.<\/p>\n<h5><strong>Benefits:<\/strong><\/h5>\n<ul>\n<li>Cur\u0103\u021bare puternic\u0103: Elimin\u0103 eficient depunerile de murd\u0103rie, resturile de alimente \u0219i gr\u0103simile, l\u0103s\u00e2nd suprafe\u021bele curate \u0219i str\u0103lucitoare.<\/li>\n<li>Prospe\u021bime: Asigur\u0103 prospe\u021bimea \u0219i igiena suprafe\u021belor, transform\u00e2nd buc\u0103t\u0103ria \u00eentr-un spa\u021biu primitor, \u00eenc\u00e2nt\u0103tor.<\/li>\n<li>U\u0219or de folosit: Cu un mod simplu de utilizare, acest degresant devine un partener de \u00eencredere \u00een rutina de cur\u0103\u021benie.<\/li>\n<li>Versatilitate: Potrivit pentru o varietate de suprafe\u021be precum emailul, inoxul, metalul cromat, aluminiul, cuprul, zincul, sticla, plasticul \u0219i por\u021belanul.<\/li>\n<li>Siguran\u021b\u0103 garantat\u0103: Formula sa puternic\u0103, dar delicat\u0103, este sigur\u0103 pentru m\u00e2ini \u0219i pentru suprafe\u021bele tratate, oferind o experien\u021b\u0103 de cur\u0103\u021bare f\u0103r\u0103 griji.<\/li>\n<\/ul>\n<p style=\"color:#ffff; margin-bottom: 8px;\">.<\/p>\n<h5><strong>How to use:<\/strong><\/h5>\n<ul>\n<li>Se recomand\u0103 pulverizarea solu\u021biei de degresare pe \u00eentreaga suprafa\u021b\u0103.<\/li>\n<li>Este necesar s\u0103 se lase produsul s\u0103 ac\u021bioneze timp de 30-45 de secunde pentru a dizolva murd\u0103ria \u0219i gr\u0103simea.<\/li>\n<li>Suprafa\u021ba trebuie cur\u0103\u021bat\u0103 cu o lavet\u0103 sau un burete, frec\u00e2nd pentru a \u00eendep\u0103rta murd\u0103ria.<\/li>\n<li>Dup\u0103 utilizare este important s\u0103 se cl\u0103teasc\u0103 bine cu ap\u0103.<\/li>\n<li>\u00cen cazul \u00een care sunt depozite persistente de murd\u0103rie se recomand\u0103 repetarea procedurii.<\/li>\n<li>Pentru protejarea m\u00e2inilor se recomand\u0103 utilizarea m\u0103nu\u0219ilor de protec\u021bie.<\/li>\n<\/ul>\n<p style=\"color:#ffff; margin-bottom: 8px;\">.<\/p>\n<h5><strong>Composition: <\/strong><\/h5>\n<p>Formula sa puternic\u0103 combin\u0103 ingrediente de cur\u0103\u021bare de \u00eencredere, asigur\u00e2nd rezultate de top f\u0103r\u0103 a afecta suprafe\u021bele tratate.<\/p>\n<h5><strong>Precautions:<\/strong><\/h5>\n<ul>\n<li>A se evita contactul cu ochii \u0219i pielea.<\/li>\n<li>Keep out of the reach of children.<\/li>\n<li>Se recomand\u0103 utilizarea m\u0103nu\u0219ilor de protec\u021bie pentru a proteja pielea.<\/li>\n<li>Se recomand\u0103 citirea etichetei \u00eenainte de utilizare.<\/li>\n<\/ul>","protected":false},"excerpt":{"rendered":"<p>Elimina\u021bi depunerile de murd\u0103rie, gr\u0103sime, proteine sau amidon de pe suprafe\u021be cu ajutorul <strong>KLINTENSIV \u2013 Degresant buc\u0103t\u0103rie.<\/strong> Beneficia\u021bi de o cur\u0103\u021bare puternic\u0103, prospe\u021bime \u0219i igien\u0103 garantat\u0103. Folosirea sa este simpl\u0103 \u0219i sigur\u0103, iar versatilitatea sa \u00eel face potrivit pentru diverse suprafe\u021be. Formula sa delicat\u0103 este prietenoas\u0103 cu m\u00e2inile \u0219i cu suprafe\u021bele tratate, oferind o experien\u021b\u0103 de cur\u0103\u021bare f\u0103r\u0103 griji.<\/p>","protected":false},"featured_media":5353,"comment_status":"open","ping_status":"closed","template":"","meta":[],"product_cat":[151,149],"product_tag":[],"class_list":{"0":"post-6063","1":"product","2":"type-product","3":"status-publish","4":"has-post-thumbnail","6":"product_cat-bucatarie","7":"product_cat-produse-curatenie","9":"first","10":"instock","11":"purchasable","12":"product-type-simple"},"_links":{"self":[{"href":"https:\/\/klin.managementpro.ro\/en\/wp-json\/wp\/v2\/product\/6063","targetHints":{"allow":["GET"]}}],"collection":[{"href":"https:\/\/klin.managementpro.ro\/en\/wp-json\/wp\/v2\/product"}],"about":[{"href":"https:\/\/klin.managementpro.ro\/en\/wp-json\/wp\/v2\/types\/product"}],"replies":[{"embeddable":true,"href":"https:\/\/klin.managementpro.ro\/en\/wp-json\/wp\/v2\/comments?post=6063"}],"wp:featuredmedia":[{"embeddable":true,"href":"https:\/\/klin.managementpro.ro\/en\/wp-json\/wp\/v2\/media\/5353"}],"wp:attachment":[{"href":"https:\/\/klin.managementpro.ro\/en\/wp-json\/wp\/v2\/media?parent=6063"}],"wp:term":[{"taxonomy":"product_cat","embeddable":true,"href":"https:\/\/klin.managementpro.ro\/en\/wp-json\/wp\/v2\/product_cat?post=6063"},{"taxonomy":"product_tag","embeddable":true,"href":"https:\/\/klin.managementpro.ro\/en\/wp-json\/wp\/v2\/product_tag?post=6063"}],"curies":[{"name":"wp","href":"https:\/\/api.w.org\/{rel}","templated":true}]}}