{"id":6065,"date":"2024-07-23T16:46:18","date_gmt":"2024-07-23T16:46:18","guid":{"rendered":"https:\/\/klin.managementpro.ro\/?post_type=product&#038;p=6065"},"modified":"2024-07-23T16:46:22","modified_gmt":"2024-07-23T16:46:22","slug":"solutie-curatare-geamuri-500-ml","status":"publish","type":"product","link":"https:\/\/klin.managementpro.ro\/en\/product\/solutie-curatare-geamuri-500-ml\/","title":{"rendered":"Solutie curatare geamuri, 500 ml"},"content":{"rendered":"<p>Gata s\u0103 experimenta\u021bi o transparen\u021b\u0103 impecabil\u0103 \u0219i o str\u0103lucire de invidiat? Solu\u021bia noastr\u0103 de cur\u0103\u021bare geamuri este formulat\u0103 pentru a elimina cu succes chiar \u0219i cele mai \u00eenc\u0103p\u0103\u021b\u00e2nate pete \u0219i urme de murd\u0103rie, fiind partenerul perfect pentru men\u021binerea geamurilor, oglinzilor, ecranelor TV \u0219i monitoarelor \u00eentr-o stare impecabil\u0103.<\/p>\n<h5><strong>Benefits:<\/strong><\/h5>\n<ul>\n<li>Performan\u021b\u0103 de top: Datorit\u0103 formulei avansate fiecare suprafa\u021b\u0103 din sticl\u0103 va str\u0103luci de cur\u0103\u021benie.<\/li>\n<li>Versatilitate neegalat\u0103: Poate fi folosit cu \u00eencredere pe o varietate de materiale, precum o\u021bel inoxidabil, metale cromate \/ vopsite, cupru, aluminiu, zinc, sticl\u0103, plastic, cauciuc \/ silicon, lemn natural sau acoperit.<\/li>\n<li>U\u0219or de folosit: Pur \u0219i simplu se pulverizeaz\u0103 \u0219i se \u0219terge pentru a \u00eendep\u0103rta rapid murd\u0103ria \u0219i urmele, f\u0103r\u0103 a fi necesar\u0103 cl\u0103tirea ulterioar\u0103.<\/li>\n<\/ul>\n<p style=\"color:#ffff; margin-bottom: 8px;\">.<\/p>\n<h5><strong>How to use:<\/strong><\/h5>\n<ul>\n<li>Se pulverizeaz\u0103 solu\u021bia direct pe suprafa\u021ba de sticl\u0103 sau pe o lavet\u0103 textil\u0103.<\/li>\n<li>Murd\u0103ria \u0219i petele sunt \u00eendep\u0103rtate folosind mi\u0219c\u0103ri circulare sau \u00een linii drepte.<\/li>\n<li>Se \u0219terge cu o lavet\u0103 textil\u0103 curat\u0103 \u0219i uscat\u0103 p\u00e2n\u0103 c\u00e2nd suprafa\u021ba devine str\u0103lucitoare.<\/li>\n<li>Nu este necesar\u0103 cl\u0103tirea ulterioar\u0103.<\/li>\n<\/ul>\n<p style=\"color:#ffff; margin-bottom: 8px;\">.<\/p>\n<h5><strong>Precautions:<\/strong><\/h5>\n<ul>\n<li>A se evita contactul cu ochii. \u00cen caz de contact este necesar\u0103 cl\u0103tirea imediat\u0103 cu ap\u0103 \u0219i se recomand\u0103 consultarea unui medic.<\/li>\n<li>A se p\u0103stra departe de copii \u0219i animale de companie.<\/li>\n<li>A nu se ingera. \u00cen caz de \u00eenghi\u021bire accidental\u0103 este necesar\u0103 consultarea imediat\u0103 a unui medic.<\/li>\n<\/ul>\n<p style=\"color:#ffff; margin-bottom: 8px;\">.<\/p>\n<p>Aplica\u021bi cu \u00eencredere \u0219i ob\u021bine\u021bi rezultate impecabile cu solu\u021bia Klintensiv de cur\u0103\u021bare geamuri!<\/p>","protected":false},"excerpt":{"rendered":"<p>\u00cendep\u0103rta\u021bi eficient petele, amprentele \u0219i murd\u0103ria de pe suprafe\u021bele din sticl\u0103 cu ajutorul <strong>KLINTENSIV &#8211; Solu\u021bie cur\u0103\u021bare geamuri<\/strong>. Formula sa avansat\u0103 garanteaz\u0103 performan\u021b\u0103 de top, l\u0103s\u00e2nd fiecare suprafa\u021b\u0103 impecabil\u0103. Versatilitatea neegalat\u0103 permite utilizarea sa pe diverse materiale, de la geamuri \u0219i oglinzi la ecrane TV sau monitoare. Creat pentru a fi c\u00e2t mai versatil, acest produs este proiectat pentru a oferi cur\u0103\u021bare rapid\u0103 \u0219i eficient\u0103 la domiciliu, furniz\u00e2nd o solu\u021bie de \u00eenalt\u0103 performan\u021b\u0103 pentru cur\u0103\u021barea at\u00e2t a suprafe\u021belor interioare, c\u00e2t \u0219i a celor exterioare. Formula f\u0103r\u0103 reziduuri asigur\u0103 un finisaj f\u0103r\u0103 urme, \u00eembun\u0103t\u0103\u021bind estetica ferestrelor.<\/p>","protected":false},"featured_media":5355,"comment_status":"open","ping_status":"closed","template":"","meta":[],"product_cat":[149,152],"product_tag":[],"class_list":{"0":"post-6065","1":"product","2":"type-product","3":"status-publish","4":"has-post-thumbnail","6":"product_cat-produse-curatenie","7":"product_cat-spatii-comune","9":"first","10":"instock","11":"purchasable","12":"product-type-simple"},"_links":{"self":[{"href":"https:\/\/klin.managementpro.ro\/en\/wp-json\/wp\/v2\/product\/6065","targetHints":{"allow":["GET"]}}],"collection":[{"href":"https:\/\/klin.managementpro.ro\/en\/wp-json\/wp\/v2\/product"}],"about":[{"href":"https:\/\/klin.managementpro.ro\/en\/wp-json\/wp\/v2\/types\/product"}],"replies":[{"embeddable":true,"href":"https:\/\/klin.managementpro.ro\/en\/wp-json\/wp\/v2\/comments?post=6065"}],"wp:featuredmedia":[{"embeddable":true,"href":"https:\/\/klin.managementpro.ro\/en\/wp-json\/wp\/v2\/media\/5355"}],"wp:attachment":[{"href":"https:\/\/klin.managementpro.ro\/en\/wp-json\/wp\/v2\/media?parent=6065"}],"wp:term":[{"taxonomy":"product_cat","embeddable":true,"href":"https:\/\/klin.managementpro.ro\/en\/wp-json\/wp\/v2\/product_cat?post=6065"},{"taxonomy":"product_tag","embeddable":true,"href":"https:\/\/klin.managementpro.ro\/en\/wp-json\/wp\/v2\/product_tag?post=6065"}],"curies":[{"name":"wp","href":"https:\/\/api.w.org\/{rel}","templated":true}]}}