{"id":6068,"date":"2024-07-23T16:46:18","date_gmt":"2024-07-23T16:46:18","guid":{"rendered":"https:\/\/klin.managementpro.ro\/?post_type=product&#038;p=6068"},"modified":"2024-07-23T16:46:22","modified_gmt":"2024-07-23T16:46:22","slug":"detergent-universal-parchet-5-litri","status":"publish","type":"product","link":"https:\/\/klin.managementpro.ro\/en\/product\/detergent-universal-parchet-5-litri\/","title":{"rendered":"Detergent universal parchet, 5 litri"},"content":{"rendered":"<p>Descoperi\u021bi un produs ideal pentru cur\u0103\u021barea podelelor din lemn cu KLINTENSIV &#8211; Solu\u021bie Cur\u0103\u021bare Parchet. Aceast\u0103 solu\u021bie este conceput\u0103 pentru a restabili str\u0103lucirea \u0219i frumuse\u021bea natural\u0103 a parchetului, oferind \u00een acela\u0219i timp un efect intens de parfumare, pentru o atmosfer\u0103 pl\u0103cut\u0103.<\/p>\n<h5><strong>Benefits:<\/strong><\/h5>\n<ul>\n<li>Cur\u0103\u021bare eficient\u0103 \u0219i simpl\u0103: Formula special conceput\u0103 asigur\u0103 o cur\u0103\u021bare eficient\u0103 \u0219i u\u0219oar\u0103 a suprafe\u021belor din lemn, elimin\u00e2nd murd\u0103ria \u0219i praful depuse pe parchet.<\/li>\n<li>Efect intens de parfumare: \u00cembog\u0103\u021bit cu un parfum revigorant, acest detergent pentru parchet las\u0103 \u00een urm\u0103 o arom\u0103 pl\u0103cut\u0103 \u0219i proasp\u0103t\u0103 \u00een \u00eentreaga \u00eenc\u0103pere.<\/li>\n<li>Mod de utilizare simplu: Se folose\u0219te u\u0219or, \u00eentr-o dilu\u021bie de doar 1% \u00een ap\u0103, iar aplicarea este rapid\u0103 \u0219i eficient\u0103.<\/li>\n<li>F\u0103r\u0103 necesitate de cl\u0103tire: Nu necesit\u0103 cl\u0103tire ulterioar\u0103, economisindu-v\u0103 timp \u0219i efort \u00een procesul de cur\u0103\u021bare.<\/li>\n<li>Versatilitate: Potrivit at\u00e2t pentru menajul casnic, c\u00e2t \u0219i pentru uzul profesional, acest detergent pentru parchet este solu\u021bia ideal\u0103 pentru orice tip de utilizator.<\/li>\n<\/ul>\n<p style=\"color:#ffff; margin-bottom: 8px;\">.<\/p>\n<h5><strong>How to use:<\/strong><\/h5>\n<ul>\n<li>\u00cenainte de aplicarea detergentului, se recomand\u0103 aspirarea sau m\u0103turarea suprafe\u021bei vizate, pentru a elimina murd\u0103ria \u0219i praful.<\/li>\n<li>Solu\u021bia trebuie diluat\u0103 \u00een ap\u0103 conform propor\u021biei recomandate de 1% (dou\u0103 c\u0103p\u0103cele a c\u00e2te 25 ml \u00een 5 litri de ap\u0103).<\/li>\n<li>Pentru cur\u0103\u021barea suprafe\u021bei dorite se utilizeaz\u0103 solu\u021bia diluat\u0103 \u0219i se sterge cu un mop sau o c\u00e2rp\u0103. Pentru urmele persistente de murd\u0103rie se recomand\u0103 l\u0103sarea solu\u021biei s\u0103 ac\u021bioneze c\u00e2teva minute.<\/li>\n<li>Cl\u0103tirea ulterioar\u0103 nu este necesar\u0103. Suprafa\u021ba poate fi l\u0103sat\u0103 s\u0103 se usuce \u00een mod natural.<\/li>\n<\/ul>\n<p style=\"color:#ffff; margin-bottom: 8px;\">.<\/p>\n<h5><strong>Composition:<\/strong><\/h5>\n<p>Formula sa special conceput\u0103 garanteaz\u0103 eficien\u021ba \u0219i siguran\u021ba, asigur\u00e2nd o cur\u0103\u021bare profund\u0103 f\u0103r\u0103 a afecta structura sau aspectul parchetului.<\/p>\n<h5><strong>Precautions:<\/strong><\/h5>\n<ul>\n<li>A se p\u0103stra \u00een locuri r\u0103coroase \u0219i uscate, ferit de lumin\u0103 direct\u0103.<\/li>\n<li>Keep out of the reach of children.<\/li>\n<li>A se evita contactul direct cu ochii \u0219i pielea. \u00cen caz de contact este necesar\u0103 cl\u0103tirea de urgen\u021b\u0103 a acestora \u0219i \u00een cazuri severe consultarea unui medic.<\/li>\n<li>A nu se ingera.<\/li>\n<\/ul>","protected":false},"excerpt":{"rendered":"<p><strong>KLINTENSIV &#8211; Solu\u021bie Cur\u0103\u021bare Parchet<\/strong> este special conceput\u0103 pentru a proteja \u0219i lustrui toate pardoselile de parchet l\u0103cuite. Perfec\u021bionat pentru a revigora \u0219i lustrui parchetul l\u0103cuit, acest produs v\u0103 red\u0103 str\u0103lucirea natural\u0103 a podelei de lemn. Beneficia\u021bi de o cur\u0103\u021bare simpl\u0103 \u0219i rapid\u0103, elimin\u00e2nd eficient murd\u0103ria \u0219i praful, f\u0103r\u0103 a fi necesar\u0103 cl\u0103tirea ulterioar\u0103. Parfumat subtil, las\u0103 \u00een urm\u0103 o arom\u0103 proasp\u0103t\u0103 \u0219i pl\u0103cut\u0103, transform\u00e2nd atmosfera \u00eenc\u0103perii. Cu o dilu\u021bie de doar 1% \u00een ap\u0103, utilizarea sa este extrem de economic\u0103 \u0219i simpl\u0103. Versatil \u0219i eficient, este alegerea perfect\u0103 pentru protejarea \u0219i \u00eengrijirea parchetului.<\/p>","protected":false},"featured_media":5358,"comment_status":"open","ping_status":"closed","template":"","meta":[],"product_cat":[149,152],"product_tag":[],"class_list":{"0":"post-6068","1":"product","2":"type-product","3":"status-publish","4":"has-post-thumbnail","6":"product_cat-produse-curatenie","7":"product_cat-spatii-comune","9":"first","10":"instock","11":"purchasable","12":"product-type-simple"},"_links":{"self":[{"href":"https:\/\/klin.managementpro.ro\/en\/wp-json\/wp\/v2\/product\/6068","targetHints":{"allow":["GET"]}}],"collection":[{"href":"https:\/\/klin.managementpro.ro\/en\/wp-json\/wp\/v2\/product"}],"about":[{"href":"https:\/\/klin.managementpro.ro\/en\/wp-json\/wp\/v2\/types\/product"}],"replies":[{"embeddable":true,"href":"https:\/\/klin.managementpro.ro\/en\/wp-json\/wp\/v2\/comments?post=6068"}],"wp:featuredmedia":[{"embeddable":true,"href":"https:\/\/klin.managementpro.ro\/en\/wp-json\/wp\/v2\/media\/5358"}],"wp:attachment":[{"href":"https:\/\/klin.managementpro.ro\/en\/wp-json\/wp\/v2\/media?parent=6068"}],"wp:term":[{"taxonomy":"product_cat","embeddable":true,"href":"https:\/\/klin.managementpro.ro\/en\/wp-json\/wp\/v2\/product_cat?post=6068"},{"taxonomy":"product_tag","embeddable":true,"href":"https:\/\/klin.managementpro.ro\/en\/wp-json\/wp\/v2\/product_tag?post=6068"}],"curies":[{"name":"wp","href":"https:\/\/api.w.org\/{rel}","templated":true}]}}