{"id":6070,"date":"2024-07-23T16:46:18","date_gmt":"2024-07-23T16:46:18","guid":{"rendered":"https:\/\/klin.managementpro.ro\/?post_type=product&#038;p=6070"},"modified":"2024-07-23T16:46:23","modified_gmt":"2024-07-23T16:46:23","slug":"solutie-curatare-pardoseli-5-litri","status":"publish","type":"product","link":"https:\/\/klin.managementpro.ro\/en\/product\/solutie-curatare-pardoseli-5-litri\/","title":{"rendered":"Solutie curatare pardoseli, 5 litri"},"content":{"rendered":"<p>Descoperi\u021bi secretul unei cur\u0103\u021benii impecabile pentru orice tip de pardoseal\u0103 cu ajutorul KLINTENSIV &#8211; Solu\u021bie de Cur\u0103\u021bare pentru Pardoseli. Formulat\u0103 special pentru a asigura o cur\u0103\u021bare eficient\u0103 \u0219i u\u0219oar\u0103 a suprafe\u021belor din ceramic\u0103, marmur\u0103, granit, piatr\u0103, por\u021belan \u0219i linoleum, acest produs redefine\u0219te standardele de cur\u0103\u021benie, oferind \u00een acela\u0219i timp un efect intens de parfumare.<\/p>\n<h5><strong>Benefits:<\/strong><\/h5>\n<ul>\n<li>Cur\u0103\u021bare eficient\u0103 \u0219i delicat\u0103: Formula special conceput\u0103 \u00eendep\u0103rteaz\u0103 eficient murd\u0103ria \u0219i praful de pe orice tip de pardoseal\u0103, f\u0103r\u0103 a afecta textura sau aspectul suprafe\u021belor delicate.<\/li>\n<li>Parfum intens: \u00cembog\u0103\u021bit\u0103 cu un parfum proasp\u0103t \u0219i revigorant, solu\u021bia las\u0103 \u00een urm\u0103 o arom\u0103 pl\u0103cut\u0103 \u0219i persistent\u0103, transform\u00e2nd fiecare \u00eenc\u0103pere \u00eentr-un spa\u021biu de confort \u0219i relaxare.<\/li>\n<li>Mod de utilizare simplu: U\u0219or de folosit, solu\u021bia se dilueaz\u0103 \u00een ap\u0103 \u00een propor\u021bia recomandat\u0103 de 1%, iar aplicarea \u0219i \u0219tergerea pardoselii sunt rapide \u0219i eficiente.<\/li>\n<li>F\u0103r\u0103 necesitate de cl\u0103tire: Nu este necesar\u0103 cl\u0103tirea ulterioar\u0103 a suprafe\u021bei, economisind timp \u0219i efort \u00een procesul de cur\u0103\u021bare.<\/li>\n<li>Potrivit pentru uz casnic \u0219i profesional: Recomandat at\u00e2t pentru utilizarea \u00een gospod\u0103rie, c\u00e2t \u0219i \u00een medii profesionale, acest detergent pentru pardoseli este alegerea perfect\u0103 pentru to\u021bi cei care apreciaz\u0103 calitatea \u0219i eficien\u021ba.<\/li>\n<\/ul>\n<p style=\"color:#ffff; margin-bottom: 8px;\">.<\/p>\n<h5><strong>How to use:<\/strong><\/h5>\n<ul>\n<li>Pentru a \u00eendep\u0103rta murd\u0103ria \u0219i praful \u00eenainte de aplicarea solu\u021biei se recomand\u0103 aspirarea sau m\u0103turarea suprafe\u021bei vizate.<\/li>\n<li>Solu\u021bia trebuie diluat\u0103 \u00een ap\u0103 conform propor\u021biei de 1% (dou\u0103 c\u0103p\u0103cele a c\u00e2te 25 ml \u00een 5 litri de ap\u0103).<\/li>\n<li>Solu\u021bia diluat\u0103 poate fi distribuit\u0103 pentru a \u0219terge pardoseala cu o c\u00e2rp\u0103 sau mop. Pentru urmele persistente de murd\u0103rie se recomand\u0103 l\u0103sarea solu\u021biei s\u0103 ac\u021bioneze c\u00e2teva minute.<\/li>\n<li>Cl\u0103tirea ulterioar\u0103 nu este necesar\u0103. Suprafa\u021ba poate fi l\u0103sat\u0103 s\u0103 se usuce \u00een mod natural.<\/li>\n<\/ul>\n<p style=\"color:#ffff; margin-bottom: 8px;\">.<\/p>\n<h5><strong>Composition:<\/strong><\/h5>\n<p>Formula sa special conceput\u0103 garanteaz\u0103 eficien\u021ba \u0219i siguran\u021ba, oferind o cur\u0103\u021bare delicat\u0103 \u0219i eficient\u0103 pentru toate tipurile de pardoseal\u0103.<\/p>\n<h5><strong>Precautions:<\/strong><\/h5>\n<ul>\n<li>A se p\u0103stra \u00een locuri r\u0103coroase \u0219i uscate, ferit de lumin\u0103 direct\u0103.<\/li>\n<li>Keep out of the reach of children.<\/li>\n<li>A se evita contactul direct cu ochii \u0219i pielea. \u00cen caz de contact este necesar\u0103 cl\u0103tirea de urgen\u021b\u0103 a acestora \u0219i \u00een cazuri severe consultarea unui medic.<\/li>\n<li>A nu se ingera.<\/li>\n<\/ul>","protected":false},"excerpt":{"rendered":"<p><strong>KLINTENSIV \u2013 Solu\u021bie Cur\u0103\u021bare Pardoseli<\/strong> este un detergent parfumat, universal, concentrat, pentru \u00eentre\u021binerea de rutin\u0103 a pardoselilor \u0219i suprafe\u021belor din ceramic\u0103, marmur\u0103, granit, piatr\u0103, por\u021belan \u0219i linoleum. Formula concentrat\u0103 \u0219i parfumat\u0103 elimin\u0103 eficient murd\u0103ria, f\u0103r\u0103 a afecta suprafe\u021bele delicate. Parfumul intens las\u0103 \u00een urm\u0103 o arom\u0103 pl\u0103cut\u0103 \u0219i persistent\u0103, transform\u00e2nd fiecare \u00eenc\u0103pere \u00eentr-un spa\u021biu de confort. Folosirea sa este simpl\u0103, iar aplicarea \u0219i \u0219tergerea sunt rapide \u0219i eficiente. Nu este necesar\u0103 cl\u0103tirea ulterioar\u0103, economisindu-v\u0103 timp \u0219i efort. Recomandat at\u00e2t pentru uz casnic, c\u00e2t \u0219i profesional, KLINTENSIV este alegerea perfect\u0103 pentru to\u021bi cei ce apreciaz\u0103 calitatea \u0219i eficien\u021ba.<\/p>","protected":false},"featured_media":5360,"comment_status":"open","ping_status":"closed","template":"","meta":[],"product_cat":[149,152],"product_tag":[],"class_list":{"0":"post-6070","1":"product","2":"type-product","3":"status-publish","4":"has-post-thumbnail","6":"product_cat-produse-curatenie","7":"product_cat-spatii-comune","9":"first","10":"instock","11":"purchasable","12":"product-type-simple"},"_links":{"self":[{"href":"https:\/\/klin.managementpro.ro\/en\/wp-json\/wp\/v2\/product\/6070","targetHints":{"allow":["GET"]}}],"collection":[{"href":"https:\/\/klin.managementpro.ro\/en\/wp-json\/wp\/v2\/product"}],"about":[{"href":"https:\/\/klin.managementpro.ro\/en\/wp-json\/wp\/v2\/types\/product"}],"replies":[{"embeddable":true,"href":"https:\/\/klin.managementpro.ro\/en\/wp-json\/wp\/v2\/comments?post=6070"}],"wp:featuredmedia":[{"embeddable":true,"href":"https:\/\/klin.managementpro.ro\/en\/wp-json\/wp\/v2\/media\/5360"}],"wp:attachment":[{"href":"https:\/\/klin.managementpro.ro\/en\/wp-json\/wp\/v2\/media?parent=6070"}],"wp:term":[{"taxonomy":"product_cat","embeddable":true,"href":"https:\/\/klin.managementpro.ro\/en\/wp-json\/wp\/v2\/product_cat?post=6070"},{"taxonomy":"product_tag","embeddable":true,"href":"https:\/\/klin.managementpro.ro\/en\/wp-json\/wp\/v2\/product_tag?post=6070"}],"curies":[{"name":"wp","href":"https:\/\/api.w.org\/{rel}","templated":true}]}}