{"id":6072,"date":"2024-07-23T16:46:18","date_gmt":"2024-07-23T16:46:18","guid":{"rendered":"https:\/\/klin.managementpro.ro\/?post_type=product&#038;p=6072"},"modified":"2024-07-23T16:46:23","modified_gmt":"2024-07-23T16:46:23","slug":"detartrant-wc-gel-5-litri","status":"publish","type":"product","link":"https:\/\/klin.managementpro.ro\/en\/product\/detartrant-wc-gel-5-litri\/","title":{"rendered":"Detartrant WC gel, 5 litri"},"content":{"rendered":"<p><strong>Detartrantul WC Gel pentru Suprafe\u021be Ceramice<\/strong> este solu\u021bia perfect\u0103 pentru a men\u021bine baia str\u0103lucitoare \u0219i impecabil\u0103. Formulat special pentru cur\u0103\u021barea manual\u0103 a suprafe\u021belor dure din baie, inclusiv gresie, faian\u021b\u0103, ceramic\u0103, elemente cromate, plastic \u0219i sticl\u0103, acest gel ajut\u0103 la eliminarea eficient\u0103 a depunerilor de calcar \u0219i a murd\u0103riei persistente, f\u0103r\u0103 efort suplimentar.<\/p>\n<h5><strong>Benefits:<\/strong><\/h5>\n<ul>\n<li>Eficien\u021b\u0103 maxim\u0103: Elimin\u0103 eficient depunerile de calcar \u0219i murd\u0103ria persistent\u0103.<\/li>\n<li>Compatibilitate: Formula sa puternic\u0103 \u00eei confer\u0103 versatilitate, put\u00e2nd fi utilizat \u0219i pentru cur\u0103\u021barea sticlei, ceramicii, teflonului, plasticului, cauciucului \u0219i siliconului.<\/li>\n<li>Barier\u0103 anti-calcar: Previne formarea depunerilor de piatr\u0103, permi\u021b\u00e2ndu-v\u0103 s\u0103 v\u0103 bucura\u021bi de o baie impecabil\u0103 zi de zi.<\/li>\n<li>Simplitate: U\u0219or de utilizat, at\u00e2t ca atare, c\u00e2t \u0219i diluat cu ap\u0103.<\/li>\n<li>Efect de lung\u0103 durat\u0103: Rezultatele dureaz\u0103 mult timp, astfel \u00eenc\u00e2t s\u0103 v\u0103 bucura\u021bi de o baie curat\u0103 \u0219i str\u0103lucitoare pentru mai mult timp \u00eentre sesiunile de cur\u0103\u021bare.<\/li>\n<\/ul>\n<p style=\"color:#ffff; margin-bottom: 8px;\">.<\/p>\n<h5><strong>How to use:<\/strong><\/h5>\n<ul>\n<li>Se recomand\u0103 pulverizarea solu\u021biei pe \u00eentreaga suprafa\u021b\u0103, fie direct, fie diluat\u0103 \u00een propor\u021bie de 1\/3 &#8211; 1\/4, \u00een func\u021bie de gradul de murd\u0103rie.<\/li>\n<li>Este necesar s\u0103 se lase produsul s\u0103 ac\u021bioneze timp de 45-60 de secunde pentru a dizolva murd\u0103ria \u0219i gr\u0103simea.<\/li>\n<li>Suprafa\u021ba trebuie cur\u0103\u021bat\u0103 cu o lavet\u0103 sau un burete, frec\u00e2nd pentru a \u00eendep\u0103rta murd\u0103ria cu mi\u0219c\u0103ri circulare.<\/li>\n<li>Dup\u0103 utilizare este important s\u0103 se cl\u0103teasc\u0103 bine cu ap\u0103 cald\u0103 sau rece sub jet moderat.<\/li>\n<li>\u00cen cazul \u00een care sunt depozite persistente de murd\u0103rie se recomand\u0103 repetarea procedurii.<\/li>\n<li>Pentru protejarea m\u00e2inilor se recomand\u0103 utilizarea m\u0103nu\u0219ilor de protec\u021bie.<\/li>\n<\/ul>\n<p style=\"color:#ffff; margin-bottom: 8px;\">.<\/p>\n<h5><strong>Composition:<\/strong><\/h5>\n<p>Detartrantul WC Gel pentru Suprafe\u021be Ceramice con\u021bine o formul\u0103 special\u0103 cu ingrediente puternice, care ac\u021bioneaz\u0103 eficient \u00eempotriva depunerilor de calcar \u0219i murd\u0103riei persistente, f\u0103r\u0103 a afecta suprafe\u021bele delicate.<\/p>\n<h5><strong>Precautions:<\/strong><\/h5>\n<ul>\n<li>A se p\u0103stra \u00een locuri r\u0103coroase \u0219i uscate, ferit de lumin\u0103 direct\u0103.<\/li>\n<li>Keep out of the reach of children.<\/li>\n<li>A se evita contactul direct cu ochii \u0219i pielea. \u00cen caz de contact este necesar\u0103 cl\u0103tirea de urgen\u021b\u0103 a acestora \u0219i \u00een cazuri severe consultarea unui medic.<\/li>\n<li>A nu se ingera.<\/li>\n<\/ul>","protected":false},"excerpt":{"rendered":"<p>With <strong>Gelul Detartrant pentru Suprafe\u021be Ceramice<\/strong>, baia va str\u0103luci mereu. Formula sa special\u0103 pentru cur\u0103\u021barea manual\u0103 a suprafe\u021belor dure din baie \u00a0elimin\u0103 rapid depunerile de calcar \u0219i murd\u0103ria. Poate fi folosit pe diverse suprafe\u021be, de la gresie la sticl\u0103, l\u0103s\u00e2ndu-le impecabile. Beneficiile includ eficien\u021b\u0103 maxim\u0103, compatibilitate versatil\u0103 \u0219i barier\u0103 anti-calcar, men\u021bin\u00e2nd baia curat\u0103 pentru mai mult timp. Simplu de utilizat, direct sau diluat cu ap\u0103, ofer\u0103 rezultate de lung\u0103 durat\u0103. Bucura\u021bi-v\u0103 de o baie str\u0103lucitoare \u00eentre sesiunile de cur\u0103\u021bare, f\u0103r\u0103 stres sau dificult\u0103\u021bi.<\/p>","protected":false},"featured_media":5362,"comment_status":"open","ping_status":"closed","template":"","meta":[],"product_cat":[150,149],"product_tag":[],"class_list":{"0":"post-6072","1":"product","2":"type-product","3":"status-publish","4":"has-post-thumbnail","6":"product_cat-baie","7":"product_cat-produse-curatenie","9":"first","10":"instock","11":"purchasable","12":"product-type-simple"},"_links":{"self":[{"href":"https:\/\/klin.managementpro.ro\/en\/wp-json\/wp\/v2\/product\/6072","targetHints":{"allow":["GET"]}}],"collection":[{"href":"https:\/\/klin.managementpro.ro\/en\/wp-json\/wp\/v2\/product"}],"about":[{"href":"https:\/\/klin.managementpro.ro\/en\/wp-json\/wp\/v2\/types\/product"}],"replies":[{"embeddable":true,"href":"https:\/\/klin.managementpro.ro\/en\/wp-json\/wp\/v2\/comments?post=6072"}],"wp:featuredmedia":[{"embeddable":true,"href":"https:\/\/klin.managementpro.ro\/en\/wp-json\/wp\/v2\/media\/5362"}],"wp:attachment":[{"href":"https:\/\/klin.managementpro.ro\/en\/wp-json\/wp\/v2\/media?parent=6072"}],"wp:term":[{"taxonomy":"product_cat","embeddable":true,"href":"https:\/\/klin.managementpro.ro\/en\/wp-json\/wp\/v2\/product_cat?post=6072"},{"taxonomy":"product_tag","embeddable":true,"href":"https:\/\/klin.managementpro.ro\/en\/wp-json\/wp\/v2\/product_tag?post=6072"}],"curies":[{"name":"wp","href":"https:\/\/api.w.org\/{rel}","templated":true}]}}