{"id":6073,"date":"2024-07-23T16:46:18","date_gmt":"2024-07-23T16:46:18","guid":{"rendered":"https:\/\/klin.managementpro.ro\/?post_type=product&#038;p=6073"},"modified":"2024-07-23T16:46:24","modified_gmt":"2024-07-23T16:46:24","slug":"solutie-curatare-cuptor-500-ml","status":"publish","type":"product","link":"https:\/\/klin.managementpro.ro\/en\/product\/solutie-curatare-cuptor-500-ml\/","title":{"rendered":"Solutie curatare cuptor, 500 ml"},"content":{"rendered":"<p>KLINTENSIV &#8211; Solu\u021bie cur\u0103\u021bare cuptor este partenerul \u00eencredere \u00een men\u021binerea cuptorului str\u0103lucitor \u0219i impecabil. Conceput special pentru cuptoarele de tip electric, cu gaz sau cu microunde, acest spray u\u0219or de utilizat este solu\u021bia ideal\u0103 pentru \u00eendep\u0103rtarea depunerilor grele de murd\u0103rie \u0219i redarea str\u0103lucirii originale.<\/p>\n<h5><strong>Benefits:<\/strong><\/h5>\n<ul>\n<li>Cur\u0103\u021bare puternic\u0103: Elimin\u0103 eficient depunerile groase de murd\u0103rie, l\u0103s\u00e2nd cuptorul impecabil.<\/li>\n<li>U\u0219or de utilizat: Cu un mod simplu de pulverizare, aplicarea devine rapid\u0103 \u0219i eficient\u0103.<\/li>\n<li>Protec\u021bie durabil\u0103: Asigur\u0103 un strat de protec\u021bie care men\u021bine cuptorul str\u0103lucitor \u0219i protejat pe termen lung.<\/li>\n<li>Versatilitate extins\u0103: Nu se limiteaz\u0103 doar la cuptoare, ci poate fi utilizat \u0219i pe o varietate de alte suprafe\u021be precum t\u0103vile de coacere, rotisoare sau gr\u0103tare.<\/li>\n<li>Siguran\u021b\u0103 garantat\u0103: Formula sa delicat\u0103 este sigur\u0103 pentru m\u00e2ini \u0219i pentru suprafe\u021bele tratate, oferindu-\u021bi o experien\u021b\u0103 de cur\u0103\u021bare f\u0103r\u0103 griji.<\/li>\n<\/ul>\n<p style=\"color:#ffff; margin-bottom: 8px;\">.<\/p>\n<h5><strong>How to use:<\/strong><\/h5>\n<ul>\n<li>\u00cenainte de utilizarea produsului se opre\u0219te cuptorul \u0219i se \u00eendep\u0103rteaz\u0103 alimentele \u0219i depunerile groase de murd\u0103rie.<\/li>\n<li>Nu este indicat\u0103 aplicarea produsului pe elementele sensibile ale cuptorului precum zonele electrice.<\/li>\n<li>Produsul se utilizeaz\u0103 ca atare prin pulverizare pe toat\u0103 suprafa\u021ba de cur\u0103\u021bat.<\/li>\n<li>Se las\u0103 un timp de contact de 45-60 secunde, apoi se cur\u0103\u021b\u0103 prin frecare utiliz\u00e2nd o lavet\u0103 textil\u0103 sau un burete moale.<\/li>\n<li>Se recomand\u0103 utilizarea unor m\u0103nu\u0219i de protec\u021bie \u00een timpul procesului de cur\u0103\u021bare.<\/li>\n<li>Procedura de sp\u0103lare se repet\u0103 dac\u0103 au mai r\u0103mas depozite de murd\u0103rie.<\/li>\n<li>Nu este necesar\u0103 cl\u0103tirea.<\/li>\n<\/ul>\n<p style=\"color:#ffff; margin-bottom: 8px;\">.<\/p>\n<h5><strong>Composition:<\/strong><\/h5>\n<p>Formula sa avansat\u0103 combin\u0103 ingrediente puternice de cur\u0103\u021bare cu propriet\u0103\u021bi de protec\u021bie, asigur\u00e2nd rezultate de top f\u0103r\u0103 a afecta suprafe\u021bele tratate.<\/p>\n<h5><strong>Precautions:<\/strong><\/h5>\n<ul>\n<li>A se evita contactul cu ochii \u0219i pielea.<\/li>\n<li>Keep out of the reach of children.<\/li>\n<li>Se recomand\u0103 utilizarea m\u0103nu\u0219ilor de protec\u021bie pentru a proteja pielea.<\/li>\n<li>Se recomand\u0103 citirea etichetei \u00eenainte de utilizare.<\/li>\n<\/ul>","protected":false},"excerpt":{"rendered":"<p>\u00cendep\u0103rta\u021bi cu u\u0219urin\u021b\u0103 gr\u0103simea, uleiul \u0219i petele de alimente carbonizate cu ajutorul <strong>KLINTENSIV &#8211; Solu\u021bie cur\u0103\u021bare cuptor<\/strong>. Este un detergent pentru cuptoarele de tip electric, cu gaz sau microunde special formulat, eficient pentru degresare \u0219i lustruirea cuptorului, elimin\u00e2nd diverse incrusta\u021bii \u0219i impurit\u0103\u021bi. Ideal pentru \u00eendep\u0103rtarea depunerilor de alimente, gr\u0103sime \u0219i reziduurile de carbon de pe diverse suprafe\u021be precum t\u0103vi, plite, cuptoare, pr\u0103jitoare, friteuze \u0219i gr\u0103tare.<\/p>","protected":false},"featured_media":5363,"comment_status":"open","ping_status":"closed","template":"","meta":[],"product_cat":[151,149],"product_tag":[],"class_list":{"0":"post-6073","1":"product","2":"type-product","3":"status-publish","4":"has-post-thumbnail","6":"product_cat-bucatarie","7":"product_cat-produse-curatenie","9":"first","10":"instock","11":"purchasable","12":"product-type-simple"},"_links":{"self":[{"href":"https:\/\/klin.managementpro.ro\/en\/wp-json\/wp\/v2\/product\/6073","targetHints":{"allow":["GET"]}}],"collection":[{"href":"https:\/\/klin.managementpro.ro\/en\/wp-json\/wp\/v2\/product"}],"about":[{"href":"https:\/\/klin.managementpro.ro\/en\/wp-json\/wp\/v2\/types\/product"}],"replies":[{"embeddable":true,"href":"https:\/\/klin.managementpro.ro\/en\/wp-json\/wp\/v2\/comments?post=6073"}],"wp:featuredmedia":[{"embeddable":true,"href":"https:\/\/klin.managementpro.ro\/en\/wp-json\/wp\/v2\/media\/5363"}],"wp:attachment":[{"href":"https:\/\/klin.managementpro.ro\/en\/wp-json\/wp\/v2\/media?parent=6073"}],"wp:term":[{"taxonomy":"product_cat","embeddable":true,"href":"https:\/\/klin.managementpro.ro\/en\/wp-json\/wp\/v2\/product_cat?post=6073"},{"taxonomy":"product_tag","embeddable":true,"href":"https:\/\/klin.managementpro.ro\/en\/wp-json\/wp\/v2\/product_tag?post=6073"}],"curies":[{"name":"wp","href":"https:\/\/api.w.org\/{rel}","templated":true}]}}