{"id":6076,"date":"2024-07-23T16:46:19","date_gmt":"2024-07-23T16:46:19","guid":{"rendered":"https:\/\/klin.managementpro.ro\/?post_type=product&#038;p=6076"},"modified":"2024-07-23T16:46:24","modified_gmt":"2024-07-23T16:46:24","slug":"detergent-vase-5-litri","status":"publish","type":"product","link":"https:\/\/klin.managementpro.ro\/en\/product\/detergent-vase-5-litri\/","title":{"rendered":"Detergent vase, 5 litri"},"content":{"rendered":"<p>Cu o formul\u0103 concentrat\u0103 \u0219i puternic\u0103 este ideal pentru sp\u0103larea \u0219i igienizarea veselei de buc\u0103t\u0103rie, precum \u0219i pentru suprafe\u021bele ce vin \u00een contact direct cu alimentele, cum ar fi blatul, toc\u0103torul, masa sau chiar scaunul copilului.<\/p>\n<h5><strong>Benefits:<\/strong><\/h5>\n<ul>\n<li>Putere concentrat\u0103: Formula concentrat\u0103 ofer\u0103 o cur\u0103\u021bare profund\u0103 \u0219i eficient\u0103, elimin\u00e2nd chiar \u0219i cele mai \u00eenc\u0103p\u0103\u021b\u00e2nate pete \u0219i urme de gr\u0103sime.<\/li>\n<li>Versatilitate sporit\u0103: Poate fi folosit cu \u00eencredere \u0219i pe suprafe\u021bele din buc\u0103t\u0103rie ce intr\u0103 \u00een contact cu alimentele, asigur\u00e2nd o igien\u0103 impecabil\u0103.<\/li>\n<li>Economie de timp: Reduce timpul necesar pentru sp\u0103larea vaselor, f\u0103c\u00e2nd procesul mai rapid \u0219i mai eficient.<\/li>\n<li>Parfum pl\u0103cut: Las\u0103 vasele cu un miros proasp\u0103t \u0219i \u00eembietor.<\/li>\n<li>Siguran\u021b\u0103 alimentar\u0103: Formulele special concepute pentru vasele care vin \u00een contact cu alimentele asigur\u0103 o igien\u0103 optim\u0103 \u0219i elimin\u0103 riscul contamin\u0103rii.<\/li>\n<\/ul>\n<p style=\"color: #ffff; margin-bottom: 8px;\">.<\/p>\n<h5><strong>How to use:<\/strong><\/h5>\n<ul>\n<li>Se aplic\u0103 o cantitate adecvat\u0103 de detergent direct pe o lavet\u0103 sau burete.<\/li>\n<li>Vasele umede sunt cur\u0103\u021bate prin mi\u0219c\u0103ri de \u0219tergere pentru a \u00eendep\u0103rta murd\u0103ria.<\/li>\n<li>Se cl\u0103te\u0219te cu ap\u0103 cald\u0103 pentru a ob\u021bine un rezultat impecabil.<\/li>\n<\/ul>\n<p style=\"color: #ffff; margin-bottom: 8px;\">.<\/p>\n<h5><strong>Precautions:<\/strong><\/h5>\n<ul>\n<li>A se evita contactul cu ochii. \u00cen caz de contact este necesar\u0103 cl\u0103tirea imediat\u0103 cu ap\u0103 \u0219i se recomand\u0103 consultarea unui medic.<\/li>\n<li>A se p\u0103stra departe de copii \u0219i animale de companie.<\/li>\n<li>A nu se ingera. \u00cen caz de \u00eenghi\u021bire accidental\u0103 este necesar\u0103 consultarea imediat\u0103 a unui medic.<\/li>\n<\/ul>","protected":false},"excerpt":{"rendered":"<p>Transforma\u021bi rutina de sp\u0103lare a vaselor \u00eentr-o experien\u021b\u0103 simpl\u0103 \u0219i eficient\u0103 cu ajutorul <strong>Klintensiv \u2013 Detergent de Vase<\/strong>. Formula sa concentrat\u0103 \u0219i puternic\u0103 este ideal\u0103 pentru sp\u0103larea \u0219i igienizarea veselei de buc\u0103t\u0103rie, precum \u0219i a suprafe\u021belor ce vin \u00een contact direct cu alimentele. Beneficia\u021bi de puterea concentrat\u0103, versatilitatea sporit\u0103 \u0219i economia de timp. P\u0103stra\u021bi vasele cu un miros proasp\u0103t \u0219i atr\u0103g\u0103tor \u0219i bucura\u021bi-v\u0103 de siguran\u021ba alimentar\u0103 oferit\u0103 de formulele noastre special concepute.<\/p>","protected":false},"featured_media":5366,"comment_status":"open","ping_status":"closed","template":"","meta":[],"product_cat":[151,149],"product_tag":[],"class_list":{"0":"post-6076","1":"product","2":"type-product","3":"status-publish","4":"has-post-thumbnail","6":"product_cat-bucatarie","7":"product_cat-produse-curatenie","9":"first","10":"instock","11":"purchasable","12":"product-type-simple"},"_links":{"self":[{"href":"https:\/\/klin.managementpro.ro\/en\/wp-json\/wp\/v2\/product\/6076","targetHints":{"allow":["GET"]}}],"collection":[{"href":"https:\/\/klin.managementpro.ro\/en\/wp-json\/wp\/v2\/product"}],"about":[{"href":"https:\/\/klin.managementpro.ro\/en\/wp-json\/wp\/v2\/types\/product"}],"replies":[{"embeddable":true,"href":"https:\/\/klin.managementpro.ro\/en\/wp-json\/wp\/v2\/comments?post=6076"}],"wp:featuredmedia":[{"embeddable":true,"href":"https:\/\/klin.managementpro.ro\/en\/wp-json\/wp\/v2\/media\/5366"}],"wp:attachment":[{"href":"https:\/\/klin.managementpro.ro\/en\/wp-json\/wp\/v2\/media?parent=6076"}],"wp:term":[{"taxonomy":"product_cat","embeddable":true,"href":"https:\/\/klin.managementpro.ro\/en\/wp-json\/wp\/v2\/product_cat?post=6076"},{"taxonomy":"product_tag","embeddable":true,"href":"https:\/\/klin.managementpro.ro\/en\/wp-json\/wp\/v2\/product_tag?post=6076"}],"curies":[{"name":"wp","href":"https:\/\/api.w.org\/{rel}","templated":true}]}}