{"id":6081,"date":"2024-07-23T16:46:19","date_gmt":"2024-07-23T16:46:19","guid":{"rendered":"https:\/\/klin.managementpro.ro\/?post_type=product&#038;p=6081"},"modified":"2024-07-23T16:46:25","modified_gmt":"2024-07-23T16:46:25","slug":"solutie-curatare-electrocasnice-bucatarie-500-ml","status":"publish","type":"product","link":"https:\/\/klin.managementpro.ro\/en\/product\/solutie-curatare-electrocasnice-bucatarie-500-ml\/","title":{"rendered":"Solutie curatare electrocasnice bucatarie, 500 ml"},"content":{"rendered":"<p>Descoperi\u021bi secretul pentru o buc\u0103t\u0103rie str\u0103lucitoare cu solu\u021bia de cur\u0103\u021bare electrocasnice buc\u0103t\u0103rie KLINTENSIV. Conceput special pentru a reda luciul electrocasnicelor din buc\u0103t\u0103rie, acest spray este solu\u021bia ideal\u0103 pentru cur\u0103\u021barea cuptorului electric, a cuptorului cu microunde, a frigiderelor, a friteuzelor si a hotelor. Cu o formul\u0103 avansat\u0103 \u0219i eficient\u0103, acest produs va transforma rutina de cur\u0103\u021bare \u00eentr-o pl\u0103cere.<\/p>\n<h5><strong>Benefits:<\/strong><\/h5>\n<ul>\n<li>Eficien\u021b\u0103 garantat\u0103: Asigur\u0103 \u00eendep\u0103rtarea eficient\u0103 a murd\u0103riei \u0219i a depunerilor de gr\u0103sime de pe electrocasnicele din buc\u0103t\u0103rie, restabilindu-le str\u0103lucirea original\u0103.<\/li>\n<li>U\u0219or de utilizat: Fiind un spray practic, aplicarea solu\u021biei de cur\u0103\u021bare electrocasnice buc\u0103t\u0103rie KLINTENSIV devine o sarcin\u0103 simpl\u0103 \u0219i rapid\u0103.<\/li>\n<li>Protec\u021bie \u0219i str\u0103lucire de durat\u0103: Ofer\u0103 un strat de protec\u021bie care men\u021bine electrocasnicele str\u0103lucitoare pe termen lung, f\u0103r\u0103 a necesita cl\u0103tire.<\/li>\n<li>Versatilitate extins\u0103: Nu se limiteaz\u0103 doar la cuptoarele electrice sau cuptoarele cu microunde, ci poate fi utilizat \u0219i pentru alte suprafe\u021be precum o\u021bel inoxidabil, metal cromat, cupru, aluminiu, zinc, sticl\u0103, ceramic\u0103, teflon, plastic \u0219i cauciuc.<\/li>\n<li>Siguran\u021b\u0103 \u0219i confort: Formula sa delicat\u0103 este sigur\u0103 pentru utilizare \u0219i nu afecteaz\u0103 suprafe\u021bele tratate, asigur\u00e2nd o experien\u021b\u0103 de cur\u0103\u021bare f\u0103r\u0103 griji.<\/li>\n<\/ul>\n<p style=\"color:#ffff; margin-bottom: 8px;\">.<\/p>\n<h5><strong>How to use:<\/strong><\/h5>\n<ul>\n<li>Se asigur\u0103 c\u0103 aparatul nu este conectat la o surs\u0103 de curent \u0219i se \u00eendep\u0103rteaz\u0103 alimentele \u0219i depunerile groase de murd\u0103rie.<\/li>\n<li>Se aplic\u0103 solu\u021bia de cur\u0103\u021bat pe \u00eentreaga suprafa\u021b\u0103 vizat\u0103, prin pulverizare.<\/li>\n<li>Se las\u0103 produsul s\u0103 ac\u021bioneze timp de 30-45 de secunde.<\/li>\n<li>Se cur\u0103\u021b\u0103 suprafa\u021ba prin frecare cu o lavet\u0103 textil\u0103 sau cu un burete moale.<\/li>\n<li>Se repet\u0103 procedura \u00een cazul \u00een care exist\u0103 depuneri persistente de murd\u0103rie.<\/li>\n<li>Pentru a ob\u021bine o str\u0103lucire impecabil\u0103 nu este necesar\u0103 cl\u0103tirea suplimentar\u0103.<\/li>\n<\/ul>\n<p style=\"color:#ffff; margin-bottom: 8px;\">.<\/p>\n<h5><strong>Composition:<\/strong><\/h5>\n<p>Combin\u00e2nd ingrediente puternice de cur\u0103\u021bare cu protec\u021bia suprafe\u021belor, formula sa avansat\u0103 asigur\u0103 rezultate de top, f\u0103r\u0103 a afecta materialele tratate. <\/p>\n<h5><strong>Precautions:<\/strong><\/h5>\n<ul>\n<li>Se recomand\u0103 utilizarea unor m\u0103nu\u0219i de protec\u021bie pentru a evita contactul direct cu produsul.<\/li>\n<li>A se p\u0103stra bine \u00eenchis, \u00een ambalajul original, la loc uscat \u0219i temperaturi \u00eentre 5 \u0219i 40\u00b0C.<\/li>\n<li>Recipientul nu poate fi refolosit dup\u0103 golire.<\/li>\n<li>Ca m\u0103sur\u0103 de precau\u021bie se recomand\u0103 citirea aten\u021bie a etichetei si respectarea instruc\u021biunilor de utilizare.<\/li>\n<\/ul>\n<p style=\"color:#ffff; margin-bottom: 8px;\">.<\/p>\n<p>Transforma\u021bi rutina de cur\u0103\u021bare \u00eentr-o experien\u021b\u0103 pl\u0103cut\u0103 \u0219i eficient\u0103 cu solu\u021bia KLINTENSIV pentru cur\u0103\u021barea electrocasnicelor din buc\u0103t\u0103rie.<\/p>","protected":false},"excerpt":{"rendered":"<p>Solu\u021bia <strong>KLINTENSIV pentru cur\u0103\u021barea electrocasnicelor<\/strong> <strong>din buc\u0103t\u0103rie<\/strong> p\u0103trunde \u00een profunzime pentru a \u00eendep\u0103rta complet urmele \u0219i \u00eendep\u0103rta petele de gr\u0103sime. Eficien\u021ba sa garantat\u0103 asigur\u0103 o cur\u0103\u021bare rapid\u0103 \u0219i f\u0103r\u0103 efort, transform\u00e2nd rutina de cur\u0103\u021bare \u00eentr-o pl\u0103cere. Spray-ul este u\u0219or de utilizat \u0219i poate fi aplicat pe o gam\u0103 larg\u0103 de suprafe\u021be, de la cuptoare electrice \u0219i cuptoare cu microunde p\u00e2n\u0103 la o\u021bel inoxidabil, metal cromat, sticl\u0103 \u0219i plastic. Beneficia\u021bi de confort \u0219i siguran\u021b\u0103 \u00een timp ce v\u0103 bucura\u021bi de rezultate impecabile.<\/p>","protected":false},"featured_media":5371,"comment_status":"open","ping_status":"closed","template":"","meta":[],"product_cat":[151,149],"product_tag":[],"class_list":{"0":"post-6081","1":"product","2":"type-product","3":"status-publish","4":"has-post-thumbnail","6":"product_cat-bucatarie","7":"product_cat-produse-curatenie","9":"first","10":"outofstock","11":"purchasable","12":"product-type-simple"},"_links":{"self":[{"href":"https:\/\/klin.managementpro.ro\/en\/wp-json\/wp\/v2\/product\/6081","targetHints":{"allow":["GET"]}}],"collection":[{"href":"https:\/\/klin.managementpro.ro\/en\/wp-json\/wp\/v2\/product"}],"about":[{"href":"https:\/\/klin.managementpro.ro\/en\/wp-json\/wp\/v2\/types\/product"}],"replies":[{"embeddable":true,"href":"https:\/\/klin.managementpro.ro\/en\/wp-json\/wp\/v2\/comments?post=6081"}],"wp:featuredmedia":[{"embeddable":true,"href":"https:\/\/klin.managementpro.ro\/en\/wp-json\/wp\/v2\/media\/5371"}],"wp:attachment":[{"href":"https:\/\/klin.managementpro.ro\/en\/wp-json\/wp\/v2\/media?parent=6081"}],"wp:term":[{"taxonomy":"product_cat","embeddable":true,"href":"https:\/\/klin.managementpro.ro\/en\/wp-json\/wp\/v2\/product_cat?post=6081"},{"taxonomy":"product_tag","embeddable":true,"href":"https:\/\/klin.managementpro.ro\/en\/wp-json\/wp\/v2\/product_tag?post=6081"}],"curies":[{"name":"wp","href":"https:\/\/api.w.org\/{rel}","templated":true}]}}