{"id":6084,"date":"2024-07-23T16:46:19","date_gmt":"2024-07-23T16:46:19","guid":{"rendered":"https:\/\/klin.managementpro.ro\/?post_type=product&#038;p=6084"},"modified":"2024-07-23T16:46:26","modified_gmt":"2024-07-23T16:46:26","slug":"solutie-plita-vitroceramica-5-litri","status":"publish","type":"product","link":"https:\/\/klin.managementpro.ro\/en\/product\/solutie-plita-vitroceramica-5-litri\/","title":{"rendered":"Solutie plita vitroceramica, 5 litri"},"content":{"rendered":"<p>Descoperi\u021bi secretul unei plite impecabile cu ajutorul KLINTENSIV &#8211; Solu\u021bie Cur\u0103\u021bare Plit\u0103 Vitroceramic\u0103. Conceput special pentru plitele vitroceramice sau cu induc\u021bie, acest spray u\u0219or de utilizat este solu\u021bia perfect\u0103 pentru eliminarea depunerilor de m\u00e2ncare \u0219i redarea str\u0103lucirii originale.<\/p>\n<h5><strong>Benefits:<\/strong><\/h5>\n<ul>\n<li>Eficien\u021b\u0103 ridicat\u0103: Asigur\u0103 eliminarea eficient\u0103 a depunerilor de m\u00e2ncare \u0219i a murd\u0103riei, red\u00e2nd plitei o str\u0103lucire remarcabil\u0103.<\/li>\n<li>U\u0219or de utilizat: Procesul de aplicare este rapid \u0219i simplu, fiind necesar\u0103 doar pulverizarea produsului pe suprafa\u021ba dorit\u0103.<\/li>\n<li>Protec\u021bie de lung\u0103 durat\u0103: Ofer\u0103 un strat de protec\u021bie care men\u021bine plita str\u0103lucitoare pe termen lung.<\/li>\n<li>Versatilitate: Este sigur de utilizat nu doar pe plitele vitroceramice, ci \u0219i pe o varietate de alte suprafe\u021be, cum ar fi o\u021belul inoxidabil, metalul cromat, cuprul, aluminiul, zincul, teflonul, plasticul \u0219i cauciucul.<\/li>\n<li>Recomandat pentru mediul profesional \u0219i casnic: Este ideal pentru utilizarea at\u00e2t \u00een buc\u0103t\u0103riile proprii, c\u00e2t \u0219i \u00een medii profesionale.<\/li>\n<\/ul>\n<p style=\"color:#ffff; margin-bottom: 8px;\">.<\/p>\n<h5><strong>How to use:<\/strong><\/h5>\n<ul>\n<li>Pentru \u00eendep\u0103rtarea depunerilor de m\u00e2ncare de pe plit\u0103 se recomand\u0103 folosirea unei raclete sau a unei c\u00e2rpe.<\/li>\n<li>Solu\u021bia de cur\u0103\u021bare trebuie aplicat\u0103 uniform pe \u00eentreaga suprafa\u021b\u0103 dorit\u0103 prin pulverizare.<\/li>\n<li>Se recomand\u0103 l\u0103sarea solu\u021biei s\u0103 ac\u021bioneze timp de c\u00e2teva minute pentru a dizolva murd\u0103ria.<\/li>\n<li>Suprafa\u021ba trebuie cur\u0103\u021bat\u0103 utiliz\u00e2nd o lavet\u0103 textil\u0103 sau un burete moale pentru a \u00eendep\u0103rta murd\u0103ria.<\/li>\n<li>Pentru a ob\u021bine un luciu sclipitor \u0219i pentru a proteja suprafa\u021ba nu este necesar\u0103 cl\u0103tirea ulterioar\u0103.<\/li>\n<\/ul>\n<p style=\"color:#ffff; margin-bottom: 8px;\">.<\/p>\n<h5><strong>Composition<\/strong>:<\/h5>\n<p>Formula sa avansat\u0103 combin\u0103 ingrediente puternice de cur\u0103\u021bare cu propriet\u0103\u021bi de protec\u021bie, asigur\u00e2nd rezultate de top f\u0103r\u0103 a afecta suprafe\u021bele tratate.<\/p>\n<h5><strong>Precautions:<\/strong><\/h5>\n<ul>\n<li>A se evita contactul cu ochii \u0219i pielea.<\/li>\n<li>A se p\u0103stra bine \u00eenchis, \u00een ambalajul original, \u00eentr-un loc r\u0103coros \u0219i uscat.<\/li>\n<li>A se p\u0103stra departe de copii \u0219i animale de companie.<\/li>\n<li>A nu se ingera. Se recomand\u0103 evitarea inhal\u0103rii vaporilor.<\/li>\n<li>Se recomand\u0103 citirea cu aten\u021bie a etichetei \u00eenainte de utilizare.<\/li>\n<li>A se utiliza \u00eentr-un spa\u021biu bine ventilat.<\/li>\n<\/ul>","protected":false},"excerpt":{"rendered":"<p><strong>KLINTENSIV &#8211; Solu\u021bie Cur\u0103\u021bare Plita Vitroceramic\u0103<\/strong> \u00eembun\u0103t\u0103\u021be\u0219te str\u0103lucirea \u0219i finisajul tuturor suprafe\u021belor lucioase, cum ar fi plita vitroceramic\u0103 sau cu induc\u021bie. Plitele ceramice aduc un plus de elegan\u021b\u0103 buc\u0103t\u0103riei, dar cur\u0103\u021barea lor poate fi o provocare din cauza depunerilor de gr\u0103sime \u00eencrustate. Cu ajutorul KLINTENSIV &#8211; Solu\u021bie Cur\u0103\u021bare Plita Vitroceramic\u0103, aceast\u0103 sarcin\u0103 devine u\u0219oar\u0103 \u0219i rapid\u0103. Formula sa special\u0103 ac\u021bioneaz\u0103 eficient, l\u0103s\u00e2nd plita curat\u0103, igienizat\u0103 \u0219i complet func\u021bional\u0103. Str\u0103lucirea de lung\u0103 durat\u0103 asigurat\u0103 de acest produs \u00eembun\u0103t\u0103\u021be\u0219te aspectul plitei \u0219i men\u021bine cur\u0103\u021benia pentru o perioad\u0103 \u00eendelungat\u0103. Nu mai trebuie s\u0103 v\u0103 face\u021bi griji pentru depunerile de gr\u0103sime \u00eenc\u0103p\u0103\u021b\u00e2nate &#8211; KLINTENSIV este solu\u021bia perfect\u0103 pentru a v\u0103 men\u021bine plita mereu impecabil\u0103.<\/p>","protected":false},"featured_media":5394,"comment_status":"open","ping_status":"closed","template":"","meta":[],"product_cat":[151,149],"product_tag":[],"class_list":{"0":"post-6084","1":"product","2":"type-product","3":"status-publish","4":"has-post-thumbnail","6":"product_cat-bucatarie","7":"product_cat-produse-curatenie","9":"first","10":"instock","11":"purchasable","12":"product-type-simple"},"_links":{"self":[{"href":"https:\/\/klin.managementpro.ro\/en\/wp-json\/wp\/v2\/product\/6084","targetHints":{"allow":["GET"]}}],"collection":[{"href":"https:\/\/klin.managementpro.ro\/en\/wp-json\/wp\/v2\/product"}],"about":[{"href":"https:\/\/klin.managementpro.ro\/en\/wp-json\/wp\/v2\/types\/product"}],"replies":[{"embeddable":true,"href":"https:\/\/klin.managementpro.ro\/en\/wp-json\/wp\/v2\/comments?post=6084"}],"wp:featuredmedia":[{"embeddable":true,"href":"https:\/\/klin.managementpro.ro\/en\/wp-json\/wp\/v2\/media\/5394"}],"wp:attachment":[{"href":"https:\/\/klin.managementpro.ro\/en\/wp-json\/wp\/v2\/media?parent=6084"}],"wp:term":[{"taxonomy":"product_cat","embeddable":true,"href":"https:\/\/klin.managementpro.ro\/en\/wp-json\/wp\/v2\/product_cat?post=6084"},{"taxonomy":"product_tag","embeddable":true,"href":"https:\/\/klin.managementpro.ro\/en\/wp-json\/wp\/v2\/product_tag?post=6084"}],"curies":[{"name":"wp","href":"https:\/\/api.w.org\/{rel}","templated":true}]}}