{"id":6108,"date":"2024-07-23T16:46:28","date_gmt":"2024-07-23T16:46:28","guid":{"rendered":"https:\/\/klin.managementpro.ro\/?post_type=product&#038;p=6108"},"modified":"2024-07-23T16:46:35","modified_gmt":"2024-07-23T16:46:35","slug":"nebulizator-cube-s","status":"publish","type":"product","link":"https:\/\/klin.managementpro.ro\/en\/product\/nebulizator-cube-s\/","title":{"rendered":"Nebulizator CUBE S"},"content":{"rendered":"<p>Noul CUBE S este nebulizatorul de dezinfec\u021bie ideal, conceput pentru decontaminarea at\u00e2t a locuin\u021belor, precum \u0219i a spa\u021biilor de lucru, cabinetelor medicale, camerelor de hotel, pie\u021belor, magazinelor, autobuzelor, ma\u0219inilor sau oric\u0103rui alt spa\u021biu de p\u00e2n\u0103 la 300 de metri cubi, utiliz\u00e2nd un biocid aprobat.<\/p>\n<p>Aceast\u0103 form\u0103 de decontaminare a aerului elimin\u0103 riscul de contaminare \u00eencruci\u0219at\u0103. Distruge 99,99% din toate virusurile, bacteriile \u0219i mucegaiurile cunoscute, inclusiv SARS COV-2.<\/p>\n<div class=\"col-sm-4\">\n<p><strong>Potrivit pentru case \u0219i spa\u021bii de lucru mici<\/strong><\/p>\n<p>Dimensiunile reduse ale acestui dispozitiv \u00eel fac portabil \u0219i u\u0219or de instalat \u00een orice camer\u0103 sau birou.<\/p>\n<p><strong>Sigur<\/strong><\/p>\n<p>Opera\u021biunea se desf\u0103\u0219oar\u0103 \u00een condi\u021bii de siguran\u021b\u0103, f\u0103r\u0103 prezen\u021ba uman\u0103. Nebulizatorul de dezinfec\u021bie CUBE S garanteaz\u0103 un proces de decontaminare perfect, rapid \u0219i eficient pentru s\u0103n\u0103tatea dumneavoastr\u0103.<\/p>\n<p><strong>U\u0219or de folosit<\/strong><\/p>\n<p>Noul CUBE S este foarte u\u0219or de utilizat \u0219i extrem de intuitiv. CUBE S are doar un buton pentru pornire\/ oprire \u0219i nu necesit\u0103 un instructaj suplimentar.<\/p>\n<p>Pentru mai multe detalii despre acest model de nebulizator <a href=\"https:\/\/www.cubeatomizers.com\/ro\/produs\/cube-s-300-m%c2%b3\/\" target=\"_blank\" rel=\"noopener noreferrer\">click aici<\/a><\/p>\n<\/div>","protected":false},"excerpt":{"rendered":"<p style=\"text-align: justify;\">Noul CUBE S este nebulizatorul de dezinfec\u021bie ideal, conceput pentru decontaminarea at\u00e2t a locuin\u021belor, precum \u0219i a spa\u021biilor de lucru, cabinetelor medicale, camerelor de hotel, pie\u021belor, magazinelor, autobuzelor, ma\u0219inilor sau oric\u0103rui alt spa\u021biu de p\u00e2n\u0103 la 300 de metri cubi, utiliz\u00e2nd un biocid aprobat.<\/p>","protected":false},"featured_media":5443,"comment_status":"open","ping_status":"closed","template":"","meta":[],"product_cat":[52,163,60,164,165],"product_tag":[],"class_list":{"0":"post-6108","1":"product","2":"type-product","3":"status-publish","4":"has-post-thumbnail","6":"product_cat-dezinfectanti-medicali","7":"product_cat-dispozitive-si-echipamente","8":"product_cat-microaeroflora","9":"product_cat-nebulizatoare","10":"product_cat-nebulizatoare-microaeroflora","12":"first","13":"instock","14":"purchasable","15":"product-type-simple"},"_links":{"self":[{"href":"https:\/\/klin.managementpro.ro\/en\/wp-json\/wp\/v2\/product\/6108","targetHints":{"allow":["GET"]}}],"collection":[{"href":"https:\/\/klin.managementpro.ro\/en\/wp-json\/wp\/v2\/product"}],"about":[{"href":"https:\/\/klin.managementpro.ro\/en\/wp-json\/wp\/v2\/types\/product"}],"replies":[{"embeddable":true,"href":"https:\/\/klin.managementpro.ro\/en\/wp-json\/wp\/v2\/comments?post=6108"}],"wp:featuredmedia":[{"embeddable":true,"href":"https:\/\/klin.managementpro.ro\/en\/wp-json\/wp\/v2\/media\/5443"}],"wp:attachment":[{"href":"https:\/\/klin.managementpro.ro\/en\/wp-json\/wp\/v2\/media?parent=6108"}],"wp:term":[{"taxonomy":"product_cat","embeddable":true,"href":"https:\/\/klin.managementpro.ro\/en\/wp-json\/wp\/v2\/product_cat?post=6108"},{"taxonomy":"product_tag","embeddable":true,"href":"https:\/\/klin.managementpro.ro\/en\/wp-json\/wp\/v2\/product_tag?post=6108"}],"curies":[{"name":"wp","href":"https:\/\/api.w.org\/{rel}","templated":true}]}}