{"id":6109,"date":"2024-07-23T16:46:28","date_gmt":"2024-07-23T16:46:28","guid":{"rendered":"https:\/\/klin.managementpro.ro\/?post_type=product&#038;p=6109"},"modified":"2024-07-23T16:46:35","modified_gmt":"2024-07-23T16:46:35","slug":"nebulizator-cube-m","status":"publish","type":"product","link":"https:\/\/klin.managementpro.ro\/en\/product\/nebulizator-cube-m\/","title":{"rendered":"Nebulizator CUBE M"},"content":{"rendered":"<p><strong>Nebulizator CUBE M<\/strong> este conceput pentru a decontamina spa\u021bii de p\u00e2n\u0103 la 12.500 de metri cubi. Astfel, este solu\u021bia ideal\u0103 de dezinfec\u021bie pentru spitale \u0219i cabinete medicale, \u0219coli, restaurante, fabrici \u0219i alte institu\u021bii.<\/p>\n<p>Seria M de nebulizatoare este disponibil\u0103 \u00een trei versiuni, \u00een func\u021bie de dimensiunile rezervorului: M, M\/T12 \u0219i M\/T25.<\/p>\n<p>CUBE M standard are un rezervor integrat de 5L \u0219i acoper\u0103 1.250 metri cubi.<\/p>\n<div class=\"col-sm-4\">\n<p><strong>Tehnologie unic\u0103 pentru nebulizator CUBE M<\/strong><\/p>\n<p>Sistemul inovator al CUBE M transform\u0103 biocidul \u00een microparticule care r\u0103m\u00e2n \u00een aer mult timp, asigur\u00e2nd decontaminarea total\u0103 a volumului tratat.<\/p>\n<p><strong>Practic \u0219i eficient<\/strong><\/p>\n<p>Sistemul de transport integrat asigur\u0103 manevrabilitatea dispozitivului \u0219i faciliteaz\u0103 amplasarea nebulizatorului aproape oriunde.<\/p>\n<p><strong>Control Wi-Fi<\/strong><\/p>\n<p>Op\u021bional, seria CUBE M poate fi echipat\u0103 cu un modul de control Wi-Fi.<\/p>\n<\/div>\n<div class=\"col-sm-4\">\n<p>Pentru mai multe detalii despre acest model de nebulizator <a href=\"https:\/\/www.cubeatomizers.com\/ro\/produs\/cube-m-2500-m%c2%b3\/\" target=\"_blank\" rel=\"noopener noreferrer\">click aici<\/a><\/p>\n<\/div>","protected":false},"excerpt":{"rendered":"<p>Nebulizatorul CUBE M este conceput pentru a decontamina spa\u021bii de p\u00e2n\u0103 la 12.500 de metri cubi. Astfel, este solu\u021bia ideal\u0103 de dezinfec\u021bie pentru spitale \u0219i cabinete medicale, \u0219coli, restaurante, fabrici \u0219i alte institu\u021bii.<\/p>","protected":false},"featured_media":5444,"comment_status":"open","ping_status":"closed","template":"","meta":[],"product_cat":[52,163,60,167,164,165],"product_tag":[],"class_list":{"0":"post-6109","1":"product","2":"type-product","3":"status-publish","4":"has-post-thumbnail","6":"product_cat-dezinfectanti-medicali","7":"product_cat-dispozitive-si-echipamente","8":"product_cat-microaeroflora","9":"product_cat-microaeroflora-klinall","10":"product_cat-nebulizatoare","11":"product_cat-nebulizatoare-microaeroflora","13":"first","14":"outofstock","15":"purchasable","16":"product-type-simple"},"_links":{"self":[{"href":"https:\/\/klin.managementpro.ro\/en\/wp-json\/wp\/v2\/product\/6109","targetHints":{"allow":["GET"]}}],"collection":[{"href":"https:\/\/klin.managementpro.ro\/en\/wp-json\/wp\/v2\/product"}],"about":[{"href":"https:\/\/klin.managementpro.ro\/en\/wp-json\/wp\/v2\/types\/product"}],"replies":[{"embeddable":true,"href":"https:\/\/klin.managementpro.ro\/en\/wp-json\/wp\/v2\/comments?post=6109"}],"wp:featuredmedia":[{"embeddable":true,"href":"https:\/\/klin.managementpro.ro\/en\/wp-json\/wp\/v2\/media\/5444"}],"wp:attachment":[{"href":"https:\/\/klin.managementpro.ro\/en\/wp-json\/wp\/v2\/media?parent=6109"}],"wp:term":[{"taxonomy":"product_cat","embeddable":true,"href":"https:\/\/klin.managementpro.ro\/en\/wp-json\/wp\/v2\/product_cat?post=6109"},{"taxonomy":"product_tag","embeddable":true,"href":"https:\/\/klin.managementpro.ro\/en\/wp-json\/wp\/v2\/product_tag?post=6109"}],"curies":[{"name":"wp","href":"https:\/\/api.w.org\/{rel}","templated":true}]}}