{"id":6114,"date":"2024-07-23T16:46:36","date_gmt":"2024-07-23T16:46:36","guid":{"rendered":"https:\/\/klin.managementpro.ro\/?post_type=product&#038;p=6114"},"modified":"2024-07-23T16:46:39","modified_gmt":"2024-07-23T16:46:39","slug":"glutanol-rtu-dezinfectant-pentru-suprafete-si-instrumentar-1-litru","status":"publish","type":"product","link":"https:\/\/klin.managementpro.ro\/en\/product\/glutanol-rtu-dezinfectant-pentru-suprafete-si-instrumentar-1-litru\/","title":{"rendered":"GLUTANOL\u00ae RTU - Surface and instrument disinfectant, 1 liter"},"content":{"rendered":"<p style=\"text-align: justify;\"><strong>GLUTANOL RTU<\/strong> este o solutie hidroalcoolica de glutaraldehida, cu activator, gata de utilizare pentru dezinfectare de nivel inalt si sterilizare chimica. Adaosul de alcool imbunatateste activitatea micobactericida a glutaraldehidei (in special pe cele tuberculoase).<br \/>\nSolutia de GLUTANOL RTU se utilizeaza ca <strong>sterilizant chimic si dezinfectant de nivel \u00eenalt<\/strong>, cu actiune rapida (5 minute la temperatura camerei) asupra bacteriilor vegetative, fungilor, micobacteriilor, virusurilor precum si a formelor sporulate.<br \/>\nGLUTANOL RTU este indicat pentru sterilizarea chimica a unei variet\u0103\u021bi de echipamente critice\/semicritice.<br \/>\n<strong>Nu este coroziva<\/strong>, ideala pentru utilizarea pe echipamente \u0219i instrumente sensibile la c\u0103ldur\u0103. Nu este necesar\u0103 diluarea. Aceasta formula nu con\u021bine agenti tensioactivi. <strong>Inainte de utilizare necesita activare.<\/strong><\/p>\n<p style=\"text-align: justify;\">The product has\u00a0<strong>AVIZ BIOCID Nr. 5095BIO\/02\/12.24<\/strong> eliberat de Ministerul Sanatatii &#8211; Comisia Nationala pentru Produse Biocide. Substante active: Glutaraldehida 2,4%, ethanol 15%.<\/p>\n<p style=\"text-align: justify;\"><strong>Product benefits:<\/strong><\/p>\n<ul>\n<li>high-level disinfectant<\/li>\n<li>sterilizare chimica<\/li>\n<li>are actiune biocida certificata<\/li>\n<li>nu este coroziv<\/li>\n<li>adaos de alcool<\/li>\n<li>testat conform normelor UE \u00een vigoare<\/li>\n<li>ulilizare: stergere sau imersie<\/li>\n<\/ul>\n<p><strong>User category:<\/strong><\/p>\n<p>Industriali si profesionali<\/p>","protected":false},"excerpt":{"rendered":"<p>Solutia de GLUTANOL RTU se utilizeaza ca sterilizant chimic si dezinfectant de nivel \u00eenalt, cu actiune rapida (5 minute la temperatura camerei) asupra bacteriilor vegetative, fungilor, micobacteriilor, virusurilor precum si a formelor sporulate. <strong>NU ARE<\/strong> indicatie de utilizare in unitati sanitare.<\/p>","protected":false},"featured_media":5449,"comment_status":"open","ping_status":"closed","template":"","meta":[],"product_cat":[125],"product_tag":[],"class_list":{"0":"post-6114","1":"product","2":"type-product","3":"status-publish","4":"has-post-thumbnail","6":"product_cat-institutional","8":"first","9":"instock","10":"purchasable","11":"product-type-simple"},"_links":{"self":[{"href":"https:\/\/klin.managementpro.ro\/en\/wp-json\/wp\/v2\/product\/6114","targetHints":{"allow":["GET"]}}],"collection":[{"href":"https:\/\/klin.managementpro.ro\/en\/wp-json\/wp\/v2\/product"}],"about":[{"href":"https:\/\/klin.managementpro.ro\/en\/wp-json\/wp\/v2\/types\/product"}],"replies":[{"embeddable":true,"href":"https:\/\/klin.managementpro.ro\/en\/wp-json\/wp\/v2\/comments?post=6114"}],"wp:featuredmedia":[{"embeddable":true,"href":"https:\/\/klin.managementpro.ro\/en\/wp-json\/wp\/v2\/media\/5449"}],"wp:attachment":[{"href":"https:\/\/klin.managementpro.ro\/en\/wp-json\/wp\/v2\/media?parent=6114"}],"wp:term":[{"taxonomy":"product_cat","embeddable":true,"href":"https:\/\/klin.managementpro.ro\/en\/wp-json\/wp\/v2\/product_cat?post=6114"},{"taxonomy":"product_tag","embeddable":true,"href":"https:\/\/klin.managementpro.ro\/en\/wp-json\/wp\/v2\/product_tag?post=6114"}],"curies":[{"name":"wp","href":"https:\/\/api.w.org\/{rel}","templated":true}]}}