{"id":6117,"date":"2024-07-23T16:46:36","date_gmt":"2024-07-23T16:46:36","guid":{"rendered":"https:\/\/klin.managementpro.ro\/?post_type=product&#038;p=6117"},"modified":"2024-07-23T16:46:39","modified_gmt":"2024-07-23T16:46:39","slug":"klintensiv-3-amino-dezinfectant-concentrat-pentru-suprafete-5-litri","status":"publish","type":"product","link":"https:\/\/klin.managementpro.ro\/en\/product\/klintensiv-3-amino-dezinfectant-concentrat-pentru-suprafete-5-litri\/","title":{"rendered":"KLINTENSIV\u00ae 3-Amino - Concentrated surface disinfectant, 5 liters"},"content":{"rendered":"<p><strong>KLINTENSIV\u00ae 3-AMINO<\/strong> este un dezinfectant concentrat, cu puternic efect bactericid, fungicid si levuricid destinat pentru dezinfectarea suprafetelor din<strong>\u00a0institutii publice<\/strong> (scoli, azile de batrani, hoteluri, sali de sport, sali de conferinta, aeroporturi, gari, autogari, hale industrial, etc). Are actiune rapida fiind un produs recomandat pentru utilizari frecvente.<\/p>\n<p><strong>KLINTENSIV\u00ae 3-AMINO nu mai are indicatie de utilizare in institutii medicale.<\/strong><\/p>\n<p><strong>KLINTENSIV\u00ae 3-AMINO <\/strong>este un produs economic, fiind activ la concentratii mici ale solutiei de lucru, avand o formula activa ce asigura un film protector impotriva recontaminarii. Este un produs biodegradabil.<br \/>\nSe dilueaz\u0103 la 0,25%, adic\u0103 25 ml produs concentrat se dilueaz\u0103 \u00een 9,975 L de ap\u0103. Se agita bine solutia pentru o buna omogenizare. Se aplica prin pulverizare sau prin stergere cu laveta sau mopul. Se distribuie uniform pe intreaga suprafata si pe obiecte, apoi se lasa sa actioneze 5 minute, iar in tot acest timp suprafata trebuie sa ramana umed\u0103.<\/p>\n<p>The product has <strong>AVIZ BIOCID Nr. 5240BIO\/02\/12.24 <\/strong> eliberat de Ministerul Sanatatii &#8211; Comisia Nationala pentru Produse Biocide. Substante active: N,N-(3-aminopropil)-N-dodecilpropan-1,3-diamin\u0103 (Diamin\u0103) concentratie in unitati metrice 15,3%; N,N-didecil-N-metil -polioxietil propionat de amoniu (Bardap 26)\u00a0concentratie in unitati metrice 14%.<\/p>\n<p style=\"text-align: justify;\"><strong>Product benefits:<\/strong><\/p>\n<ul>\n<li>dezinfectant profesional concentrat<\/li>\n<li>produs economic, se dilueaz\u0103 la 0,25%<\/li>\n<li>certified broad-spectrum biocide<\/li>\n<li>asigura un film protector impotriva recontaminarii<\/li>\n<li>produs biodegradabil<\/li>\n<li>tested according to EU rules<\/li>\n<\/ul>\n<p style=\"text-align: justify;\"><strong>Type of biocidal product according to the legislation in force (EU Regulation 528\/2012)<\/strong><\/p>\n<p style=\"text-align: justify;\"><strong>Active substance:<\/strong> compusi de amoniu cuaternar, clorura de didecildimetilamoniu.<\/p>\n<p style=\"text-align: justify;\"><strong>Main group 1:<\/strong> Disinfectants and biocidal products<\/p>\n<p style=\"text-align: justify;\"><strong>Product type TP2:<\/strong> Dezinfectant pentru suprafete<\/p>\n<p style=\"text-align: justify;\"><strong>User category<\/strong>: professionals<\/p>\n<p style=\"text-align: justify;\"><strong>Attention<\/strong>: Acest produs este destinat pentru uz profesional si se va folosi de catre personal calificat, cu cunoasterea normelor de siguranta in domeniu. Este recomandata depozitarea in spatii inchise, curate, bine aerisite, cu temperaturi cuprinse intre + 5 \u00b0C si + 30\u00b0C. Fiecare lot de livrare va fi insotit de documentul de certificare a calitatii intocmit conform dispozitiilor legale in vigoare, respectiv declaratia de conformitate intocmita pe baza fiselor tehnice, a buletinelor de analiza si a avizului sanitar. Este indicat a se evita contactul acestuia cu alte produse cu activitate biocida, sau cu alti detergenti in special cu cei care contin surfactanti anionici sau aldehide.<\/p>","protected":false},"excerpt":{"rendered":"<p style=\"text-align: justify;\">KLINTENSIV\u00ae 3-AMINO este un dezinfectant concentrat, cu puternic efect bactericid, fungicid si levuricid destinat pentru dezinfectarea suprafetelor din<strong>\u00a0institutii publice<\/strong> (scoli, azile de batrani, hoteluri, sali de sport, sali de conferinta, aeroporturi, gari, autogari, hale industrial, etc). Are actiune rapida fiind un produs recomandat pentru utilizari frecvente.<\/p>","protected":false},"featured_media":5452,"comment_status":"open","ping_status":"closed","template":"","meta":[],"product_cat":[125],"product_tag":[],"class_list":{"0":"post-6117","1":"product","2":"type-product","3":"status-publish","4":"has-post-thumbnail","6":"product_cat-institutional","8":"first","9":"outofstock","10":"purchasable","11":"product-type-simple"},"_links":{"self":[{"href":"https:\/\/klin.managementpro.ro\/en\/wp-json\/wp\/v2\/product\/6117","targetHints":{"allow":["GET"]}}],"collection":[{"href":"https:\/\/klin.managementpro.ro\/en\/wp-json\/wp\/v2\/product"}],"about":[{"href":"https:\/\/klin.managementpro.ro\/en\/wp-json\/wp\/v2\/types\/product"}],"replies":[{"embeddable":true,"href":"https:\/\/klin.managementpro.ro\/en\/wp-json\/wp\/v2\/comments?post=6117"}],"wp:featuredmedia":[{"embeddable":true,"href":"https:\/\/klin.managementpro.ro\/en\/wp-json\/wp\/v2\/media\/5452"}],"wp:attachment":[{"href":"https:\/\/klin.managementpro.ro\/en\/wp-json\/wp\/v2\/media?parent=6117"}],"wp:term":[{"taxonomy":"product_cat","embeddable":true,"href":"https:\/\/klin.managementpro.ro\/en\/wp-json\/wp\/v2\/product_cat?post=6117"},{"taxonomy":"product_tag","embeddable":true,"href":"https:\/\/klin.managementpro.ro\/en\/wp-json\/wp\/v2\/product_tag?post=6117"}],"curies":[{"name":"wp","href":"https:\/\/api.w.org\/{rel}","templated":true}]}}