{"id":6121,"date":"2024-07-23T16:46:36","date_gmt":"2024-07-23T16:46:36","guid":{"rendered":"https:\/\/klin.managementpro.ro\/?post_type=product&#038;p=6121"},"modified":"2024-07-23T16:46:40","modified_gmt":"2024-07-23T16:46:40","slug":"klinall-dezinfectant-antifungic-500-ml","status":"publish","type":"product","link":"https:\/\/klin.managementpro.ro\/en\/product\/klinall-dezinfectant-antifungic-500-ml\/","title":{"rendered":"KlinAll\u00ae &#8211; Dezinfectant antifungic, 500 ml"},"content":{"rendered":"<p><strong>KlinAll<sup>\u00ae <\/sup>produs gata de utilizare<\/strong> este un dezinfectant dezodorizant multi-suprafe\u021be cu performan\u021be fungicide, bactericide \u0219i virucide dovedite. Este un amestec de s\u0103ruri cuaternare de amoniu, pentru tratarea la suprafa\u021b\u0103 \u0219i \u00een profunzime a suprafe\u021belor contaminate cu fungi, bacterii, drojdii sau mucegaiuri vizibile (\u00een general sub form\u0103 de igrasie). Produsul este unul puternic antifungic \u0219i dezodorizant, fiind folosit pe zonele unde apare mucegai. Acesta se poate utiliza \u0219i \u00eenainte de aplicarea vopselurilor lavabile, \u00eenainte de realizarea tencuielilor decorative sau \u00eenainte de aplicarea unui produs a c\u0103rui calitate poate fi influen\u021bat\u0103 negativ de contaminan\u021bii microbieni. NU con\u021bine aldehide \u0219i fenoli.<\/p>\n<p><strong>Produsul nu albeste, nu ingalbeneste si nu curata petele negre de pe suprafata afectata insa compusii cuaternari de amoniu au eficienta antifungica pe termen lung!\u00a0<\/strong><\/p>\n<p><strong>How to use<\/strong>: Se pulverizeaz\u0103 solu\u021bia gata de utilizare pe suprafa\u021ba dorit\u0103 \u0219i se las\u0103 s\u0103 ac\u021bioneze timp de 60 minute. *Elimin\u0103 microorganisme responsabile cu apari\u021bia a peste 90 de boli rezultate \u00een urma unei infect\u0103ri.<\/p>\n<p>Approved by the Ministry of Health under no. 5460BIO\/02\/12.24<\/p>\n<p>Manufacturer: KLINTENSIV SRL<\/p>","protected":false},"excerpt":{"rendered":"<p style=\"text-align: justify;\"><strong>KlinAll<sup>\u00ae <\/sup>produs gata de utilizare<\/strong> este un dezinfectant dezodorizant multi-suprafe\u021be cu performan\u021be fungicide, bactericide \u0219i virucide dovedite.<\/p>","protected":false},"featured_media":5458,"comment_status":"open","ping_status":"closed","template":"","meta":[],"product_cat":[150,166,149,176],"product_tag":[],"class_list":{"0":"post-6121","1":"product","2":"type-product","3":"status-publish","4":"has-post-thumbnail","6":"product_cat-baie","7":"product_cat-dezinfectanti-uz-casnic","8":"product_cat-produse-curatenie","9":"product_cat-suprafete-klinall","11":"first","12":"instock","13":"purchasable","14":"product-type-simple"},"_links":{"self":[{"href":"https:\/\/klin.managementpro.ro\/en\/wp-json\/wp\/v2\/product\/6121","targetHints":{"allow":["GET"]}}],"collection":[{"href":"https:\/\/klin.managementpro.ro\/en\/wp-json\/wp\/v2\/product"}],"about":[{"href":"https:\/\/klin.managementpro.ro\/en\/wp-json\/wp\/v2\/types\/product"}],"replies":[{"embeddable":true,"href":"https:\/\/klin.managementpro.ro\/en\/wp-json\/wp\/v2\/comments?post=6121"}],"wp:featuredmedia":[{"embeddable":true,"href":"https:\/\/klin.managementpro.ro\/en\/wp-json\/wp\/v2\/media\/5458"}],"wp:attachment":[{"href":"https:\/\/klin.managementpro.ro\/en\/wp-json\/wp\/v2\/media?parent=6121"}],"wp:term":[{"taxonomy":"product_cat","embeddable":true,"href":"https:\/\/klin.managementpro.ro\/en\/wp-json\/wp\/v2\/product_cat?post=6121"},{"taxonomy":"product_tag","embeddable":true,"href":"https:\/\/klin.managementpro.ro\/en\/wp-json\/wp\/v2\/product_tag?post=6121"}],"curies":[{"name":"wp","href":"https:\/\/api.w.org\/{rel}","templated":true}]}}