{"id":6123,"date":"2024-07-23T16:46:36","date_gmt":"2024-07-23T16:46:36","guid":{"rendered":"https:\/\/klin.managementpro.ro\/?post_type=product&#038;p=6123"},"modified":"2024-07-23T16:46:41","modified_gmt":"2024-07-23T16:46:41","slug":"klinall-dezinfectant-antifungic-5-litri","status":"publish","type":"product","link":"https:\/\/klin.managementpro.ro\/en\/product\/klinall-dezinfectant-antifungic-5-litri\/","title":{"rendered":"KlinAll\u00ae &#8211; Dezinfectant antifungic, 5 litri"},"content":{"rendered":"<p>Descoperi\u021bi puterea dezinfect\u0103rii \u0219i protec\u021biei durabile cu KlinAll\u00ae &#8211; partenerul de \u00eencredere \u00een lupta \u00eempotriva microorganismelor nedorite! Gata de utilizare, acest dezinfectant dezodorizant multi-suprafe\u021be este echilibrul perfect \u00eentre performan\u021b\u0103 \u0219i siguran\u021b\u0103.<\/p>\n<h5><strong>Benefits:<\/strong><\/h5>\n<ul>\n<li>Performan\u021be dovedite: Cu propriet\u0103\u021bi fungicide, bactericide \u0219i virucide, KlinAll\u00ae este solu\u021bia ideal\u0103 pentru eliminarea microorganismelor d\u0103un\u0103toare de pe suprafe\u021be.<\/li>\n<li>Antifungic puternic: Lupt\u0103 \u00eempotriva mucegaiului \u0219i a altor ciuperci, oferind o protec\u021bie eficient\u0103 pe termen lung.<\/li>\n<li>Dezodorizant activ: Nu doar elimin\u0103 microorganismele, ci \u0219i \u00eendep\u0103rteaz\u0103 mirosurile nepl\u0103cute, conferind un aer proasp\u0103t \u0219i curat.<\/li>\n<li>Utilizare versatil\u0103: Potrivit pentru diverse aplica\u021bii, de la tratarea suprafe\u021belor contaminate p\u00e2n\u0103 la preg\u0103tirea acestora pentru vopsire sau aplicarea altor produse sensibile la contaminare.<\/li>\n<\/ul>\n<p style=\"color:#ffff; margin-bottom: 8px;\">.<\/p>\n<h5><strong>How to use:<\/strong><\/h5>\n<ul>\n<li>Se recomand\u0103 aplicarea generoas\u0103 a solu\u021biei KlinAll\u00ae pe suprafa\u021ba respectiv\u0103.<\/li>\n<li>Se las\u0103 produsul s\u0103 ac\u021bioneze timp de 60 de minute pentru a asigura o dezinfectare complet\u0103 \u0219i eficient\u0103.<\/li>\n<li>Pentru a \u00eendep\u0103rta reziduurile se \u0219terge sau se cl\u0103te\u0219te cu ap\u0103.<\/li>\n<\/ul>\n<p style=\"color:#ffff; margin-bottom: 8px;\">.<\/p>\n<h5><strong>Composition:<\/strong><\/h5>\n<p>KlinAll\u00ae este un amestec special de s\u0103ruri cuaternare de amoniu, av\u00e2nd la baz\u0103 o formul\u0103 care elimin\u0103 eficient microorganismele, f\u0103r\u0103 s\u0103 con\u021bin\u0103 aldehide sau fenoli.<\/p>\n<p>Approved by the Ministry of Health under no. 5460BIO\/02\/12.24<\/p>\n<p>&nbsp;<\/p>","protected":false},"excerpt":{"rendered":"<p>Descoperi\u021bi eficien\u021ba dovedit\u0103 a <strong>Dezinfectantului Dezodorizant Multi-suprafe\u021be KlinAll\u00ae<\/strong>. Formula sa puternic\u0103 utilizeaz\u0103 s\u0103ruri cuaternare de amoniu pentru a trata \u00een profunzime suprafe\u021bele contaminate cu fungi, bacterii \u0219i drojdii. Combate mucegaiul vizibil \u0219i elimin\u0103 petele de igrasie f\u0103r\u0103 s\u0103 albeasc\u0103 sau s\u0103 \u00eeng\u0103lbeneasc\u0103 suprafa\u021ba. Ideal pentru utilizare \u00eenainte de vopsire sau aplicarea tencuielilor decorative, KlinAll\u00ae este partenerul de \u00eencredere \u00een lupta \u00eempotriva contamin\u0103rii microbiene. Ac\u021bioneaz\u0103 rapid \u0219i elimin\u0103 microorganismele responsabile de peste 90 de boli. Avizat de Ministerul S\u0103n\u0103t\u0103\u021bii, produsul nostru este sigur \u0219i eficient pentru un mediu mai s\u0103n\u0103tos \u0219i mai curat.<\/p>","protected":false},"featured_media":5460,"comment_status":"open","ping_status":"closed","template":"","meta":[],"product_cat":[150,166,149,176],"product_tag":[],"class_list":{"0":"post-6123","1":"product","2":"type-product","3":"status-publish","4":"has-post-thumbnail","6":"product_cat-baie","7":"product_cat-dezinfectanti-uz-casnic","8":"product_cat-produse-curatenie","9":"product_cat-suprafete-klinall","11":"first","12":"outofstock","13":"purchasable","14":"product-type-simple"},"_links":{"self":[{"href":"https:\/\/klin.managementpro.ro\/en\/wp-json\/wp\/v2\/product\/6123","targetHints":{"allow":["GET"]}}],"collection":[{"href":"https:\/\/klin.managementpro.ro\/en\/wp-json\/wp\/v2\/product"}],"about":[{"href":"https:\/\/klin.managementpro.ro\/en\/wp-json\/wp\/v2\/types\/product"}],"replies":[{"embeddable":true,"href":"https:\/\/klin.managementpro.ro\/en\/wp-json\/wp\/v2\/comments?post=6123"}],"wp:featuredmedia":[{"embeddable":true,"href":"https:\/\/klin.managementpro.ro\/en\/wp-json\/wp\/v2\/media\/5460"}],"wp:attachment":[{"href":"https:\/\/klin.managementpro.ro\/en\/wp-json\/wp\/v2\/media?parent=6123"}],"wp:term":[{"taxonomy":"product_cat","embeddable":true,"href":"https:\/\/klin.managementpro.ro\/en\/wp-json\/wp\/v2\/product_cat?post=6123"},{"taxonomy":"product_tag","embeddable":true,"href":"https:\/\/klin.managementpro.ro\/en\/wp-json\/wp\/v2\/product_tag?post=6123"}],"curies":[{"name":"wp","href":"https:\/\/api.w.org\/{rel}","templated":true}]}}