{"id":6124,"date":"2024-07-23T16:46:36","date_gmt":"2024-07-23T16:46:36","guid":{"rendered":"https:\/\/klin.managementpro.ro\/?post_type=product&#038;p=6124"},"modified":"2024-07-23T16:46:41","modified_gmt":"2024-07-23T16:46:41","slug":"klinall-degresant-dezinfectant-bucatarie-500-ml","status":"publish","type":"product","link":"https:\/\/klin.managementpro.ro\/en\/product\/klinall-degresant-dezinfectant-bucatarie-500-ml\/","title":{"rendered":"KlinAll\u00ae\u2013 Degresant dezinfectant bucatarie, 500 ml"},"content":{"rendered":"<p>Cu ajutorul KlinAll\u00ae Degresant dezinfectant buc\u0103t\u0103rie nu mai trebuie s\u0103 \u00ee\u021bi mai faci griji cu privire la petele de gr\u0103sime, m\u00e2ncarea ars\u0103 sau urmele de ulei care \u00ee\u0219i fac loc pe suprafe\u021bele din buc\u0103t\u0103rii \u0219i spa\u021biile de g\u0103tit. Acest produs \u00ee\u021bi permite s\u0103 cure\u021bi \u0219i s\u0103 dezinfectezi eficient \u00een acela\u0219i timp, garant\u00e2nd un mediu igienic \u0219i sigur pentru prepararea alimentelor.<\/p>\n<h5><strong>Beneficii<\/strong>:<\/h5>\n<ul>\n<li>Eficien\u021b\u0103 dovedit\u0103: KlinAll\u00ae este un produs cu performan\u021be demonstrate \u00een combaterea fungilor, bacteriilor \u0219i virusurilor, oferind utilizatorilor \u00eencrederea c\u0103 suprafe\u021bele sunt curate \u0219i sigure.<\/li>\n<li>U\u0219or de utilizat: KlinAll\u00ae se aplic\u0103 prin pulverizare pe suprafa\u021ba contaminat\u0103 \u0219i se las\u0103 s\u0103 ac\u021bioneze timp de minim 5 minute, \u00een func\u021bie de gradul de contaminare microbiologic\u0103.<\/li>\n<li>Versatilitate: Acest produs poate fi folosit pe o varietate de suprafe\u021be dure \u0219i neporoase, inclusiv echipamente de procesare a alimentelor, frigidere, chiuvete \u0219i multe altele.<\/li>\n<li>Aprobare oficial\u0103: Avizat de Ministerul S\u0103n\u0103t\u0103\u021bii sub nr. 5460BIO\/02\/12.24, KlinAll\u00ae ofer\u0103 garan\u021bia c\u0103 respect\u0103 cele mai \u00eenalte standarde de igien\u0103 \u0219i siguran\u021b\u0103.<\/li>\n<li>Mediu igienic garantat: Contribuie la prevenirea r\u0103sp\u00e2ndirii bolilor \u0219i a infec\u021biilor, asigur\u00e2nd o igien\u0103 bun\u0103 pentru suprafe\u021bele des atinse.<\/li>\n<\/ul>\n<p style=\"color:#ffff; margin-bottom: 8px;\">.<\/p>\n<h5><strong>How to use:<\/strong><\/h5>\n<p>KlinAll\u00ae se aplic\u0103 pe zona contaminat\u0103 \u0219i se las\u0103 s\u0103 ac\u021bioneze timp de minim 5 minute. Apoi solu\u021bia trebuie s\u0103 fie \u0219tears\u0103, iar suprafa\u021ba cl\u0103tit\u0103 cu ap\u0103.<\/p>\n<h5><strong>Precautions:<\/strong><\/h5>\n<ul>\n<li>A se p\u0103stra \u00een locuri r\u0103coroase \u0219i uscate, ferit de lumin\u0103 direct\u0103.<\/li>\n<li>Keep out of the reach of children.<\/li>\n<li>A se evita contactul direct cu ochii \u0219i pielea. \u00cen caz de contact este necesar\u0103 cl\u0103tirea de urgen\u021b\u0103 a acestora \u0219i \u00een cazuri severe consultarea unui medic.<\/li>\n<li>A nu se ingera.<\/li>\n<\/ul>","protected":false},"excerpt":{"rendered":"<p><strong>KlinAll\u00ae &#8211; Degresant dezinfectant buc\u0103t\u0103rie<\/strong> se folose\u0219te pentru dezinfectarea suprafe\u021belor \u0219i cur\u0103\u021barea petelor de gr\u0103sime, a m\u00e2nc\u0103rii arse, petelor de ulei de pe suprafe\u021bele din buc\u0103t\u0103riile \u0219i spa\u021biile de g\u0103tit. Aplicarea este simpl\u0103 \u0219i rapid\u0103, iar versatilitatea sa \u00eel face ideal pentru o varietate de suprafe\u021be. Avizul Ministerului S\u0103n\u0103t\u0103\u021bii este garan\u021bia c\u0103 utiliza\u021bi un produs sigur, ce respect\u0103 cele mai \u00eenalte standarde de igien\u0103. Nu l\u0103sa\u021bi gr\u0103simea \u0219i bacteriile s\u0103 v\u0103 pun\u0103 \u00een pericol s\u0103n\u0103tatea! Alege\u021bi KlinAll\u00ae \u0219i bucura\u021bi-v\u0103 de un mediu curat \u0219i sigur \u00een fiecare zi.<\/p>","protected":false},"featured_media":5461,"comment_status":"open","ping_status":"closed","template":"","meta":[],"product_cat":[151,166,149,176],"product_tag":[],"class_list":{"0":"post-6124","1":"product","2":"type-product","3":"status-publish","4":"has-post-thumbnail","6":"product_cat-bucatarie","7":"product_cat-dezinfectanti-uz-casnic","8":"product_cat-produse-curatenie","9":"product_cat-suprafete-klinall","11":"first","12":"instock","13":"purchasable","14":"product-type-simple"},"_links":{"self":[{"href":"https:\/\/klin.managementpro.ro\/en\/wp-json\/wp\/v2\/product\/6124","targetHints":{"allow":["GET"]}}],"collection":[{"href":"https:\/\/klin.managementpro.ro\/en\/wp-json\/wp\/v2\/product"}],"about":[{"href":"https:\/\/klin.managementpro.ro\/en\/wp-json\/wp\/v2\/types\/product"}],"replies":[{"embeddable":true,"href":"https:\/\/klin.managementpro.ro\/en\/wp-json\/wp\/v2\/comments?post=6124"}],"wp:featuredmedia":[{"embeddable":true,"href":"https:\/\/klin.managementpro.ro\/en\/wp-json\/wp\/v2\/media\/5461"}],"wp:attachment":[{"href":"https:\/\/klin.managementpro.ro\/en\/wp-json\/wp\/v2\/media?parent=6124"}],"wp:term":[{"taxonomy":"product_cat","embeddable":true,"href":"https:\/\/klin.managementpro.ro\/en\/wp-json\/wp\/v2\/product_cat?post=6124"},{"taxonomy":"product_tag","embeddable":true,"href":"https:\/\/klin.managementpro.ro\/en\/wp-json\/wp\/v2\/product_tag?post=6124"}],"curies":[{"name":"wp","href":"https:\/\/api.w.org\/{rel}","templated":true}]}}