{"id":6125,"date":"2024-07-23T16:46:36","date_gmt":"2024-07-23T16:46:36","guid":{"rendered":"https:\/\/klin.managementpro.ro\/?post_type=product&#038;p=6125"},"modified":"2024-07-23T16:46:41","modified_gmt":"2024-07-23T16:46:41","slug":"klinall-degresant-dezinfectant-bucatarie-1-l","status":"publish","type":"product","link":"https:\/\/klin.managementpro.ro\/en\/product\/klinall-degresant-dezinfectant-bucatarie-1-l\/","title":{"rendered":"KlinAll\u00ae\u2013 Degresant dezinfectant bucatarie, 1 l"},"content":{"rendered":"<p>KlinAll\u00ae Degresant Dezinfectant este solu\u021bia optim\u0103 \u00een lupta \u00eempotriva bacteriilor \u0219i petelor de gr\u0103sime din buc\u0103t\u0103rie. Conceput pentru a oferi o cur\u0103\u021benie impecabil\u0103 \u0219i o protec\u021bie sigur\u0103 \u00eempotriva microorganismelor, acest produs este partenerul ideal pentru men\u021binerea igienei \u00een spa\u021biile de g\u0103tit.<\/p>\n<h5><strong>Benefits:<\/strong><\/h5>\n<ul>\n<li>Putere dubl\u0103 de ac\u021biune: KlinAll\u00ae nu se limiteaz\u0103 doar la \u00eendep\u0103rtarea petelor de gr\u0103sime \u0219i m\u00e2nc\u0103rii arse, ci \u0219i la eliminarea bacteriilor, fungilor\/ciupercilor \u0219i virusurilor, garant\u00e2nd siguran\u021ba suprafe\u021belor care intr\u0103 \u00een contact cu alimentele.<\/li>\n<li>U\u0219or de utilizat: Cu ajutorul KlinAll\u00ae cur\u0103\u021barea devine un proces simplu \u0219i rapid. Produsul trebuie s\u0103 fie pulverizat pe suprafa\u021ba vizat\u0103, l\u0103sat s\u0103 ac\u021bioneze timp de minim 5 minute, iar apoi se poate \u0219terge cu o lavet\u0103.<\/li>\n<li>Versatilitate: Acest produs poate fi utilizat pe o gam\u0103 larg\u0103 de suprafe\u021be dure \u0219i neporoase, inclusiv echipamentele de procesare a alimentelor, frigiderele, chiuvetele \u0219i multe altele, oferind flexibilitate \u00een utilizare.<\/li>\n<li>Aprobare oficial\u0103: KlinAll\u00ae este avizat de Ministerul S\u0103n\u0103t\u0103\u021bii sub nr. 5460BIO\/02\/12.24 ceea ce v\u0103 asigur\u0103 c\u0103 respect\u0103 cele mai \u00eenalte standarde de calitate \u0219i siguran\u021b\u0103.<\/li>\n<\/ul>\n<p style=\"color:#ffff; margin-bottom: 8px;\">.<\/p>\n<h5><strong>How to use:<\/strong><\/h5>\n<ul>\n<li>Se aplic\u0103 KlinAll\u00ae pe suprafa\u021ba contaminat\u0103 \u0219i se las\u0103 s\u0103 ac\u021bioneze timp de minim 5 minute, \u00een func\u021bie de nivelul de contaminare microbiologic\u0103.<\/li>\n<li>Se spal\u0103 \u0219i apoi se cl\u0103te\u0219te cu ap\u0103.<\/li>\n<li>Pentru siguran\u021ba utilizatorului este recomandat s\u0103 se utilizeze \u00eentotdeauna m\u0103nu\u0219i de protec\u021bie \u00een timpul procesului.<\/li>\n<\/ul>\n<p style=\"color:#ffff; margin-bottom: 8px;\">.<\/p>\n<h5><strong>Composition:<\/strong><\/h5>\n<p>Produsul are o formul\u0103 special\u0103, gata de utilizare, care asigur\u0103 eficacitatea \u00eempotriva bacteriilor, fungilor \u0219i virusurilor, pentru a v\u0103 oferi o igien\u0103 impecabil\u0103.<\/p>\n<h5><strong>Precautions<\/strong>:<\/h5>\n<ul>\n<li>For best results, follow the instructions for use.<\/li>\n<li>Protective gloves are recommended.<\/li>\n<li>The product should be stored in optimal conditions, in a well-ventilated area.<\/li>\n<\/ul>","protected":false},"excerpt":{"rendered":"<p>Descoperi\u021bi secretul cur\u0103\u021beniei perfecte cu <strong>KlinAll\u00ae Degresant Dezinfectant<\/strong>! Puterea sa dubl\u0103 \u00eendep\u0103rteaz\u0103 petele de gr\u0103sime \u0219i m\u00e2ncarea ars\u0103, oferind totodat\u0103 protec\u021bie \u00eempotriva bacteriilor, fungilor \u0219i virusurilor. Eficien\u021ba \u0219i versatilitatea sa fac din el produsul ideal pentru cur\u0103\u021barea unor suprafe\u021be diverse, de la echipamentele de procesare a alimentelor p\u00e2n\u0103 la chiuvete \u0219i frigidere. Utiliz\u00e2nd un produs avizat de Ministerul S\u0103n\u0103t\u0103\u021bii ave\u021bi certitudinea c\u0103 alege\u021bi un produs de calitate. Asigura\u021bi-v\u0103 c\u0103 buc\u0103t\u0103ria este un mediu sigur \u0219i igienic cu KlinAll\u00ae Degresant Dezinfectant!<\/p>","protected":false},"featured_media":5462,"comment_status":"open","ping_status":"closed","template":"","meta":[],"product_cat":[151,166,149,176],"product_tag":[],"class_list":{"0":"post-6125","1":"product","2":"type-product","3":"status-publish","4":"has-post-thumbnail","6":"product_cat-bucatarie","7":"product_cat-dezinfectanti-uz-casnic","8":"product_cat-produse-curatenie","9":"product_cat-suprafete-klinall","11":"first","12":"outofstock","13":"purchasable","14":"product-type-simple"},"_links":{"self":[{"href":"https:\/\/klin.managementpro.ro\/en\/wp-json\/wp\/v2\/product\/6125","targetHints":{"allow":["GET"]}}],"collection":[{"href":"https:\/\/klin.managementpro.ro\/en\/wp-json\/wp\/v2\/product"}],"about":[{"href":"https:\/\/klin.managementpro.ro\/en\/wp-json\/wp\/v2\/types\/product"}],"replies":[{"embeddable":true,"href":"https:\/\/klin.managementpro.ro\/en\/wp-json\/wp\/v2\/comments?post=6125"}],"wp:featuredmedia":[{"embeddable":true,"href":"https:\/\/klin.managementpro.ro\/en\/wp-json\/wp\/v2\/media\/5462"}],"wp:attachment":[{"href":"https:\/\/klin.managementpro.ro\/en\/wp-json\/wp\/v2\/media?parent=6125"}],"wp:term":[{"taxonomy":"product_cat","embeddable":true,"href":"https:\/\/klin.managementpro.ro\/en\/wp-json\/wp\/v2\/product_cat?post=6125"},{"taxonomy":"product_tag","embeddable":true,"href":"https:\/\/klin.managementpro.ro\/en\/wp-json\/wp\/v2\/product_tag?post=6125"}],"curies":[{"name":"wp","href":"https:\/\/api.w.org\/{rel}","templated":true}]}}