{"id":6130,"date":"2024-07-23T16:46:37","date_gmt":"2024-07-23T16:46:37","guid":{"rendered":"https:\/\/klin.managementpro.ro\/?post_type=product&#038;p=6130"},"modified":"2024-07-23T16:46:42","modified_gmt":"2024-07-23T16:46:42","slug":"ulei-esential-lavanda-100-natural10-ml","status":"publish","type":"product","link":"https:\/\/klin.managementpro.ro\/en\/product\/ulei-esential-lavanda-100-natural10-ml\/","title":{"rendered":"Ulei esen\u0163ial lavand\u0103 100% natural,10 ml"},"content":{"rendered":"<h3>Ulei esen\u0163ial lavand\u0103 100% natural<\/h3>\n<p>Lavanda (lev\u0103n\u021bica) este una dintre cele mai pre\u021buite plante, cu multiple propriet\u0103\u021bi benefice, deosebit de apreciat\u0103 \u00een aromoterapie, cosmetic\u0103, parfumerie. Are un miros floral, proasp\u0103t, ierbos. Planta este renumit\u0103 mai ales pentru calit\u0103\u021bile cu efect relaxant asupra sistemului nervos, de diminuare a stresului, de calmare fizic\u0103 \u0219i psihic\u0103 sau de lini\u0219tire a somnului. Uleiul esen\u021bial se ob\u021bine prin distilarea cu vapori de ap\u0103 a florilor de lavand\u0103. Se num\u0103r\u0103 printre primele cele mai cunoscute \u0219i frecvent utilizate uleiuri esen\u021biale.<\/p>","protected":false},"excerpt":{"rendered":"<p>Ulei esen\u0163ial lavand\u0103 100% natural Lavanda (lev\u0103n\u021bica) este una dintre cele mai pre\u021buite plante, cu multiple propriet\u0103\u021bi benefice, deosebit de apreciat\u0103 \u00een aromoterapie, cosmetic\u0103, parfumerie. Are un miros floral, proasp\u0103t, ierbos. Planta este renumit\u0103 mai ales pentru calit\u0103\u021bile cu efect relaxant asupra sistemului nervos, de diminuare a stresului, de calmare fizic\u0103 \u0219i psihic\u0103 sau de [&hellip;]<\/p>","protected":false},"featured_media":5492,"comment_status":"open","ping_status":"closed","template":"","meta":[],"product_cat":[182,181,183],"product_tag":[],"class_list":{"0":"post-6130","1":"product","2":"type-product","3":"status-publish","4":"has-post-thumbnail","6":"product_cat-aromo","7":"product_cat-natural","8":"product_cat-uleiuri-esentiale","10":"first","11":"outofstock","12":"purchasable","13":"product-type-simple"},"_links":{"self":[{"href":"https:\/\/klin.managementpro.ro\/en\/wp-json\/wp\/v2\/product\/6130","targetHints":{"allow":["GET"]}}],"collection":[{"href":"https:\/\/klin.managementpro.ro\/en\/wp-json\/wp\/v2\/product"}],"about":[{"href":"https:\/\/klin.managementpro.ro\/en\/wp-json\/wp\/v2\/types\/product"}],"replies":[{"embeddable":true,"href":"https:\/\/klin.managementpro.ro\/en\/wp-json\/wp\/v2\/comments?post=6130"}],"wp:featuredmedia":[{"embeddable":true,"href":"https:\/\/klin.managementpro.ro\/en\/wp-json\/wp\/v2\/media\/5492"}],"wp:attachment":[{"href":"https:\/\/klin.managementpro.ro\/en\/wp-json\/wp\/v2\/media?parent=6130"}],"wp:term":[{"taxonomy":"product_cat","embeddable":true,"href":"https:\/\/klin.managementpro.ro\/en\/wp-json\/wp\/v2\/product_cat?post=6130"},{"taxonomy":"product_tag","embeddable":true,"href":"https:\/\/klin.managementpro.ro\/en\/wp-json\/wp\/v2\/product_tag?post=6130"}],"curies":[{"name":"wp","href":"https:\/\/api.w.org\/{rel}","templated":true}]}}