{"id":6131,"date":"2024-07-23T16:46:37","date_gmt":"2024-07-23T16:46:37","guid":{"rendered":"https:\/\/klin.managementpro.ro\/?post_type=product&#038;p=6131"},"modified":"2024-07-23T16:46:43","modified_gmt":"2024-07-23T16:46:43","slug":"ulei-esential-de-lamaie-verde-100-natural-fara-furocoumarine-10-ml","status":"publish","type":"product","link":"https:\/\/klin.managementpro.ro\/en\/product\/ulei-esential-de-lamaie-verde-100-natural-fara-furocoumarine-10-ml\/","title":{"rendered":"Ulei esen\u0163ial de l\u0103m\u00e2ie verde 100% natural, f\u0103r\u0103 furocoumarine, 10 ml"},"content":{"rendered":"<h3>Ulei esen\u0163ial de l\u0103m\u00e2ie verde<\/h3>\n<p>Are un parfum revigorant \u0219i revigorant care a fost pre\u021buit de secole. Derivat din fructul zestor, acest <strong>ulei esential de lamaie<\/strong>, aromat ofer\u0103 o gam\u0103 larg\u0103 de beneficii at\u00e2t pentru minte, c\u00e2t \u0219i pentru corp. Adesea, \u00een compara\u021bie cu omologul s\u0103u de citrice, uleiul esen\u021bial de l\u0103m\u00e2ie posed\u0103 calit\u0103\u021bi distincte care \u00eel fac un plus unic pentru orice rutin\u0103 de aromoterapie sau arsenal de remedii naturale. Indiferent dac\u0103 cau\u021bi claritate mental\u0103, sprijin imunitar sau pur \u0219i simplu vrei s\u0103-\u021bi ridici starea de spirit, uleiul esen\u021bial de lime poate deveni noul t\u0103u elixir preferat.<\/p>\n<p>&nbsp;<\/p>","protected":false},"excerpt":{"rendered":"<p><strong>Ulei esential de lamaie (Lime) &#8211; are un parfum intens citric, proasp\u0103t \u0219i r\u0103coros.<\/strong> Uleiul esen\u021bial de lime nu con\u021bine furocoumarine, moleculele fotosensibilizante fiind eliminate \u00een timpul procesului de produc\u021bie. Este ob\u021binut din Citrus Aurantifolia, o plant\u0103 cu propriet\u0103\u021bi energizante, revigorante, tonice. \u00cen aromoterapie, este frecvent utilizat\u0103 pentru predispozi\u021bia c\u0103tre o stare de optimism \u0219i pozitivism. \u00cemprosp\u0103teaz\u0103 atmosfera \u0219i las\u0103 o impresie olfactiv\u0103 de cur\u0103\u021benie \u0219i prospe\u021bime.<\/p>","protected":false},"featured_media":5493,"comment_status":"open","ping_status":"closed","template":"","meta":[],"product_cat":[182,181,183],"product_tag":[],"class_list":{"0":"post-6131","1":"product","2":"type-product","3":"status-publish","4":"has-post-thumbnail","6":"product_cat-aromo","7":"product_cat-natural","8":"product_cat-uleiuri-esentiale","10":"first","11":"outofstock","12":"purchasable","13":"product-type-simple"},"_links":{"self":[{"href":"https:\/\/klin.managementpro.ro\/en\/wp-json\/wp\/v2\/product\/6131","targetHints":{"allow":["GET"]}}],"collection":[{"href":"https:\/\/klin.managementpro.ro\/en\/wp-json\/wp\/v2\/product"}],"about":[{"href":"https:\/\/klin.managementpro.ro\/en\/wp-json\/wp\/v2\/types\/product"}],"replies":[{"embeddable":true,"href":"https:\/\/klin.managementpro.ro\/en\/wp-json\/wp\/v2\/comments?post=6131"}],"wp:featuredmedia":[{"embeddable":true,"href":"https:\/\/klin.managementpro.ro\/en\/wp-json\/wp\/v2\/media\/5493"}],"wp:attachment":[{"href":"https:\/\/klin.managementpro.ro\/en\/wp-json\/wp\/v2\/media?parent=6131"}],"wp:term":[{"taxonomy":"product_cat","embeddable":true,"href":"https:\/\/klin.managementpro.ro\/en\/wp-json\/wp\/v2\/product_cat?post=6131"},{"taxonomy":"product_tag","embeddable":true,"href":"https:\/\/klin.managementpro.ro\/en\/wp-json\/wp\/v2\/product_tag?post=6131"}],"curies":[{"name":"wp","href":"https:\/\/api.w.org\/{rel}","templated":true}]}}