{"id":6133,"date":"2024-07-23T16:46:37","date_gmt":"2024-07-23T16:46:37","guid":{"rendered":"https:\/\/klin.managementpro.ro\/?post_type=product&#038;p=6133"},"modified":"2024-07-23T16:46:43","modified_gmt":"2024-07-23T16:46:43","slug":"ulei-esential-100-natural-de-litsea-cubeba-10-ml","status":"publish","type":"product","link":"https:\/\/klin.managementpro.ro\/en\/product\/ulei-esential-100-natural-de-litsea-cubeba-10-ml\/","title":{"rendered":"Ulei esen\u0163ial 100% natural de litsea cubeba 10 ml"},"content":{"rendered":"<p>Litsea Cubeba este cunoscut\u0103 \u0219i sub numele de May Chang sau verbin\u0103 exotic\u0103. Are o arom\u0103 citric\u0103, floral\u0103, dulceag\u0103 \u0219i u\u0219or picant\u0103. Provine dintr-o familie de arbori pereni, ale c\u0103ror fructe sunt distilate cu abur pentru ob\u021binerea uleiului esen\u021bial. \u00cen China, fructele de Litsea Cubeba sunt frecvent consumate \u0219i renumite pentru propriet\u0103\u021bile lor antistres, pentru c\u0103 induc o stare benefic\u0103 \u0219i armonizeaz\u0103 echilibrul emo\u021bional. Litsea Cubeba mai este cunoscut\u0103 ca planta ce inspir\u0103 curajul \u0219i contribuie la eliminarea sau calmarea fricilor, fiind inclus\u0103 adesea \u00een re\u021betele naturale de remedii pentru r\u0103ul de ma\u0219in\u0103 sau de mare. \u00cen aromoterapie, uleiul esen\u021bial de Litsea Cubeba este apreciat pentru stimularea bunei dispozi\u021bii \u0219i pentru efectele repelente asupra insectelor.<\/p>","protected":false},"excerpt":{"rendered":"<p>Litsea Cubeba este cunoscut\u0103 \u0219i sub numele de May Chang sau verbin\u0103 exotic\u0103. Are o arom\u0103 citric\u0103, floral\u0103, dulceag\u0103 \u0219i u\u0219or picant\u0103. Provine dintr-o familie de arbori pereni, ale c\u0103ror fructe sunt distilate cu abur pentru ob\u021binerea uleiului esen\u021bial. \u00cen China, fructele de Litsea Cubeba sunt frecvent consumate \u0219i renumite pentru propriet\u0103\u021bile lor antistres, pentru [&hellip;]<\/p>","protected":false},"featured_media":5495,"comment_status":"open","ping_status":"closed","template":"","meta":[],"product_cat":[182,181,183],"product_tag":[],"class_list":{"0":"post-6133","1":"product","2":"type-product","3":"status-publish","4":"has-post-thumbnail","6":"product_cat-aromo","7":"product_cat-natural","8":"product_cat-uleiuri-esentiale","10":"first","11":"instock","12":"purchasable","13":"product-type-simple"},"_links":{"self":[{"href":"https:\/\/klin.managementpro.ro\/en\/wp-json\/wp\/v2\/product\/6133","targetHints":{"allow":["GET"]}}],"collection":[{"href":"https:\/\/klin.managementpro.ro\/en\/wp-json\/wp\/v2\/product"}],"about":[{"href":"https:\/\/klin.managementpro.ro\/en\/wp-json\/wp\/v2\/types\/product"}],"replies":[{"embeddable":true,"href":"https:\/\/klin.managementpro.ro\/en\/wp-json\/wp\/v2\/comments?post=6133"}],"wp:featuredmedia":[{"embeddable":true,"href":"https:\/\/klin.managementpro.ro\/en\/wp-json\/wp\/v2\/media\/5495"}],"wp:attachment":[{"href":"https:\/\/klin.managementpro.ro\/en\/wp-json\/wp\/v2\/media?parent=6133"}],"wp:term":[{"taxonomy":"product_cat","embeddable":true,"href":"https:\/\/klin.managementpro.ro\/en\/wp-json\/wp\/v2\/product_cat?post=6133"},{"taxonomy":"product_tag","embeddable":true,"href":"https:\/\/klin.managementpro.ro\/en\/wp-json\/wp\/v2\/product_tag?post=6133"}],"curies":[{"name":"wp","href":"https:\/\/api.w.org\/{rel}","templated":true}]}}