{"id":6134,"date":"2024-07-23T16:46:37","date_gmt":"2024-07-23T16:46:37","guid":{"rendered":"https:\/\/klin.managementpro.ro\/?post_type=product&#038;p=6134"},"modified":"2024-07-23T16:46:43","modified_gmt":"2024-07-23T16:46:43","slug":"ulei-esential-100-natural-de-lemongrass-10-ml","status":"publish","type":"product","link":"https:\/\/klin.managementpro.ro\/en\/product\/ulei-esential-100-natural-de-lemongrass-10-ml\/","title":{"rendered":"Ulei esen\u0163ial 100% natural de lemongrass 10 ml"},"content":{"rendered":"<p>Lemongrass este o plant\u0103 cunoscut\u0103 \u0219i sub denumirea de l\u0103m\u00e2i\u021b\u0103, datorit\u0103 mirosului s\u0103u citric intens. Are propriet\u0103\u021bi revitalizante generale, fizic \u0219i psihic. Este adesea inclus\u0103 \u00een re\u021betele repelentelor naturale. Uleiul esen\u021bial este ob\u021binut prin distilarea la abur a frunzelor plantei. Are un miros de iarb\u0103 proasp\u0103t\u0103 \u0219i de lam\u00e2ie, u\u0219or dulceag. \u00cen aromoterapie, este un ulei esen\u021bial apreciat pentru calit\u0103\u021bile sale care predispun la calm \u0219i bun\u0103 dispozi\u021bie.<\/p>","protected":false},"excerpt":{"rendered":"<p>Lemongrass este o plant\u0103 cunoscut\u0103 \u0219i sub denumirea de l\u0103m\u00e2i\u021b\u0103, datorit\u0103 mirosului s\u0103u citric intens. Are propriet\u0103\u021bi revitalizante generale, fizic \u0219i psihic. Este adesea inclus\u0103 \u00een re\u021betele repelentelor naturale. Uleiul esen\u021bial este ob\u021binut prin distilarea la abur a frunzelor plantei. Are un miros de iarb\u0103 proasp\u0103t\u0103 \u0219i de lam\u00e2ie, u\u0219or dulceag. \u00cen aromoterapie, este un [&hellip;]<\/p>","protected":false},"featured_media":5496,"comment_status":"open","ping_status":"closed","template":"","meta":[],"product_cat":[182,181,183],"product_tag":[],"class_list":{"0":"post-6134","1":"product","2":"type-product","3":"status-publish","4":"has-post-thumbnail","6":"product_cat-aromo","7":"product_cat-natural","8":"product_cat-uleiuri-esentiale","10":"first","11":"instock","12":"purchasable","13":"product-type-simple"},"_links":{"self":[{"href":"https:\/\/klin.managementpro.ro\/en\/wp-json\/wp\/v2\/product\/6134","targetHints":{"allow":["GET"]}}],"collection":[{"href":"https:\/\/klin.managementpro.ro\/en\/wp-json\/wp\/v2\/product"}],"about":[{"href":"https:\/\/klin.managementpro.ro\/en\/wp-json\/wp\/v2\/types\/product"}],"replies":[{"embeddable":true,"href":"https:\/\/klin.managementpro.ro\/en\/wp-json\/wp\/v2\/comments?post=6134"}],"wp:featuredmedia":[{"embeddable":true,"href":"https:\/\/klin.managementpro.ro\/en\/wp-json\/wp\/v2\/media\/5496"}],"wp:attachment":[{"href":"https:\/\/klin.managementpro.ro\/en\/wp-json\/wp\/v2\/media?parent=6134"}],"wp:term":[{"taxonomy":"product_cat","embeddable":true,"href":"https:\/\/klin.managementpro.ro\/en\/wp-json\/wp\/v2\/product_cat?post=6134"},{"taxonomy":"product_tag","embeddable":true,"href":"https:\/\/klin.managementpro.ro\/en\/wp-json\/wp\/v2\/product_tag?post=6134"}],"curies":[{"name":"wp","href":"https:\/\/api.w.org\/{rel}","templated":true}]}}