{"id":6135,"date":"2024-07-23T16:46:37","date_gmt":"2024-07-23T16:46:37","guid":{"rendered":"https:\/\/klin.managementpro.ro\/?post_type=product&#038;p=6135"},"modified":"2024-07-23T16:46:43","modified_gmt":"2024-07-23T16:46:43","slug":"ulei-esential-ylang-ylang-100-natural10-ml","status":"publish","type":"product","link":"https:\/\/klin.managementpro.ro\/en\/product\/ulei-esential-ylang-ylang-100-natural10-ml\/","title":{"rendered":"Ulei esen\u0163ial ylang ylang 100% natural,10 ml"},"content":{"rendered":"<h3>Ulei esen\u0163ial ylang ylang<\/h3>\n<p>Cananga odorata, din care este ob\u021binut uleiul esen\u021bial, prin distilare cu vapori de ap\u0103, este o plant\u0103 exotic\u0103, deosebit de pre\u021buit\u0103 \u00een parfumerie \u0219i, \u00een general, \u00een re\u021betele cosmetice luxoase. Are un miros persistent, asem\u0103n\u0103tor iasomiei, floral \u0219i senzual. Ulei esen\u021bial de ylang ylang, este foarte apreciat \u00een aromoterapie, deoarece inspir\u0103 pozitivism, este un stimulent cu efecte afrodisiace \u0219i alung\u0103 st\u0103rile de iritabilitate, frustrare sau stres.<\/p>","protected":false},"excerpt":{"rendered":"<p>Ulei esen\u0163ial ylang ylang Cananga odorata, din care este ob\u021binut uleiul esen\u021bial, prin distilare cu vapori de ap\u0103, este o plant\u0103 exotic\u0103, deosebit de pre\u021buit\u0103 \u00een parfumerie \u0219i, \u00een general, \u00een re\u021betele cosmetice luxoase. Are un miros persistent, asem\u0103n\u0103tor iasomiei, floral \u0219i senzual. Ulei esen\u021bial de ylang ylang, este foarte apreciat \u00een aromoterapie, deoarece inspir\u0103 [&hellip;]<\/p>","protected":false},"featured_media":5497,"comment_status":"open","ping_status":"closed","template":"","meta":[],"product_cat":[182,181,183],"product_tag":[],"class_list":{"0":"post-6135","1":"product","2":"type-product","3":"status-publish","4":"has-post-thumbnail","6":"product_cat-aromo","7":"product_cat-natural","8":"product_cat-uleiuri-esentiale","10":"first","11":"outofstock","12":"purchasable","13":"product-type-simple"},"_links":{"self":[{"href":"https:\/\/klin.managementpro.ro\/en\/wp-json\/wp\/v2\/product\/6135","targetHints":{"allow":["GET"]}}],"collection":[{"href":"https:\/\/klin.managementpro.ro\/en\/wp-json\/wp\/v2\/product"}],"about":[{"href":"https:\/\/klin.managementpro.ro\/en\/wp-json\/wp\/v2\/types\/product"}],"replies":[{"embeddable":true,"href":"https:\/\/klin.managementpro.ro\/en\/wp-json\/wp\/v2\/comments?post=6135"}],"wp:featuredmedia":[{"embeddable":true,"href":"https:\/\/klin.managementpro.ro\/en\/wp-json\/wp\/v2\/media\/5497"}],"wp:attachment":[{"href":"https:\/\/klin.managementpro.ro\/en\/wp-json\/wp\/v2\/media?parent=6135"}],"wp:term":[{"taxonomy":"product_cat","embeddable":true,"href":"https:\/\/klin.managementpro.ro\/en\/wp-json\/wp\/v2\/product_cat?post=6135"},{"taxonomy":"product_tag","embeddable":true,"href":"https:\/\/klin.managementpro.ro\/en\/wp-json\/wp\/v2\/product_tag?post=6135"}],"curies":[{"name":"wp","href":"https:\/\/api.w.org\/{rel}","templated":true}]}}