{"id":6136,"date":"2024-07-23T16:46:37","date_gmt":"2024-07-23T16:46:37","guid":{"rendered":"https:\/\/klin.managementpro.ro\/?post_type=product&#038;p=6136"},"modified":"2024-07-23T16:46:44","modified_gmt":"2024-07-23T16:46:44","slug":"ulei-esential-100-natural-de-roinita-melissa-10-ml","status":"publish","type":"product","link":"https:\/\/klin.managementpro.ro\/en\/product\/ulei-esential-100-natural-de-roinita-melissa-10-ml\/","title":{"rendered":"Ulei esen\u0163ial 100% natural de roini\u0163\u0103 (melissa) 10 ml"},"content":{"rendered":"<h2>Ulei esen\u0163ial de roini\u0163\u0103<\/h2>\n<p>Melissa sau <strong>roini\u021ba<\/strong> este considerat\u0103 planta inimii datorit\u0103 efectelor sale calmante, relaxante, care lini\u0219tesc palpita\u021biile, atenueaz\u0103 anxietatea, sporesc \u00eencrederea \u00een sine \u0219i optimizeaz\u0103 starea de spirit. Este folosit\u0103 cu succes \u0219i \u00een re\u021betele de repelente naturale. Uleiul esen\u021bial este ob\u021binut prin distilarea cu vapori de ap\u0103 a frunzelor de Melissa Officinalis. Are un parfum citric \u0219i dulceag, foarte pl\u0103cut. Este cunoscut \u0219i sub denumirea de Lemon Balm sau balsam de l\u0103m\u00e2ie. Se num\u0103r\u0103 printre cele mai apreciate \u0219i scumpe uleiuri esen\u021biale. \u00cen aromoterapie, este folosit pentru a stimula claritatea mental\u0103, spre a combate st\u0103rile negative \u0219i a insufla o stare de deta\u0219are benefic\u0103.<\/p>","protected":false},"excerpt":{"rendered":"<p>Ulei esen\u0163ial de roini\u0163\u0103 Melissa sau roini\u021ba este considerat\u0103 planta inimii datorit\u0103 efectelor sale calmante, relaxante, care lini\u0219tesc palpita\u021biile, atenueaz\u0103 anxietatea, sporesc \u00eencrederea \u00een sine \u0219i optimizeaz\u0103 starea de spirit. Este folosit\u0103 cu succes \u0219i \u00een re\u021betele de repelente naturale. Uleiul esen\u021bial este ob\u021binut prin distilarea cu vapori de ap\u0103 a frunzelor de Melissa Officinalis. [&hellip;]<\/p>","protected":false},"featured_media":5498,"comment_status":"open","ping_status":"closed","template":"","meta":[],"product_cat":[182,181,183],"product_tag":[],"class_list":{"0":"post-6136","1":"product","2":"type-product","3":"status-publish","4":"has-post-thumbnail","6":"product_cat-aromo","7":"product_cat-natural","8":"product_cat-uleiuri-esentiale","10":"first","11":"outofstock","12":"purchasable","13":"product-type-simple"},"_links":{"self":[{"href":"https:\/\/klin.managementpro.ro\/en\/wp-json\/wp\/v2\/product\/6136","targetHints":{"allow":["GET"]}}],"collection":[{"href":"https:\/\/klin.managementpro.ro\/en\/wp-json\/wp\/v2\/product"}],"about":[{"href":"https:\/\/klin.managementpro.ro\/en\/wp-json\/wp\/v2\/types\/product"}],"replies":[{"embeddable":true,"href":"https:\/\/klin.managementpro.ro\/en\/wp-json\/wp\/v2\/comments?post=6136"}],"wp:featuredmedia":[{"embeddable":true,"href":"https:\/\/klin.managementpro.ro\/en\/wp-json\/wp\/v2\/media\/5498"}],"wp:attachment":[{"href":"https:\/\/klin.managementpro.ro\/en\/wp-json\/wp\/v2\/media?parent=6136"}],"wp:term":[{"taxonomy":"product_cat","embeddable":true,"href":"https:\/\/klin.managementpro.ro\/en\/wp-json\/wp\/v2\/product_cat?post=6136"},{"taxonomy":"product_tag","embeddable":true,"href":"https:\/\/klin.managementpro.ro\/en\/wp-json\/wp\/v2\/product_tag?post=6136"}],"curies":[{"name":"wp","href":"https:\/\/api.w.org\/{rel}","templated":true}]}}