{"id":6137,"date":"2024-07-23T16:46:37","date_gmt":"2024-07-23T16:46:37","guid":{"rendered":"https:\/\/klin.managementpro.ro\/?post_type=product&#038;p=6137"},"modified":"2024-07-23T16:46:44","modified_gmt":"2024-07-23T16:46:44","slug":"ulei-esential-de-portocale-dulci-100-natural-fara-furocoumarine-10-ml","status":"publish","type":"product","link":"https:\/\/klin.managementpro.ro\/en\/product\/ulei-esential-de-portocale-dulci-100-natural-fara-furocoumarine-10-ml\/","title":{"rendered":"Ulei esen\u021bial de portocale dulci 100% natural, f\u0103r\u0103 furocoumarine, 10 ml"},"content":{"rendered":"<h2>Ulei esen\u021bial de portocale<\/h2>\n<p>Uleiul esen\u021bial de portocale dulci este ob\u021binut din coaja de portocal\u0103. Nu con\u021bine furocoumarine, moleculele fotosensibilizante fiind eliminate \u00een timpul procesului de produc\u021bie. Are un miros foarte pl\u0103cut, fructat, reconfortant, proasp\u0103t, citric. Predispune la optimism, energie, poft\u0103 de via\u021b\u0103, iar seara inspir\u0103 un somn lini\u0219tit \u0219i relaxant. Se num\u0103r\u0103 printre primele uleiuri esen\u021biale permise copiilor cu v\u00e2rsta de peste 3 ani.<\/p>","protected":false},"excerpt":{"rendered":"<p>Ulei esen\u021bial de portocale Uleiul esen\u021bial de portocale dulci este ob\u021binut din coaja de portocal\u0103. Nu con\u021bine furocoumarine, moleculele fotosensibilizante fiind eliminate \u00een timpul procesului de produc\u021bie. Are un miros foarte pl\u0103cut, fructat, reconfortant, proasp\u0103t, citric. Predispune la optimism, energie, poft\u0103 de via\u021b\u0103, iar seara inspir\u0103 un somn lini\u0219tit \u0219i relaxant. Se num\u0103r\u0103 printre primele [&hellip;]<\/p>","protected":false},"featured_media":5499,"comment_status":"open","ping_status":"closed","template":"","meta":[],"product_cat":[182,181,183],"product_tag":[],"class_list":{"0":"post-6137","1":"product","2":"type-product","3":"status-publish","4":"has-post-thumbnail","6":"product_cat-aromo","7":"product_cat-natural","8":"product_cat-uleiuri-esentiale","10":"first","11":"outofstock","12":"purchasable","13":"product-type-simple"},"_links":{"self":[{"href":"https:\/\/klin.managementpro.ro\/en\/wp-json\/wp\/v2\/product\/6137","targetHints":{"allow":["GET"]}}],"collection":[{"href":"https:\/\/klin.managementpro.ro\/en\/wp-json\/wp\/v2\/product"}],"about":[{"href":"https:\/\/klin.managementpro.ro\/en\/wp-json\/wp\/v2\/types\/product"}],"replies":[{"embeddable":true,"href":"https:\/\/klin.managementpro.ro\/en\/wp-json\/wp\/v2\/comments?post=6137"}],"wp:featuredmedia":[{"embeddable":true,"href":"https:\/\/klin.managementpro.ro\/en\/wp-json\/wp\/v2\/media\/5499"}],"wp:attachment":[{"href":"https:\/\/klin.managementpro.ro\/en\/wp-json\/wp\/v2\/media?parent=6137"}],"wp:term":[{"taxonomy":"product_cat","embeddable":true,"href":"https:\/\/klin.managementpro.ro\/en\/wp-json\/wp\/v2\/product_cat?post=6137"},{"taxonomy":"product_tag","embeddable":true,"href":"https:\/\/klin.managementpro.ro\/en\/wp-json\/wp\/v2\/product_tag?post=6137"}],"curies":[{"name":"wp","href":"https:\/\/api.w.org\/{rel}","templated":true}]}}