{"id":6138,"date":"2024-07-23T16:46:37","date_gmt":"2024-07-23T16:46:37","guid":{"rendered":"https:\/\/klin.managementpro.ro\/?post_type=product&#038;p=6138"},"modified":"2024-07-23T16:46:44","modified_gmt":"2024-07-23T16:46:44","slug":"igienizant-spray-pentru-maini-cu-ulei-esential-de-menta-500-ml","status":"publish","type":"product","link":"https:\/\/klin.managementpro.ro\/en\/product\/igienizant-spray-pentru-maini-cu-ulei-esential-de-menta-500-ml\/","title":{"rendered":"Igienizant spray pentru m\u00e2ini cu ulei esen\u0163ial de ment\u0103 500 ml"},"content":{"rendered":"<h3>Igienizant spray<\/h3>\n<p>Shabd spray igienizant 100% natural pentru m\u00e2ini, f\u0103r\u0103 cl\u0103tire, cu ulei esen\u0163ial pur de ment\u0103, este o solu\u0163ie hidroalcoolic\u0103 folosit\u0103 pentru men\u0163inerea igienei tegumentare.<\/p>\n<p>Con\u0163ine glicerin\u0103 vegetal\u0103, care protejeaz\u0103 \u0219i hidrateaz\u0103 m\u00e2inile, \u0219i alcool farmaceutic pur, &gt;70% etanol v\/v. Uleiul esen\u021bial de ment\u0103 parfumeaz\u0103 delicat m\u00e2inile, las\u00e2nd o senza\u021bie pl\u0103cut\u0103, de cur\u0103\u021benie \u0219i prospe\u021bime.<\/p>\n<p>Igienizantul are ac\u0163iune rapid\u0103, este pretabil la utilizare multipl\u0103 \u015fi\/sau frecvent\u0103. Este ideal de folosit atunci c\u00e2nd apa \u0219i s\u0103punul nu sunt disponibile.<\/p>\n<p>Doar pentru uz extern!<\/p>","protected":false},"excerpt":{"rendered":"<p>Igienizant spray Shabd spray igienizant 100% natural pentru m\u00e2ini, f\u0103r\u0103 cl\u0103tire, cu ulei esen\u0163ial pur de ment\u0103, este o solu\u0163ie hidroalcoolic\u0103 folosit\u0103 pentru men\u0163inerea igienei tegumentare. Con\u0163ine glicerin\u0103 vegetal\u0103, care protejeaz\u0103 \u0219i hidrateaz\u0103 m\u00e2inile, \u0219i alcool farmaceutic pur, &gt;70% etanol v\/v. Uleiul esen\u021bial de ment\u0103 parfumeaz\u0103 delicat m\u00e2inile, las\u00e2nd o senza\u021bie pl\u0103cut\u0103, de cur\u0103\u021benie \u0219i [&hellip;]<\/p>","protected":false},"featured_media":5500,"comment_status":"open","ping_status":"closed","template":"","meta":[],"product_cat":[126,183],"product_tag":[],"class_list":{"0":"post-6138","1":"product","2":"type-product","3":"status-publish","4":"has-post-thumbnail","6":"product_cat-ingrijire-personala","7":"product_cat-uleiuri-esentiale","9":"first","10":"instock","11":"purchasable","12":"product-type-simple"},"_links":{"self":[{"href":"https:\/\/klin.managementpro.ro\/en\/wp-json\/wp\/v2\/product\/6138","targetHints":{"allow":["GET"]}}],"collection":[{"href":"https:\/\/klin.managementpro.ro\/en\/wp-json\/wp\/v2\/product"}],"about":[{"href":"https:\/\/klin.managementpro.ro\/en\/wp-json\/wp\/v2\/types\/product"}],"replies":[{"embeddable":true,"href":"https:\/\/klin.managementpro.ro\/en\/wp-json\/wp\/v2\/comments?post=6138"}],"wp:featuredmedia":[{"embeddable":true,"href":"https:\/\/klin.managementpro.ro\/en\/wp-json\/wp\/v2\/media\/5500"}],"wp:attachment":[{"href":"https:\/\/klin.managementpro.ro\/en\/wp-json\/wp\/v2\/media?parent=6138"}],"wp:term":[{"taxonomy":"product_cat","embeddable":true,"href":"https:\/\/klin.managementpro.ro\/en\/wp-json\/wp\/v2\/product_cat?post=6138"},{"taxonomy":"product_tag","embeddable":true,"href":"https:\/\/klin.managementpro.ro\/en\/wp-json\/wp\/v2\/product_tag?post=6138"}],"curies":[{"name":"wp","href":"https:\/\/api.w.org\/{rel}","templated":true}]}}