{"id":6144,"date":"2024-07-23T16:46:45","date_gmt":"2024-07-23T16:46:45","guid":{"rendered":"https:\/\/klin.managementpro.ro\/?post_type=product&#038;p=6144"},"modified":"2024-07-23T16:46:48","modified_gmt":"2024-07-23T16:46:48","slug":"gloriol-pulbere-insecticid-impotriva-insectelor-taratoare-150-gr","status":"publish","type":"product","link":"https:\/\/klin.managementpro.ro\/en\/product\/gloriol-pulbere-insecticid-impotriva-insectelor-taratoare-150-gr\/","title":{"rendered":"GLORIOL PULBERE - Insecticide against crawling insects, 150 gr"},"content":{"rendered":"<p><strong>GLORIOL PULBERE<\/strong> Insecticid profesional sub forma de pulbere alba, impotriva insectelor\u00a0 taratoare.<\/p>\n<p><strong>How to use:<\/strong><br \/>\nSe aplic\u0103 direct pe suprafe\u021be uscate prin tehnica pudr\u0103rii\/\u00eempr\u0103\u0219tierii. Poate fi aplicat pe suprafe\u021be din spa\u021bii accesate de persoane, f\u0103r\u0103 a pune \u00een pericol s\u0103n\u0103tatea acestora, utiliz\u00e2ndu-se \u0219i \u00een locuri greu accesibile unde se pot ascunde. Poate fi aplicat \u0219i \u00een zonele tablourilor electrice, nu prezint\u0103 risc de scurt-circuitare.<br \/>\nProcedura se repet\u0103 dup\u0103 7-14 de zile de la aplicare, corelat cu popula\u021bia de insecte.<br \/>\nA se evita aplicarea produsului direct pe alimente\/produse comestibile\/suprafe\u021be \u00een contact direct cu alimentele pentru consum uman sau animalier.<\/p>\n<p><strong>Compozi\u021bia chimic\u0103 la 100g produs:<\/strong><br \/>\nSubstan\u021be active: 2% Tetrametrin, nr. CE: 7696-12-0, CAS: 231-711-6.<br \/>\nAlte ingrediente: agen\u021bi atractan\u021bi.<\/p>\n<p><strong>How to use:<\/strong> 1g pulbere\/mp;<br \/>\n<strong>Timp de actiune:<\/strong> produsul Gloriol Pulbere induce mortalitate 100% pana la 24h.<\/p>\n<p><strong>User category<\/strong>: industrials and population.<br \/>\n<strong>Shelf life:<\/strong>\u00a02 years from the date of manufacture.<br \/>\nAvizat de Ministerul S\u0103n\u0103t\u0103\u021bii sub nr. 3399BIO\/18\/12.24<\/p>\n<p><strong>Producer:<\/strong>\u00a0DISINFECTION AND PEST CONTROL SRL,<br \/>\nCOM.Ulmi, sat Mo\u0219tei, nr.42, jud.Giurgiu, Romania<br \/>\nProduced for KLINTENSIV SRL<br \/>\n\u0218oseaua Alexandriei 544, city Bragadiru, county Ilfov<\/p>","protected":false},"excerpt":{"rendered":"<p><strong>GLORIOL PULBERE<\/strong> Insecticid profesional sub forma de pulbere alba, impotriva insectelor\u00a0 taratoare.<\/p>","protected":false},"featured_media":5509,"comment_status":"open","ping_status":"closed","template":"","meta":[],"product_cat":[187,188],"product_tag":[],"class_list":{"0":"post-6144","1":"product","2":"type-product","3":"status-publish","4":"has-post-thumbnail","6":"product_cat-antidaunatori","7":"product_cat-insecticide","9":"first","10":"instock","11":"purchasable","12":"product-type-simple"},"_links":{"self":[{"href":"https:\/\/klin.managementpro.ro\/en\/wp-json\/wp\/v2\/product\/6144","targetHints":{"allow":["GET"]}}],"collection":[{"href":"https:\/\/klin.managementpro.ro\/en\/wp-json\/wp\/v2\/product"}],"about":[{"href":"https:\/\/klin.managementpro.ro\/en\/wp-json\/wp\/v2\/types\/product"}],"replies":[{"embeddable":true,"href":"https:\/\/klin.managementpro.ro\/en\/wp-json\/wp\/v2\/comments?post=6144"}],"wp:featuredmedia":[{"embeddable":true,"href":"https:\/\/klin.managementpro.ro\/en\/wp-json\/wp\/v2\/media\/5509"}],"wp:attachment":[{"href":"https:\/\/klin.managementpro.ro\/en\/wp-json\/wp\/v2\/media?parent=6144"}],"wp:term":[{"taxonomy":"product_cat","embeddable":true,"href":"https:\/\/klin.managementpro.ro\/en\/wp-json\/wp\/v2\/product_cat?post=6144"},{"taxonomy":"product_tag","embeddable":true,"href":"https:\/\/klin.managementpro.ro\/en\/wp-json\/wp\/v2\/product_tag?post=6144"}],"curies":[{"name":"wp","href":"https:\/\/api.w.org\/{rel}","templated":true}]}}