{"id":6145,"date":"2024-07-23T16:46:45","date_gmt":"2024-07-23T16:46:45","guid":{"rendered":"https:\/\/klin.managementpro.ro\/?post_type=product&#038;p=6145"},"modified":"2024-07-23T16:46:48","modified_gmt":"2024-07-23T16:46:48","slug":"trakil-forte-insecticid-concentrat-5-litri","status":"publish","type":"product","link":"https:\/\/klin.managementpro.ro\/en\/product\/trakil-forte-insecticid-concentrat-5-litri\/","title":{"rendered":"TRAKIL FORTE insecticid concentrat, 5 litri"},"content":{"rendered":"<p><strong>TRAKIL FORTE<\/strong> este un insecticid concentrat de contact \u0219i de ingestie, cu spectru larg de ac\u021biune special conceput pentru activit\u0103\u021bi de dezinsec\u021bie \u00eempotriva d\u0103un\u0103torilor. Este u\u0219or \u0219i convenabil de utilizat at\u00e2t \u00een spa\u021biile \u00eenchise, c\u00e2t \u0219i \u00een aer liber. A nu se utiliza \u00een apropierea fermelor de p\u0103s\u0103ri, acvacultur\u0103 \u0219i animale produc\u0103toare de lapte pentru consum uman. A nu se utiliza pe suprafe\u021bele ce vin \u00een contact direct cu alimentele, hrana pentru animale \u0219i produsele de origine animal\u0103. Produsul este toxic pentru albine \u0219i pe\u0219ti. Piperonil butoxidul inhib\u0103 oxidarea piretroizilor \u00een organismul insectelor, prelungind degradarea insecticidului \u0219i poten\u021beaz\u0103 efectul acestora. Solu\u021bia antiparazitar\u0103, care datorit\u0103 componen\u021bilor, odat\u0103 cu diluarea acesteia cu ap\u0103 formeaz\u0103 o emulsie l\u0103ptoas\u0103, prevenind consumul accidental de c\u0103tre manipulator.<\/p>\n<p><strong>Indications for use:<\/strong> Se aplic\u0103 numai diluat \u00een ap\u0103 astfel: 300ml la 10L ap\u0103 \u00eempotriva insectelor t\u00e2r\u00e2toare (g\u00e2ndaci, purici, furnici) cu timp de ac\u021biune 180 de minute; 150ml la 10L ap\u0103 \u00eempotriva insectelor zbur\u0103toare (mu\u015fte, \u0163\u00e2n\u0163ari, molii) cu timp de ac\u021biune 30 de minute. Rata de aplicare: 50 ml solu\u021bie lucru\/mp.<\/p>\n<p><strong>How to use:<\/strong> TRAKIL FORTE poate fi aplicat prin pulverizare utiliz\u00e2nd diferite echipamente specifice cum ar fi: pulverizatoare tip pomp\u0103 manual\u0103 (vermorel) sau echipamente de mare putere cum sunt atomizoarele, foggere de cea\u021b\u0103 rece. Utilizatorii casnici vor utiliza pentru aplicare pulverizatoare tip vermorel de 1-2 litri sau sticle cu pulverizator, iar \u00een lipsa mijlocului de pulverizare, cu ajutorul unei pensule sau a altui mijloc potrivit acestui scop, cu condi\u0163ia s\u0103 se evite contactul cu pielea \u015fi ochii.<br \/>\nOperatorii profesioni\u0219ti care realizeaz\u0103 dezinsec\u021bia, este recomandat s\u0103 poarte m\u0103nu\u0219i de protec\u021bie (cauciuc nitrilic PVA), masc\u0103 de protec\u021bie a fe\u021bei \u0219i combinezon, la\u00a0 prepararea solu\u021biei de lucru \u0219i \u00een timpul aplic\u0103rii produsului. Dup\u0103 pulverizare, se p\u0103r\u0103se\u0219te \u00eenc\u0103perea \u0219i se men\u021bin \u00eenchise geamurile \u0219i u\u0219ile: 30 minute \u00een cazul combaterii insectelor zbur\u0103toare \u0219i 2-3 ore \u00een cazul combaterii insectelor t\u00e2r\u00e2toare. Recipientele de plastic se cl\u0103tesc de c\u00e2teva ori, apoi se recicleaz\u0103. Ambalajele goale nu se vor folosi pentru depozitarea altor produse.<\/p>\n<p><strong>Tipul amestecului<\/strong>: lichid emulsionabil concentrat de culoare g\u0103lbuie, cu miros caracteristic. TRAKIL FORTE este un insecticid cu o raz\u0103 mare de ac\u021biune, prezent\u00e2nd urm\u0103toarele propriet\u0103\u021bi: remanen\u021b\u0103 de minim 60 de zile datorit\u0103 con\u021binutului de piretroizi din compozi\u021bia TRAKIL FORTE, durata rezidual\u0103 a produsului depinz\u00e2nd \u00eens\u0103 de: natura suprafe\u0163elor de tratat, gradul \u015fi tipul infest\u0103rii, temperatur\u0103 \u015fi umiditate, dozele de utilizare, frecven\u0163a opera\u0163iunilor de cur\u0103\u0163enie; dac\u0103 se respect\u0103 indica\u021biile de utilizare spa\u021biile tratate nu prezint\u0103 riscuri pentru oameni \u0219i animale; se poate utiliza pentru spa\u021bii alimentare, birouri, hoteluri, mijloace de transport marf\u0103, depozite de animale \u0219i fabrici. La concentra\u021biile recomandate de utilizare, produsul nu este fitotoxic, are toxicitate redus\u0103 pentru operator, animal \u0219i mediu.<\/p>\n<p><strong>User category<\/strong>: industrials and population.<br \/>\n<strong>Shelf life:<\/strong> 2 years from the date of manufacture.<br \/>\nAvizat de Ministerul S\u0103n\u0103t\u0103\u021bii sub nr. 4390BIO\/18\/12.24<\/p>\n<p><strong>Producer:<\/strong> DISINFECTION AND PEST CONTROL SRL,<br \/>\nCOM.Ulmi, sat Mo\u0219tei, nr.42, jud.Giurgiu, Romania<br \/>\nProduced for KLINTENSIV SRL<br \/>\n\u0218oseaua Alexandriei 544, city Bragadiru, county Ilfov<\/p>","protected":false},"excerpt":{"rendered":"<p><strong>TRAKIL FORTE<\/strong> este un insecticid concentrat de contact \u0219i de ingestie, cu spectru larg de ac\u021biune special conceput pentru activit\u0103\u021bi de dezinsec\u021bie \u00eempotriva d\u0103un\u0103torilor. Este u\u0219or \u0219i convenabil de utilizat at\u00e2t \u00een spa\u021biile \u00eenchise, c\u00e2t \u0219i \u00een aer liber.<\/p>","protected":false},"featured_media":5510,"comment_status":"open","ping_status":"closed","template":"","meta":[],"product_cat":[187,188],"product_tag":[],"class_list":{"0":"post-6145","1":"product","2":"type-product","3":"status-publish","4":"has-post-thumbnail","6":"product_cat-antidaunatori","7":"product_cat-insecticide","9":"first","10":"outofstock","11":"purchasable","12":"product-type-simple"},"_links":{"self":[{"href":"https:\/\/klin.managementpro.ro\/en\/wp-json\/wp\/v2\/product\/6145","targetHints":{"allow":["GET"]}}],"collection":[{"href":"https:\/\/klin.managementpro.ro\/en\/wp-json\/wp\/v2\/product"}],"about":[{"href":"https:\/\/klin.managementpro.ro\/en\/wp-json\/wp\/v2\/types\/product"}],"replies":[{"embeddable":true,"href":"https:\/\/klin.managementpro.ro\/en\/wp-json\/wp\/v2\/comments?post=6145"}],"wp:featuredmedia":[{"embeddable":true,"href":"https:\/\/klin.managementpro.ro\/en\/wp-json\/wp\/v2\/media\/5510"}],"wp:attachment":[{"href":"https:\/\/klin.managementpro.ro\/en\/wp-json\/wp\/v2\/media?parent=6145"}],"wp:term":[{"taxonomy":"product_cat","embeddable":true,"href":"https:\/\/klin.managementpro.ro\/en\/wp-json\/wp\/v2\/product_cat?post=6145"},{"taxonomy":"product_tag","embeddable":true,"href":"https:\/\/klin.managementpro.ro\/en\/wp-json\/wp\/v2\/product_tag?post=6145"}],"curies":[{"name":"wp","href":"https:\/\/api.w.org\/{rel}","templated":true}]}}