{"id":6153,"date":"2024-07-23T16:46:46","date_gmt":"2024-07-23T16:46:46","guid":{"rendered":"https:\/\/klin.managementpro.ro\/?post_type=product&#038;p=6153"},"modified":"2024-07-23T16:46:49","modified_gmt":"2024-07-23T16:46:49","slug":"aptanex-insecticid-universal-concentrat-emulsionabil-100ml","status":"publish","type":"product","link":"https:\/\/klin.managementpro.ro\/en\/product\/aptanex-insecticid-universal-concentrat-emulsionabil-100ml\/","title":{"rendered":"APTANEX &#8211; Insecticid universal concentrat emulsionabil, 100ml"},"content":{"rendered":"<p><strong>APTANEX<\/strong> este un produs cu o eficacitate ridicata, ideal \u00een combaterea insectelor de disconfort zbur\u0103toare si t\u00e2r\u00e2toare, dintre care gandaci, plosnite, purici, muste, tantari, molii, capuse, termite, acarieni, paianjeni, furnici,<br \/>\netc.<br \/>\nPrezinta miros foarte redus, foarte putin sesizabil si cu eliminare rapida, ceea ce il recomanda pentru tratarea spatiilor interioare, respectiv: apartamente, hoteluri, locatii comerciale, el avand o remanenta foarte ridicata.<br \/>\nProdusul se aplica cu ajutorul unui pulverizator sau nebulizator sub forma unor particule foarte fine, formand o pelicula protectiva pe zonele de aplicare, cu remanenta de pana la 60 zile dupa aplicare.<br \/>\nPentru eficienta sporita tratamentul se va repeta la interval de 5-7 zile de la prima aplicare. In contact cu apa produsul formeaza o \u201eemulsie laptoasa\u201d, care face produsul greu de falsificat, previne consumul accidental de catre manipulator si determina diluarea imediata a substantei active parazitare.<\/p>\n<p><strong>COMPOZITIE CHIMICA:<\/strong><br \/>\nInformatii privind substanta activa:<br \/>\nCypermethrin 10% &#8211; NR.CE: 257-842-9; NR.CAS:52315-07-8;<br \/>\nPiperonil butoxid 5% &#8211; Nr. CE 200-076-7, Nr. CAS 51-03-6;<\/p>\n<p><strong>ASPECT:<\/strong><br \/>\nLichid emulsionabil concentrat de culoare galbuie.<br \/>\nAVIZ NR. 2620BIO\/18\/05.21<\/p>\n<p><strong>AMBALAJ:<\/strong><br \/>\n5 L Bidon plastic<br \/>\n1 L Sticla plastic<br \/>\n50 ml Sticla plastic<br \/>\n500 ml Sticla plastic<\/p>","protected":false},"excerpt":{"rendered":"<p>APTANEX este un produs cu o eficacitate ridicata, ideal \u00een combaterea insectelor de disconfort zbur\u0103toare si t\u00e2r\u00e2toare, dintre care gandaci, plosnite, purici, muste, tantari, molii, capuse, termite, acarieni, paianjeni, furnici, etc. Prezinta miros foarte redus, foarte putin sesizabil si cu eliminare rapida, ceea ce il recomanda pentru tratarea spatiilor interioare, respectiv: apartamente, hoteluri, locatii comerciale, [&hellip;]<\/p>","protected":false},"featured_media":5539,"comment_status":"open","ping_status":"closed","template":"","meta":[],"product_cat":[187,188],"product_tag":[],"class_list":{"0":"post-6153","1":"product","2":"type-product","3":"status-publish","4":"has-post-thumbnail","6":"product_cat-antidaunatori","7":"product_cat-insecticide","9":"first","10":"outofstock","11":"purchasable","12":"product-type-simple"},"_links":{"self":[{"href":"https:\/\/klin.managementpro.ro\/en\/wp-json\/wp\/v2\/product\/6153","targetHints":{"allow":["GET"]}}],"collection":[{"href":"https:\/\/klin.managementpro.ro\/en\/wp-json\/wp\/v2\/product"}],"about":[{"href":"https:\/\/klin.managementpro.ro\/en\/wp-json\/wp\/v2\/types\/product"}],"replies":[{"embeddable":true,"href":"https:\/\/klin.managementpro.ro\/en\/wp-json\/wp\/v2\/comments?post=6153"}],"wp:featuredmedia":[{"embeddable":true,"href":"https:\/\/klin.managementpro.ro\/en\/wp-json\/wp\/v2\/media\/5539"}],"wp:attachment":[{"href":"https:\/\/klin.managementpro.ro\/en\/wp-json\/wp\/v2\/media?parent=6153"}],"wp:term":[{"taxonomy":"product_cat","embeddable":true,"href":"https:\/\/klin.managementpro.ro\/en\/wp-json\/wp\/v2\/product_cat?post=6153"},{"taxonomy":"product_tag","embeddable":true,"href":"https:\/\/klin.managementpro.ro\/en\/wp-json\/wp\/v2\/product_tag?post=6153"}],"curies":[{"name":"wp","href":"https:\/\/api.w.org\/{rel}","templated":true}]}}