{"id":6158,"date":"2024-07-23T16:46:46","date_gmt":"2024-07-23T16:46:46","guid":{"rendered":"https:\/\/klin.managementpro.ro\/?post_type=product&#038;p=6158"},"modified":"2024-07-23T16:46:51","modified_gmt":"2024-07-23T16:46:51","slug":"klintensiv-dezicon-dezinfectant-concentrat-de-nivel-inalt-1-litru","status":"publish","type":"product","link":"https:\/\/klin.managementpro.ro\/en\/product\/klintensiv-dezicon-dezinfectant-concentrat-de-nivel-inalt-1-litru\/","title":{"rendered":"KLINTENSIV DEZICON\u00ae - High level concentrated disinfectant, 1 liter"},"content":{"rendered":"<ul>\n<li>Detergent dezinfectant concentrat<\/li>\n<li>Nivel \u00eenalt de ac\u021biune<\/li>\n<li>Compatible with multiple surfaces<\/li>\n<li>Eficien\u021b\u0103 demonstrat\u0103 inclusiv \u00een murd\u0103rie<\/li>\n<\/ul>\n<p>DEZICON este un lichid concentrat utilizat pentru dezinfec\u021bia suprafe\u021belor, cur\u0103\u021barea \u0219i dezinfectarea instrumentarului medical \u0219i chirurgical.<\/p>\n<p><strong>Aviz emis de Comisia Na\u021bional\u0103 pentru produse Biocide nr. 5630BIO\/02\/12.24<\/strong><\/p>\n<p><strong>Product properties<\/strong><\/p>\n<ul>\n<li>Ac\u021bioneaz\u0103 prin mecanism de toxicitate celular\u0103<\/li>\n<li>Produsul preparat \u00een solu\u021bie gata de lucru 2% nu este coroziv.<\/li>\n<li>Con\u021bine agen\u021bi tensioactivi cu capacitate bun\u021b de cur\u0103\u021bare \u0219i spumare redus\u0103.<\/li>\n<li>Conform testului Virucid EN 14476 produsul protejeaz\u0103 \u00eempotriva tulpinilor acoperite precum: Coronavirus; Enterovirus; Virusul Hepatitei A, B (HBV) \u0219i C (HBC); Herpesviridae,;Virusul Hepatitei Delta (HDV); HIV; HTLV; Parvovirus B19; Influenza virus; Rotavirus; Paramyxoviridae; Maesles virus; Rabies virus; Poxviridae, Calciviridae;Astrovirus; Rhinovirus; Rubella virus; Papilloma virus; Polyomavirus.<\/li>\n<\/ul>\n<p><strong>How to use<\/strong>: Produsul se utilizeaz\u0103 sub form\u0103 de solu\u021bie diluat\u0103 2% (v\/v) \u0219i nu necesit\u0103 cl\u0103tire (pentru pavimente \u0219i alte suprafe\u021be). Produsul se poate utiliza pe<br \/>\nsuprafe\u021be curate\/murdare. Exemplu mod de preparare: 20 ml detergent dezinfectant concentrat + 980 ml ap\u0103 potabil\u0103\/ distilat\u0103, pentru a ob\u021bine 1000 ml solu\u021bie gata de lucru. Pentru dezinfec\u021bia suprafe\u021belor se folose\u0219te o cantitate suficient\u0103 pentru acoperirea total\u0103 a acestora (doza aplicat\u0103: 20-50 ml\/1 m<sup>2<\/sup>), prin tehnicile de aplicare direct pe suprafe\u021be, folosind un pulverizator manual sau o lavet\u0103 curat\u0103 din material sintetic (preferabil poliester\/ polietilen\u0103). Timpul de contact este cuprins \u00eentre 5 minute \u0219i 60 de minute, \u00een func\u021bie de nivelul de dezinfec\u021bie dorit. Nu necesit\u0103 clatire. Solu\u021bia gata de lucru preparat\u0103 poate fi utilizat\u0103 \u00een maxim 2 zile de la data prepar\u0103rii \u0219i va fi p\u0103strat\u0103 \u00een recipiente bine \u00eenchise la temperatura camerei. Instrumentarul cur\u0103\u021bat \u0219i uscat este plasat \u00een cuva cu solu\u021bie \u0219i acoperit total de lichid. Timpul de contact este cuprins \u00eentre 5 minute \u0219i 60 de minute, \u00een func\u021bie de nivelul de dezinfec\u021bie dorit. La final, instrumentarul este clatit cu ap\u0103\/ap\u0103 steril\u0103 (\u00een func\u021bie de tipul de dezinfectare dorit \u0219i protocoalele interne ale unit\u0103\u021bii). Solu\u021bia din cuv\u0103 poate fi refolosit\u0103 pentru maxim 5 seturi complete de instrumentar sau \u00een 48 de ore de la umplerea cuvei. Se recomand\u0103 utilizarea unei cuve opace din material plastic.<\/p>\n<p><strong>Packaging<\/strong>: Flacoane: 1L, 5L<\/p>\n<p><strong>Compozitia chimic\u0103 &#8211; Ingrediente active pentru 100g produs:\u00a0<\/strong>17% (m\/m) Clorur\u0103 de didecildimetilamoniu, nr. CAS: 7173-51-5, CE: 230-525-2; 4,5% (m\/m) Compu\u0219i de amoniu cuaternar cloruri de benzil C12-C18 \u2013 alchildimetil, nr. CAS: 68391-01-5, CE: 269-919-4.<\/p>\n<p><strong>Other ingredients<\/strong>: \u2265 5 &#8211; &lt;15 surfactan\u021bi nonionici, agent de chelatizare, parfum, apa.<\/p>\n<p><strong>Classification of the biocidal product<\/strong>: Grupa principala: 1. Tip produs: 2.<\/p>\n<p><strong>User categories<\/strong>: Profesionali, industriali<\/p>\n<p>&nbsp;<\/p>\n<p>&nbsp;<\/p>\n<p>&nbsp;<\/p>","protected":false},"excerpt":{"rendered":"<p>DEZICON este compatibil cu instrumente precum: endoscoape, laringoscoape, bronhoscoape Olympus, Storz, Heine, Gima. Este ideal utilizarii \u00een spitale, clinici medicale, policlinici, cabinete medicale, unit\u0103\u021bi de primiri urgen\u021be, centre de triaj.<\/p>","protected":false},"featured_media":5541,"comment_status":"open","ping_status":"closed","template":"","meta":[],"product_cat":[61,52,63,161,56,53,189],"product_tag":[],"class_list":{"0":"post-6158","1":"product","2":"type-product","3":"status-publish","4":"has-post-thumbnail","6":"product_cat-dental","7":"product_cat-dezinfectanti-medicali","8":"product_cat-instrumentar-echipamente","9":"product_cat-instrumentar-echipamente-dental","10":"product_cat-saloane-beauty-tatoo","11":"product_cat-suprafete","12":"product_cat-suprafete-dental","14":"first","15":"instock","16":"purchasable","17":"product-type-simple"},"_links":{"self":[{"href":"https:\/\/klin.managementpro.ro\/en\/wp-json\/wp\/v2\/product\/6158","targetHints":{"allow":["GET"]}}],"collection":[{"href":"https:\/\/klin.managementpro.ro\/en\/wp-json\/wp\/v2\/product"}],"about":[{"href":"https:\/\/klin.managementpro.ro\/en\/wp-json\/wp\/v2\/types\/product"}],"replies":[{"embeddable":true,"href":"https:\/\/klin.managementpro.ro\/en\/wp-json\/wp\/v2\/comments?post=6158"}],"wp:featuredmedia":[{"embeddable":true,"href":"https:\/\/klin.managementpro.ro\/en\/wp-json\/wp\/v2\/media\/5541"}],"wp:attachment":[{"href":"https:\/\/klin.managementpro.ro\/en\/wp-json\/wp\/v2\/media?parent=6158"}],"wp:term":[{"taxonomy":"product_cat","embeddable":true,"href":"https:\/\/klin.managementpro.ro\/en\/wp-json\/wp\/v2\/product_cat?post=6158"},{"taxonomy":"product_tag","embeddable":true,"href":"https:\/\/klin.managementpro.ro\/en\/wp-json\/wp\/v2\/product_tag?post=6158"}],"curies":[{"name":"wp","href":"https:\/\/api.w.org\/{rel}","templated":true}]}}