{"id":6166,"date":"2024-07-23T16:46:46","date_gmt":"2024-07-23T16:46:46","guid":{"rendered":"https:\/\/klin.managementpro.ro\/?post_type=product&#038;p=6166"},"modified":"2024-07-23T16:46:53","modified_gmt":"2024-07-23T16:46:53","slug":"klintensiv-chdg-soap-4-sapun-igienic-si-chirurgical-500-ml","status":"publish","type":"product","link":"https:\/\/klin.managementpro.ro\/en\/product\/klintensiv-chdg-soap-4-sapun-igienic-si-chirurgical-500-ml\/","title":{"rendered":"KLINTENSIV\u00ae CHDG Soap 4%, sapun igienic \u0219i chirurgical, 500 ml"},"content":{"rendered":"<ul>\n<li>Dezinfec\u021bie igienic\u0103 \u00eentr-un minut (EN 1499) \u0219i chirurgical\u0103 in 5 minute (EN 12791), cu efect sus\u021binut minim 3 ore<\/li>\n<li>Peste 90% ingrediente biodegradabile<\/li>\n<li>Eficien\u021b\u0103 demonstrat\u0103, inclusiv in condi\u021bii de murd\u0103rie<\/li>\n<li>Dermatologist-tested product<\/li>\n<\/ul>\n<p>KLINTENSIV CHDG SOAP este un lichid v\u00e2scos recomandat pentru dezinfectarea igienic\u0103 si chirurgical\u0103, prin spalarea m\u00e2inilor sau a diferitelor zone ale corpului \u00eenaintea interven\u021biilor chirurgicale invazive, deoarece prezint\u0103 un efect bactericid puternic. Este recomandat \u0219i pentru cur\u0103\u021barea ranilor superficial infectate.<\/p>\n<p><strong>Aviz emis de Comisia Na\u021bional\u0103 pentru Produse Biocide nr. 5441BIO\/01\/12.24<\/strong><\/p>\n<p><strong>Product properties<\/strong><\/p>\n<ul>\n<li>Con\u021bine agen\u021bi tensioactivi cu capacitate bun\u0103 de cur\u0103\u021bare \u0219i spumare redusa.<\/li>\n<li>Se preteaz\u0103 utilizarilor repetate<\/li>\n<li>Stimuleaz\u0103 re-epitelizarea tegumentelor lezate<\/li>\n<li>Prezinta efect emolient, protectiv asupra pielii prin natura agen\u021bilor protectivi tegumentar<\/li>\n<li>Eficient \u0219i pe Coronavirus<\/li>\n<\/ul>\n<p><strong>How to use<\/strong>: Produsul se aplic\u0103 pe suprafa\u021ba umectat\u0103 cu apa potabil\u0103, apoi se \u00eentinde uniform pe toat\u0103 suprafa\u021ba m\u00e2inilor \u0219i se freac\u0103 pentru spumare. Pentru dezinfec\u021bia igienic\u0103 a m\u00e2inilor\/pielii\/ \u00eentregului corp se folosesc 5 ml produs, iar timpul de contact este de 1 minut. Dezinfectarea chirurgical\u0103 a m\u00e2inilor se<br \/>\nrealizeaz\u0103 \u00een 2 etape: 5 ml x 3 minute, apoi 5 ml x 2 minute. Dupa sp\u0103lare, m\u00e2inile se clatesc \u0219i se usuc\u0103 cu prosoape curate din h\u00e2rtie. Produsul este recomandat \u0219i pentru cur\u0103\u021barea diferitelor zone ale corpului \u00eenaintea interven\u021biilor chirurgicale invazive, deoarece prezint\u0103 efect puternic antibacterian. Se aplic\u0103 o cantitate suficient\u0103 de sapun \u00een palm\u0103 \u0219i se freac\u0103 bine pielea umed\u0103 a corpului, de sus \u00een jos, p\u00e2na la formarea unei spume generoase, de culoare laptoas\u0103. Dac\u0103 este necesar, se va ad\u0103uga o cantitate suplimentar\u0103 de ap\u0103 care s\u0103 ajute la formarea spumei. Se recomand\u0103 evitarea patrunderii produsului \u00een ochi, respectiv \u00een gur\u0103.<\/p>\n<p><strong>Ambalare Flacoane<\/strong>: 500ml, 1L \u0219i 5L<\/p>\n<p><strong>Chemical composition - Active ingredients per 100 g product<\/strong>: 4% (m\/m) Clorhexidin\u0103 digluconat, 0,5% (m\/m) Cloruri ale compu\u0219ilor cuaternari de amoniu benzil C12-18 alchildimetil.<\/p>\n<p><strong>Other ingredients<\/strong>\u00a0\u00a0\u22655 &#8211; &lt; 15% surfactan\u021bi nonionici, agent emolient\/ hidratant, agent corector pH, ap\u0103.<\/p>\n<p><strong>Classification of the biocidal product:<\/strong> Grupa principala 1, tip produs 1.<\/p>\n<p><strong>User categories:<\/strong> Profesionali, popula\u021bie.<\/p>\n<p>&nbsp;<\/p>\n<p>Manufacturer: KLINTENSIV SRL<br \/>\n\u0218os. Alexandriei 544, Bragadiru city, Ilfov county.<br \/>\nTel: 021.448.14.99<br \/>\noffice@klintensiv.com | www.klintensiv.com<\/p>\n<p>&nbsp;<\/p>","protected":false},"excerpt":{"rendered":"<p>KLINTENSIV CHDG SOAP este recomandat a fi utilizat acas\u0103, \u00een institu\u021bii publice, \u00een unit\u0103\u021bi sanitare, pentru igiena personalului lucr\u0103tor din zona sectoarelor agroalimentare, farmaceutic\/cosmetic, respectiv din colectivit\u0103\u021bi.<\/p>","protected":false},"featured_media":5553,"comment_status":"open","ping_status":"closed","template":"","meta":[],"product_cat":[52,54],"product_tag":[],"class_list":{"0":"post-6166","1":"product","2":"type-product","3":"status-publish","4":"has-post-thumbnail","6":"product_cat-dezinfectanti-medicali","7":"product_cat-tegumente","9":"first","10":"instock","11":"purchasable","12":"product-type-simple"},"_links":{"self":[{"href":"https:\/\/klin.managementpro.ro\/en\/wp-json\/wp\/v2\/product\/6166","targetHints":{"allow":["GET"]}}],"collection":[{"href":"https:\/\/klin.managementpro.ro\/en\/wp-json\/wp\/v2\/product"}],"about":[{"href":"https:\/\/klin.managementpro.ro\/en\/wp-json\/wp\/v2\/types\/product"}],"replies":[{"embeddable":true,"href":"https:\/\/klin.managementpro.ro\/en\/wp-json\/wp\/v2\/comments?post=6166"}],"wp:featuredmedia":[{"embeddable":true,"href":"https:\/\/klin.managementpro.ro\/en\/wp-json\/wp\/v2\/media\/5553"}],"wp:attachment":[{"href":"https:\/\/klin.managementpro.ro\/en\/wp-json\/wp\/v2\/media?parent=6166"}],"wp:term":[{"taxonomy":"product_cat","embeddable":true,"href":"https:\/\/klin.managementpro.ro\/en\/wp-json\/wp\/v2\/product_cat?post=6166"},{"taxonomy":"product_tag","embeddable":true,"href":"https:\/\/klin.managementpro.ro\/en\/wp-json\/wp\/v2\/product_tag?post=6166"}],"curies":[{"name":"wp","href":"https:\/\/api.w.org\/{rel}","templated":true}]}}