{"id":6169,"date":"2024-07-23T16:46:47","date_gmt":"2024-07-23T16:46:47","guid":{"rendered":"https:\/\/klin.managementpro.ro\/?post_type=product&#038;p=6169"},"modified":"2024-07-23T16:46:54","modified_gmt":"2024-07-23T16:46:54","slug":"klintensiv-servetele-umede-baby-cu-apa-micelara-argan-si-aloe-100-biodegradabile-40-buc","status":"publish","type":"product","link":"https:\/\/klin.managementpro.ro\/en\/product\/klintensiv-servetele-umede-baby-cu-apa-micelara-argan-si-aloe-100-biodegradabile-40-buc\/","title":{"rendered":"KLINTENSIV\u00ae- Servetele umede Baby cu apa micelara, argan si aloe, 100% biodegradabile, 40 buc."},"content":{"rendered":"<p>Cu \u0219erve\u021belele umede Klintensiv\u00ae Baby cu ap\u0103 micelar\u0103, argan \u0219i aloe pute\u021bi avea grij\u0103 cu u\u0219urin\u021b\u0103 de pielea sensibil\u0103 a copiilor. Aceste \u0219ervetele sunt realizate din material 100% biodegradabil, fiind o op\u021biune ecologic\u0103 \u0219i delicat\u0103 pentru \u00eengrijirea bebelu\u0219ilor.<\/p>\n<h5><strong>Benefits:<\/strong><\/h5>\n<ul>\n<li>Protec\u021bie pentru pielea bebelu\u0219ilor: Testate dermatologic \u0219i f\u0103r\u0103 alcool, \u0219erve\u021belele umede Klintensiv\u00ae Baby sunt o alegere sigur\u0103 pentru pielea sensibil\u0103 a bebelu\u0219ilor.<\/li>\n<li>Cur\u0103\u021bare eficient\u0103: Cur\u0103\u021b\u0103 \u00een profunzime impurit\u0103\u021bile \u0219i resturile de pe pielea bebelu\u0219ului, asigur\u00e2nd o igien\u0103 excelent\u0103.<\/li>\n<li>Eco-friendly: Concepute dintr-un material moale \u0219i biodegradabil, \u0219erve\u021belele sunt ideale pentru utilizare zilnic\u0103, f\u0103r\u0103 a irita pielea delicat\u0103 a bebelu\u0219ului.<\/li>\n<li>Formul\u0103 delicat\u0103: Formula cu ap\u0103 micelar\u0103, argan \u0219i aloe cur\u0103\u021b\u0103 \u00een profunzime excesul de sebum \u0219i toxinele, men\u021bin\u00e2nd \u00een acela\u0219i timp echilibrul pH-ului pielii delicate.<\/li>\n<li>Compacte \u0219i portabile: Perfecte pentru a fi luate \u00een c\u0103l\u0103torii sau pentru a fi p\u0103strate \u00een geant\u0103, asigur\u00e2nd \u00eentotdeauna o igien\u0103 optim\u0103 pentru bebelu\u0219.<\/li>\n<\/ul>\n<p style=\"color:#ffff; margin-bottom: 8px;\">.<\/p>\n<h5><strong>How to use:<\/strong><\/h5>\n<p>Folosi\u021bi \u0219erve\u021belele umede Klintensiv\u00ae Baby ori de c\u00e2te ori este necesar pentru a cur\u0103\u021ba \u0219i \u00eengriji pielea sensibil\u0103 a bebelu\u0219ului. Dup\u0103 utilizare \u0219erve\u021belul folosit poate fi aruncat \u00een vasul de toalet\u0103 (maxim 3 buc\u0103\u021bi).<\/p>\n<h5><strong>Composition:<\/strong><\/h5>\n<ul>\n<li>Materialul servetelului: 100% biodegradabil<\/li>\n<li>Ingredientele active: ap\u0103 micelar\u0103, extract de argan, extract de aloe<\/li>\n<\/ul>\n<p style=\"color:#ffff; margin-bottom: 8px;\">.<\/p>\n<h5><strong>Precautions:<\/strong><\/h5>\n<ul>\n<li>Avoid contact with eyes.<\/li>\n<li>\u0218erve\u021belele umede Klintensiv\u00ae Baby trebuie s\u0103 fie p\u0103strate \u00een ambalajul lor original, \u00eentr-un loc r\u0103coros \u0219i uscat, departe de lumina direct\u0103 a soarelui.<\/li>\n<li>Produsul trebuie utilizat conform instruc\u021biunilor \u0219i nu se recomand\u0103 dep\u0103\u0219irea num\u0103rului maxim de \u0219ervetele de aruncat \u00een vasul de toalet\u0103 (3 buc\u0103\u021bi).<\/li>\n<li>Doar pentru uz extern.<\/li>\n<li>\u00cen caz de irita\u021bii se recomand\u0103 \u00eentreruperea utiliz\u0103rii \u0219i consultarea unui specialist.<\/li>\n<\/ul>","protected":false},"excerpt":{"rendered":"<p>Beneficia\u021bi de o \u00eengrijire perfect\u0103 pentru pielea delicat\u0103 a bebelu\u0219ilor, cu <strong>\u0218erve\u021belele umede Klintensiv\u00ae Baby<\/strong>! Testate dermatologic \u0219i f\u0103r\u0103 alcool, aceste \u0219ervetele umede sunt sigure \u0219i bl\u00e2nde, cur\u0103\u021b\u00e2nd eficient impurit\u0103\u021bile \u0219i resturile de pe pielea micu\u021bilor. Formula delicat\u0103 cu ap\u0103 micelar\u0103, argan \u0219i aloe vera men\u021bine echilibrul pH-ului pielii, asigur\u00e2nd o igien\u0103 excelent\u0103. \u0218erve\u021belele umede Klintensiv\u00ae Baby sunt realizate din materiale biodegradabile \u0219i vin \u00eentr-un ambalaj resigilabil, nu necesit\u0103 cl\u0103tire, facilit\u00e2nd igienizarea u\u0219oar\u0103 \u00een afara casei.<\/p>","protected":false},"featured_media":5579,"comment_status":"open","ping_status":"closed","template":"","meta":[],"product_cat":[126,133],"product_tag":[],"class_list":{"0":"post-6169","1":"product","2":"type-product","3":"status-publish","4":"has-post-thumbnail","6":"product_cat-ingrijire-personala","7":"product_cat-servetele-umede","9":"first","10":"instock","11":"purchasable","12":"product-type-simple"},"_links":{"self":[{"href":"https:\/\/klin.managementpro.ro\/en\/wp-json\/wp\/v2\/product\/6169","targetHints":{"allow":["GET"]}}],"collection":[{"href":"https:\/\/klin.managementpro.ro\/en\/wp-json\/wp\/v2\/product"}],"about":[{"href":"https:\/\/klin.managementpro.ro\/en\/wp-json\/wp\/v2\/types\/product"}],"replies":[{"embeddable":true,"href":"https:\/\/klin.managementpro.ro\/en\/wp-json\/wp\/v2\/comments?post=6169"}],"wp:featuredmedia":[{"embeddable":true,"href":"https:\/\/klin.managementpro.ro\/en\/wp-json\/wp\/v2\/media\/5579"}],"wp:attachment":[{"href":"https:\/\/klin.managementpro.ro\/en\/wp-json\/wp\/v2\/media?parent=6169"}],"wp:term":[{"taxonomy":"product_cat","embeddable":true,"href":"https:\/\/klin.managementpro.ro\/en\/wp-json\/wp\/v2\/product_cat?post=6169"},{"taxonomy":"product_tag","embeddable":true,"href":"https:\/\/klin.managementpro.ro\/en\/wp-json\/wp\/v2\/product_tag?post=6169"}],"curies":[{"name":"wp","href":"https:\/\/api.w.org\/{rel}","templated":true}]}}