{"id":6177,"date":"2024-07-23T16:46:55","date_gmt":"2024-07-23T16:46:55","guid":{"rendered":"https:\/\/klin.managementpro.ro\/?post_type=product&#038;p=6177"},"modified":"2024-07-23T16:46:58","modified_gmt":"2024-07-23T16:46:58","slug":"k-sect-200-forte-500ml","status":"publish","type":"product","link":"https:\/\/klin.managementpro.ro\/en\/product\/k-sect-200-forte-500ml\/","title":{"rendered":"K-SECT 200 FORTE, 500ml"},"content":{"rendered":"<p><strong>K-Sect 200 Forte <\/strong>Insecticid profesional gata de utilizare pentru combatere insecte t\u00e2r\u00e2toare<\/p>\n<p><strong>Scope of use:<\/strong> Insecticide, acaricide \u0219i produse pentru combaterea altor artropode.<\/p>\n<p><strong>How to use:<\/strong><br \/>\nProdusul se utilizeaz\u0103 ca atare, prin pulverizare direct\u0103 pe suprafe\u021be, cu o insisten\u021b\u0103 mai mare \u00een zonele \u00een care g\u00e2ndacii se ascund, respectiv: \u021bevile de scurgere baie, buc\u0103t\u0103rie, tocurile u\u0219ilor \u0219i geamurilor. ATEN\u021aIE: nu se aplic\u0103 pe electrocasnicele conectate la sursa de curent electric! A se agita energic \u00eenainte de utilizare!<br \/>\nTratamentul se repet\u0103 dup\u0103 7-10 zile de la prima aplicare, iar rezultatele sunt vizibile dup\u0103 primele zile de la aplicare.<br \/>\nA se evita aplicarea produsului direct pe alimente\/produse comestibile\/suprafe\u021be \u00een contact direct cu alimentele pentru consum uman sau animalier. Pentru suprafe\u021be ce sunt \u00een contact direct cu alimentele se recomand\u0103 cl\u0103tire cu ap\u0103 potabil\u0103 dup\u0103 timpul de ac\u021biune al produsului (sub jet sau \u0219tergere cu lavete curate de unic\u0103 \u00eentrebuin\u021bare).<\/p>\n<p><strong>Compozi\u021bia chimic\u0103 la 100g produs<\/strong><br \/>\nSubstan\u021be active: 0,3% Cipermetrin nr. CE: 257-842-9, CAS: 52315-07-8; 0,2% Piperonil butoxid nr. CE: 200-076-7, CAS: 51-03-6; 0,2% Tetrametrin, nr. CE: 7696-12-0, CAS: 231-711-6.<br \/>\nAlte ingrediente: agen\u021bi solubilizan\u021bi, ap\u0103.<\/p>\n<p><strong>User category<\/strong>: industrials and population.<br \/>\n<strong>Shelf life:<\/strong> 2 years from the date of manufacture.<br \/>\nAvizat de Ministerul S\u0103n\u0103t\u0103\u021bii sub nr. 5522BIO\/18\/12.24<\/p>\n<p><strong>Producer:<\/strong> DISINFECTION AND PEST CONTROL SRL,<br \/>\nCOM.Ulmi, sat Mo\u0219tei, nr.42, jud.Giurgiu, Romania<br \/>\nProduced for KLINTENSIV SRL<br \/>\n\u0218oseaua Alexandriei 544, city Bragadiru, county Ilfov<\/p>","protected":false},"excerpt":{"rendered":"<p><strong>K-Sect 200 Forte <\/strong>Insecticid profesional gata de utilizare pentru combatere insecte t\u00e2r\u00e2toare<\/p>","protected":false},"featured_media":5591,"comment_status":"open","ping_status":"closed","template":"","meta":[],"product_cat":[187,188],"product_tag":[],"class_list":{"0":"post-6177","1":"product","2":"type-product","3":"status-publish","4":"has-post-thumbnail","6":"product_cat-antidaunatori","7":"product_cat-insecticide","9":"first","10":"instock","11":"purchasable","12":"product-type-simple"},"_links":{"self":[{"href":"https:\/\/klin.managementpro.ro\/en\/wp-json\/wp\/v2\/product\/6177","targetHints":{"allow":["GET"]}}],"collection":[{"href":"https:\/\/klin.managementpro.ro\/en\/wp-json\/wp\/v2\/product"}],"about":[{"href":"https:\/\/klin.managementpro.ro\/en\/wp-json\/wp\/v2\/types\/product"}],"replies":[{"embeddable":true,"href":"https:\/\/klin.managementpro.ro\/en\/wp-json\/wp\/v2\/comments?post=6177"}],"wp:featuredmedia":[{"embeddable":true,"href":"https:\/\/klin.managementpro.ro\/en\/wp-json\/wp\/v2\/media\/5591"}],"wp:attachment":[{"href":"https:\/\/klin.managementpro.ro\/en\/wp-json\/wp\/v2\/media?parent=6177"}],"wp:term":[{"taxonomy":"product_cat","embeddable":true,"href":"https:\/\/klin.managementpro.ro\/en\/wp-json\/wp\/v2\/product_cat?post=6177"},{"taxonomy":"product_tag","embeddable":true,"href":"https:\/\/klin.managementpro.ro\/en\/wp-json\/wp\/v2\/product_tag?post=6177"}],"curies":[{"name":"wp","href":"https:\/\/api.w.org\/{rel}","templated":true}]}}