{"id":6180,"date":"2024-07-23T16:46:55","date_gmt":"2024-07-23T16:46:55","guid":{"rendered":"https:\/\/klin.managementpro.ro\/?post_type=product&#038;p=6180"},"modified":"2024-07-23T16:46:59","modified_gmt":"2024-07-23T16:46:59","slug":"repelent-pasari-500ml","status":"publish","type":"product","link":"https:\/\/klin.managementpro.ro\/en\/product\/repelent-pasari-500ml\/","title":{"rendered":"PASARI Repellent, 500ml"},"content":{"rendered":"<h2>Repelent p\u0103s\u0103ri<\/h2>\n<p><strong>Repelentul pentru p\u0103s\u0103ri<\/strong> este o solu\u021bie apoas\u0103 pe baz\u0103 de esen\u021be aromatice ce \u00eendep\u0103rteaz\u0103 p\u0103s\u0103rile prin efect repulsiv.<\/p>\n<p><strong>Indications for use:<\/strong> repelent pentru \u00eendep\u0103rtarea p\u0103s\u0103rilor (porumbei, vr\u0103bii, ciori).<\/p>\n<p><strong>How to use:<\/strong><br \/>\nProdusul se agit\u0103 bine \u00eenainte de utilizare, apoi se aplic\u0103 prin pulverizare direct pe suprafe\u021bele frecventate de p\u0103s\u0103ri. Poate fi aplicat pe suprafe\u021be din spa\u021bii accesate de persoane\/animale, f\u0103r\u0103 a pune \u00een pericol s\u0103n\u0103tatea acestora, utiliz\u00e2ndu-se \u0219i \u00een locuri greu accesibile. Repelent p\u0103s\u0103ri, este compatibil cu diferite tipuri de suprafe\u021be (lemn, metal, compozite minerale, plastic, sticl\u0103). Se utilizeaz\u0103 o cantitate suficient\u0103 pentru a umecta zona. Aplicarea se repet\u0103 dup\u0103 sp\u0103larea suprafe\u021bei\/precipita\u021bii sau dac\u0103 se constat\u0103 o sc\u0103dere a efectului A se utiliza cu aten\u021bie pentru a evita dispersare \u00een zona fe\u021bei (ferit de ochi, nas). Dac\u0103 a fost aplicat pe alimente sau suprafe\u021be \u00een contact cu acestea, se recomand\u0103 sp\u0103larea sub jet de ap\u0103. Nu se recomand\u0103 aplicarea direct pe plante, deoarece nu se cunoa\u0219te compatibilitatea cu acestea (poate fi testat prin aplicare limitat\u0103, iar \u00een func\u021bie de rezultat se decide continuarea aplic\u0103rii).<\/p>\n<p><strong>Ingrediente repelent p\u0103s\u0103ri:<\/strong> emulsifying agents, aromatic substances, water.<\/p>\n<p><strong>User category<\/strong>: industrials and population.<br \/>\n<strong>Shelf life:<\/strong> 2 years from the date of manufacture.<\/p>\n<p><strong>Producer:<\/strong> DISINFECTION AND PEST CONTROL SRL,<br \/>\nCOM.Ulmi, sat Mo\u0219tei, nr.42, jud.Giurgiu, Romania<br \/>\nProduced for KLINTENSIV SRL<br \/>\n\u0218oseaua Alexandriei 544, city Bragadiru, county Ilfov<\/p>","protected":false},"excerpt":{"rendered":"<p><strong>Repelentul pentru p\u0103s\u0103ri<\/strong> este o solu\u021bie apoas\u0103 pe baz\u0103 de esen\u021be aromatice ce \u00eendep\u0103rteaz\u0103 p\u0103s\u0103rile prin efect repulsiv.<\/p>","protected":false},"featured_media":5594,"comment_status":"open","ping_status":"closed","template":"","meta":[],"product_cat":[198],"product_tag":[],"class_list":{"0":"post-6180","1":"product","2":"type-product","3":"status-publish","4":"has-post-thumbnail","6":"product_cat-repelenti-antidaunatori","8":"first","9":"instock","10":"purchasable","11":"product-type-simple"},"_links":{"self":[{"href":"https:\/\/klin.managementpro.ro\/en\/wp-json\/wp\/v2\/product\/6180","targetHints":{"allow":["GET"]}}],"collection":[{"href":"https:\/\/klin.managementpro.ro\/en\/wp-json\/wp\/v2\/product"}],"about":[{"href":"https:\/\/klin.managementpro.ro\/en\/wp-json\/wp\/v2\/types\/product"}],"replies":[{"embeddable":true,"href":"https:\/\/klin.managementpro.ro\/en\/wp-json\/wp\/v2\/comments?post=6180"}],"wp:featuredmedia":[{"embeddable":true,"href":"https:\/\/klin.managementpro.ro\/en\/wp-json\/wp\/v2\/media\/5594"}],"wp:attachment":[{"href":"https:\/\/klin.managementpro.ro\/en\/wp-json\/wp\/v2\/media?parent=6180"}],"wp:term":[{"taxonomy":"product_cat","embeddable":true,"href":"https:\/\/klin.managementpro.ro\/en\/wp-json\/wp\/v2\/product_cat?post=6180"},{"taxonomy":"product_tag","embeddable":true,"href":"https:\/\/klin.managementpro.ro\/en\/wp-json\/wp\/v2\/product_tag?post=6180"}],"curies":[{"name":"wp","href":"https:\/\/api.w.org\/{rel}","templated":true}]}}