{"id":6184,"date":"2024-07-23T16:46:56","date_gmt":"2024-07-23T16:46:56","guid":{"rendered":"https:\/\/klin.managementpro.ro\/?post_type=product&#038;p=6184"},"modified":"2024-07-23T16:47:00","modified_gmt":"2024-07-23T16:47:00","slug":"sapun-lichid-musetel-480-ml","status":"publish","type":"product","link":"https:\/\/klin.managementpro.ro\/en\/product\/sapun-lichid-musetel-480-ml\/","title":{"rendered":"Sapun lichid MUSETEL, 480 ml"},"content":{"rendered":"<p>Creat pentru a oferi o cur\u0103\u021bare delicat\u0103 \u0219i eficient\u0103 a m\u00e2inilor, KLINTENSIV \u2013 S\u0103pun lichid cu extract de mu\u0219e\u021bel ajut\u0103 la men\u021binerea catifel\u0103rii \u0219i hidrat\u0103rii pielii pe termen lung. Bucura\u021bi-v\u0103 de aroma proasp\u0103t\u0103 \u0219i intens\u0103 de mu\u0219e\u021bel la fiecare sp\u0103lare, iar efectele sale calmante, emoliente \u0219i antialergice v\u0103 vor \u00eenv\u0103lui \u00eentr-o experien\u021b\u0103 reconfortant\u0103 zi de zi.<\/p>\n<h5><strong>Benefits:<\/strong><\/h5>\n<ul>\n<li>Cur\u0103\u021bare delicat\u0103: Formula sa bl\u00e2nd\u0103 \u00eendep\u0103rteaz\u0103 impurit\u0103\u021bile f\u0103r\u0103 a afecta echilibrul natural al pielii.<\/li>\n<li>Bogat \u00een flavone \u0219i fitosteroli: Extractul de mu\u0219e\u021bel are propriet\u0103\u021bi benefice pentru piele, ajut\u00e2nd la men\u021binerea s\u0103n\u0103t\u0103\u021bii acesteia.<\/li>\n<li>Propriet\u0103\u021bi anti-inflamatorii \u0219i cicatrizante: Contribuie la calmarea \u0219i vindecarea pielii, reduc\u00e2nd inflama\u021biile \u0219i promov\u00e2nd regenerarea celulelor.<\/li>\n<li>Parfum pl\u0103cut: Aroma sa proasp\u0103t\u0103 \u0219i reconfortant\u0103 adaug\u0103 o not\u0103 pl\u0103cut\u0103 fiec\u0103rei experien\u021be de sp\u0103lare, oferind o relaxare binevenit\u0103.<\/li>\n<li>F\u0103r\u0103 parabeni, silicon sau alcool: O op\u021biune sigur\u0103 \u0219i bl\u00e2nd\u0103, potrivit\u0103 pentru toate tipurile de piele, f\u0103r\u0103 substan\u021be nocive.<\/li>\n<li>Tensioactivi bl\u00e2nzi: Asigur\u0103 o hidratare profund\u0103 \u0219i hr\u0103nirea pielii, f\u0103r\u0103 a o irita sau usca, pentru o senza\u021bie de catifelare \u0219i prospe\u021bime.<\/li>\n<li>Testat clinic sub control dermatologic: A fost supus testelor clinice \u00een conformitate cu standardele UE, garant\u00e2nd o utilizare sigur\u0103 \u0219i eficient\u0103.<\/li>\n<li>Netestat pe animale: Respect\u0103 mediul \u00eenconjur\u0103tor \u0219i promoveaz\u0103 o atitudine etic\u0103 \u00een \u00eengrijirea personal\u0103, fiind un produs cruelty-free.<\/li>\n<\/ul>\n<p style=\"color:#ffff; margin-bottom: 8px;\">.<\/p>\n<h5><strong>How to use:<\/strong><\/h5>\n<p>Se aplic\u0103 o doz\u0103 de 3 ml de produs (o ap\u0103sare de pomp\u0103) pe pielea umed\u0103. Se maseaz\u0103 u\u0219or timp de 30 de secunde \u0219i apoi se cl\u0103te\u0219te cu ap\u0103 din abunden\u021b\u0103. M\u00e2inile cu se usuc\u0103 cu prosoape de h\u00e2rtie de unic\u0103 folosin\u021b\u0103.<\/p>\n<h5><strong>Precautions:<\/strong><\/h5>\n<ul>\n<li>In case of accidental contact with the eyes, rinse with plenty of water.<\/li>\n<li>For external use only. Do not ingest.<\/li>\n<\/ul>\n<p style=\"color:#ffff; margin-bottom: 8px;\">.<\/p>\n<p>In case of an adverse reaction, the use should be stopped and it is recommended to seek specialized help.<\/p>","protected":false},"excerpt":{"rendered":"<p>Cur\u0103\u021ba\u021bi delicat m\u00e2inile, f\u0103r\u0103 a altera echilibrul barierei naturale cu ajutorul <strong>S\u0103punului lichid cu extract de mu\u0219e\u021bel<\/strong>. Beneficia\u021bi de formula bl\u00e2nd\u0103, care \u00eendep\u0103rteaz\u0103 impurit\u0103\u021bile f\u0103r\u0103 a afecta pH-ul pielii. Extractul de mu\u0219e\u021bel, bogat \u00een flavone \u0219i fitosteroli, aduce beneficii anti-inflamatorii \u0219i cicatrizante, calm\u00e2nd \u0219i vindec\u00e2nd pielea. Op\u021biune sigur\u0103 \u0219i bl\u00e2nd\u0103, f\u0103r\u0103 parabeni, silicon sau alcool, testat\u0103 clinic sub control dermatologic \u0219i cruelty-free.<\/p>","protected":false},"featured_media":5598,"comment_status":"open","ping_status":"closed","template":"","meta":[],"product_cat":[126,132],"product_tag":[],"class_list":{"0":"post-6184","1":"product","2":"type-product","3":"status-publish","4":"has-post-thumbnail","6":"product_cat-ingrijire-personala","7":"product_cat-sapun","9":"first","10":"instock","11":"purchasable","12":"product-type-simple"},"_links":{"self":[{"href":"https:\/\/klin.managementpro.ro\/en\/wp-json\/wp\/v2\/product\/6184","targetHints":{"allow":["GET"]}}],"collection":[{"href":"https:\/\/klin.managementpro.ro\/en\/wp-json\/wp\/v2\/product"}],"about":[{"href":"https:\/\/klin.managementpro.ro\/en\/wp-json\/wp\/v2\/types\/product"}],"replies":[{"embeddable":true,"href":"https:\/\/klin.managementpro.ro\/en\/wp-json\/wp\/v2\/comments?post=6184"}],"wp:featuredmedia":[{"embeddable":true,"href":"https:\/\/klin.managementpro.ro\/en\/wp-json\/wp\/v2\/media\/5598"}],"wp:attachment":[{"href":"https:\/\/klin.managementpro.ro\/en\/wp-json\/wp\/v2\/media?parent=6184"}],"wp:term":[{"taxonomy":"product_cat","embeddable":true,"href":"https:\/\/klin.managementpro.ro\/en\/wp-json\/wp\/v2\/product_cat?post=6184"},{"taxonomy":"product_tag","embeddable":true,"href":"https:\/\/klin.managementpro.ro\/en\/wp-json\/wp\/v2\/product_tag?post=6184"}],"curies":[{"name":"wp","href":"https:\/\/api.w.org\/{rel}","templated":true}]}}