{"id":6185,"date":"2024-07-23T16:46:56","date_gmt":"2024-07-23T16:46:56","guid":{"rendered":"https:\/\/klin.managementpro.ro\/?post_type=product&#038;p=6185"},"modified":"2024-07-23T16:47:00","modified_gmt":"2024-07-23T16:47:00","slug":"sapun-lichid-cafea-480-ml","status":"publish","type":"product","link":"https:\/\/klin.managementpro.ro\/en\/product\/sapun-lichid-cafea-480-ml\/","title":{"rendered":"Sapun lichid CAFEA, 480 ml"},"content":{"rendered":"<p>KLINTENSIV \u2013 S\u0103pun lichid cu extract de cafea asigur\u0103 o cur\u0103\u021bare eficient\u0103 \u0219i o hidratare de durat\u0103 pentru m\u00e2ini. Aroma bogat\u0103 a boabelor coapte de cafea se reg\u0103se\u0219te \u00een fiecare sp\u0103lare, oferind o experien\u021b\u0103 pl\u0103cut\u0103 \u0219i revigorant\u0103.<\/p>\n<h5><strong>Benefits:<\/strong><\/h5>\n<ul>\n<li>Cur\u0103\u021bare delicat\u0103: Elimin\u0103 impurit\u0103\u021bile \u00een mod eficient, p\u0103str\u00e2nd echilibrul natural al pielii.<\/li>\n<li>Efect anti-inflamator: Cafeaua, bogat\u0103 \u00een antioxidan\u021bi, revitalizeaz\u0103 pielea, reduc\u00e2nd inflama\u021biile \u0219i irita\u021biile.<\/li>\n<li>F\u0103r\u0103 parabeni, silicon sau alcool: O op\u021biune sigur\u0103 pentru toate tipurile de piele, garant\u00e2nd o experien\u021b\u0103 bl\u00e2nd\u0103 \u0219i delicat\u0103.<\/li>\n<li>Tensioactivi bl\u00e2nzi: Hidrateaz\u0103 \u0219i hr\u0103nesc pielea \u00een profunzime, oferind o senza\u021bie de prospe\u021bime \u0219i catifelare.<\/li>\n<li>Testat clinic sub control dermatologic: A fost supus testelor clinice \u00een conformitate cu standardele UE pentru a asigura o utilizare sigur\u0103 \u0219i eficient\u0103.<\/li>\n<li>Cruelty-free: Contribuie la protejarea mediului \u00eenconjur\u0103tor, fiind un produs netestat pe animale.<\/li>\n<\/ul>\n<p style=\"color:#ffff; margin-bottom: 8px;\">.<\/p>\n<h5><strong>How to use:<\/strong><\/h5>\n<p>Se aplic\u0103 o doz\u0103 de 3 ml de produs (o ap\u0103sare de pomp\u0103) pe pielea umed\u0103. Se maseaz\u0103 u\u0219or timp de 30 de secunde \u0219i apoi se cl\u0103te\u0219te cu ap\u0103 din abunden\u021b\u0103. M\u00e2inile cu se usuc\u0103 cu prosoape de h\u00e2rtie de unic\u0103 folosin\u021b\u0103.<\/p>\n<h5><strong>Composition<\/strong>:<\/h5>\n<p>Extract de cafea, tensioactivi bl\u00e2nzi, f\u0103r\u0103 parabeni, silicon sau alcool.<\/p>\n<h5><strong>Precautions:<\/strong><\/h5>\n<ul>\n<li>In case of accidental contact with the eyes, rinse with plenty of water.<\/li>\n<li>For external use only. Do not ingest.<\/li>\n<\/ul>\n<p style=\"color:#ffff; margin-bottom: 8px;\">.<\/p>\n<p style=\"text-align: justify;\">In case of an adverse reaction, the use should be stopped and it is recommended to seek specialized help.<\/p>","protected":false},"excerpt":{"rendered":"<p>Descoperi\u021bi puterea revitalizant\u0103 a <strong>KLINTENSIV \u2013 S\u0103pun lichid cu extract de cafea<\/strong>. Cur\u0103\u021ba\u021bi eficient m\u00e2inile, av\u00e2nd garan\u021bia unei hidrat\u0103ri \u00een de lung\u0103 durat\u0103. Cafeaua, bogat\u0103 \u00een antioxidan\u021bi, revitalizeaz\u0103 \u0219i calmeaz\u0103 pielea, oferind prospe\u021bime \u0219i catifelare. Formula f\u0103r\u0103 parabeni, silicon sau alcool asigur\u0103 o experien\u021b\u0103 bl\u00e2nd\u0103 \u0219i sigur\u0103 pentru toate tipurile de piele. Testat clinic conform standardelor UE, KLINTENSIV \u2013 S\u0103pun lichid cu extract de cafea este sigur \u0219i eficient. Contribui\u021bi la protejarea mediului, aleg\u00e2nd un produs cruelty-free, netestat pe animale.<\/p>","protected":false},"featured_media":5600,"comment_status":"open","ping_status":"closed","template":"","meta":[],"product_cat":[126,132],"product_tag":[],"class_list":{"0":"post-6185","1":"product","2":"type-product","3":"status-publish","4":"has-post-thumbnail","6":"product_cat-ingrijire-personala","7":"product_cat-sapun","9":"first","10":"instock","11":"purchasable","12":"product-type-simple"},"_links":{"self":[{"href":"https:\/\/klin.managementpro.ro\/en\/wp-json\/wp\/v2\/product\/6185","targetHints":{"allow":["GET"]}}],"collection":[{"href":"https:\/\/klin.managementpro.ro\/en\/wp-json\/wp\/v2\/product"}],"about":[{"href":"https:\/\/klin.managementpro.ro\/en\/wp-json\/wp\/v2\/types\/product"}],"replies":[{"embeddable":true,"href":"https:\/\/klin.managementpro.ro\/en\/wp-json\/wp\/v2\/comments?post=6185"}],"wp:featuredmedia":[{"embeddable":true,"href":"https:\/\/klin.managementpro.ro\/en\/wp-json\/wp\/v2\/media\/5600"}],"wp:attachment":[{"href":"https:\/\/klin.managementpro.ro\/en\/wp-json\/wp\/v2\/media?parent=6185"}],"wp:term":[{"taxonomy":"product_cat","embeddable":true,"href":"https:\/\/klin.managementpro.ro\/en\/wp-json\/wp\/v2\/product_cat?post=6185"},{"taxonomy":"product_tag","embeddable":true,"href":"https:\/\/klin.managementpro.ro\/en\/wp-json\/wp\/v2\/product_tag?post=6185"}],"curies":[{"name":"wp","href":"https:\/\/api.w.org\/{rel}","templated":true}]}}