{"id":6186,"date":"2024-07-23T16:46:56","date_gmt":"2024-07-23T16:46:56","guid":{"rendered":"https:\/\/klin.managementpro.ro\/?post_type=product&#038;p=6186"},"modified":"2024-07-23T16:47:00","modified_gmt":"2024-07-23T16:47:00","slug":"sapun-lichid-liliac-480-ml","status":"publish","type":"product","link":"https:\/\/klin.managementpro.ro\/en\/product\/sapun-lichid-liliac-480-ml\/","title":{"rendered":"Sapun lichid LILIAC, 480 ml"},"content":{"rendered":"<p>Descoperi\u021bi bucuria mirosului dulce-am\u0103rui al liliacului \u00een orice moment cu S\u0102PUNUL LICHID LILIAC. Formula special\u0103 cur\u0103\u021b\u0103 eficient m\u00e2inile \u0219i le hidrateaz\u0103, oferind o senza\u021bie pl\u0103cut\u0103 \u0219i reconfortant\u0103 dup\u0103 fiecare utilizare.<\/p>\n<h5><strong>Benefits:<\/strong><\/h5>\n<ul>\n<li>Cur\u0103\u021bare delicat\u0103: Formula sa delicat\u0103 \u00eendep\u0103rteaz\u0103 impurit\u0103\u021bile, p\u0103str\u00e2nd totodat\u0103 echilibrul natural al pielii.<\/li>\n<li>Emolien\u021bi cu ac\u021biune benefic\u0103 asupra pielii: Ingredientele emoliente hidrateaz\u0103 \u0219i catifeleaz\u0103 pielea, oferindu-i o senza\u021bie de prospe\u021bime \u0219i confort.<\/li>\n<li>Parfum discret: Mirosul revigorant al liliacului contribuie la o experien\u021b\u0103 de sp\u0103lare pl\u0103cut\u0103 \u0219i rafinat\u0103.<\/li>\n<li>Hidratare profund\u0103: Spuma cremoas\u0103 \u00eembog\u0103\u021bit\u0103 cu emolien\u021bi hidrateaz\u0103 pielea \u00een profunzime, men\u021bin\u00e2ndu-i elasticitatea \u0219i suple\u021bea.<\/li>\n<li>F\u0103r\u0103 parabeni, silicon sau alcool: O alegere sigur\u0103 \u0219i bl\u00e2nd\u0103 pentru toate tipurile de piele.<\/li>\n<li>Tensioactivi bl\u00e2nzi: Asigur\u0103 o hidratare profund\u0103 \u0219i hr\u0103nirea pielii, f\u0103r\u0103 a o irita sau usca.<\/li>\n<\/ul>\n<p style=\"color: #ffff; margin-bottom: 8px;\">.<\/p>\n<h5><strong>How to use:<\/strong><\/h5>\n<p>Se aplic\u0103 o doz\u0103 de 3 ml de produs (o ap\u0103sare de pomp\u0103) pe pielea umed\u0103. Se maseaz\u0103 u\u0219or timp de 30 de secunde \u0219i apoi se cl\u0103te\u0219te cu ap\u0103 din abunden\u021b\u0103. M\u00e2inile cu se usuc\u0103 cu prosoape de h\u00e2rtie de unic\u0103 folosin\u021b\u0103.<\/p>\n<h5><strong>Composition:<\/strong><\/h5>\n<p>F\u0103r\u0103 parabeni, silicon sau alcool.<\/p>\n<h5><strong>Precautions:<\/strong><\/h5>\n<ul>\n<li>In case of accidental contact with the eyes, rinse with plenty of water.<\/li>\n<li>For external use only. Do not ingest.<\/li>\n<\/ul>\n<p style=\"color: #ffff; margin-bottom: 8px;\">.<\/p>\n<p>In case of an adverse reaction, the use should be stopped and it is recommended to seek specialized help.<\/p>","protected":false},"excerpt":{"rendered":"<p>Bucura\u021bi-v\u0103 de mirosul dulce-am\u0103rui al liliacului \u00een fiecare zi cu <strong>KLINTENSIV \u2013 S\u0103pun lichid Liliac<\/strong>. Formula sa delicat\u0103 cur\u0103\u021b\u0103 eficient \u0219i hidrateaz\u0103 m\u00e2inile, l\u0103s\u00e2nd o senza\u021bie pl\u0103cut\u0103 \u0219i reconfortant\u0103. S\u0103pun igienizeaz\u0103 f\u0103r\u0103 a irita sau usca pielea, datorit\u0103 ingredientelor bl\u00e2nde. Parfumul subtil al liliacului completeaz\u0103 experien\u021ba de sp\u0103lare, iar faptul c\u0103 nu con\u021bine parabeni, silicon sau alcool \u00eel face potrivit pentru toate tipurile de piele. Transforma\u021bi rutina zilnic\u0103 de cur\u0103\u021bare a m\u00e2inilor \u00eentr-un moment de lux \u0219i rafinament cu KLINTENSIV \u2013 S\u0103pun lichid Liliac.<\/p>","protected":false},"featured_media":5601,"comment_status":"open","ping_status":"closed","template":"","meta":[],"product_cat":[126,132],"product_tag":[],"class_list":{"0":"post-6186","1":"product","2":"type-product","3":"status-publish","4":"has-post-thumbnail","6":"product_cat-ingrijire-personala","7":"product_cat-sapun","9":"first","10":"instock","11":"purchasable","12":"product-type-simple"},"_links":{"self":[{"href":"https:\/\/klin.managementpro.ro\/en\/wp-json\/wp\/v2\/product\/6186","targetHints":{"allow":["GET"]}}],"collection":[{"href":"https:\/\/klin.managementpro.ro\/en\/wp-json\/wp\/v2\/product"}],"about":[{"href":"https:\/\/klin.managementpro.ro\/en\/wp-json\/wp\/v2\/types\/product"}],"replies":[{"embeddable":true,"href":"https:\/\/klin.managementpro.ro\/en\/wp-json\/wp\/v2\/comments?post=6186"}],"wp:featuredmedia":[{"embeddable":true,"href":"https:\/\/klin.managementpro.ro\/en\/wp-json\/wp\/v2\/media\/5601"}],"wp:attachment":[{"href":"https:\/\/klin.managementpro.ro\/en\/wp-json\/wp\/v2\/media?parent=6186"}],"wp:term":[{"taxonomy":"product_cat","embeddable":true,"href":"https:\/\/klin.managementpro.ro\/en\/wp-json\/wp\/v2\/product_cat?post=6186"},{"taxonomy":"product_tag","embeddable":true,"href":"https:\/\/klin.managementpro.ro\/en\/wp-json\/wp\/v2\/product_tag?post=6186"}],"curies":[{"name":"wp","href":"https:\/\/api.w.org\/{rel}","templated":true}]}}