{"id":6187,"date":"2024-07-23T16:46:56","date_gmt":"2024-07-23T16:46:56","guid":{"rendered":"https:\/\/klin.managementpro.ro\/?post_type=product&#038;p=6187"},"modified":"2024-07-23T16:47:00","modified_gmt":"2024-07-23T16:47:00","slug":"sapun-lichid-honey-480-ml","status":"publish","type":"product","link":"https:\/\/klin.managementpro.ro\/en\/product\/sapun-lichid-honey-480-ml\/","title":{"rendered":"Sapun lichid HONEY, 480 ml"},"content":{"rendered":"<p>KLINTENSIV \u2013 S\u0103pun lichid Honey ofer\u0103 o experien\u021b\u0103 de cur\u0103\u021bare delicat\u0103 \u0219i revitalizant\u0103 pentru m\u00e2ini, p\u0103str\u00e2ndu-\u021bi pielea catifelat\u0103 \u0219i str\u0103lucitoare pe termen lung. Cu o formul\u0103 inovatoare, bogat\u0103 \u00een miere, acest s\u0103pun lichid este creat pentru a hidrata \u0219i hr\u0103ni pielea \u00een profunzime, conferindu-i un aspect s\u0103n\u0103tos \u0219i vibrant.<\/p>\n<h5><strong>Benefits:<\/strong><\/h5>\n<ul>\n<li>Cur\u0103\u021bare delicat\u0103: Cur\u0103\u021b\u0103 eficient impurit\u0103\u021bile, men\u021bin\u00e2nd totodat\u0103 echilibrul natural al pielii.<\/li>\n<li>Hidratare intens\u0103: Mierea, utilizat\u0103 de secole pentru propriet\u0103\u021bile sale hidratante, asigur\u0103 o hidratare profund\u0103 \u0219i de durat\u0103 a pielii.<\/li>\n<li>BioHydractyl: Ingredient activ natural cu compozi\u021bie similar\u0103 elementelor func\u021bionale ale pielii, contribuind la men\u021binerea tonusului \u0219i elasticit\u0103\u021bii acesteia.<\/li>\n<li>Piele tonifiat\u0103: Formula sa inovatoare, \u00eembog\u0103\u021bit\u0103 cu glicogen marin, aminoacizi \u0219i polizaharide, ofer\u0103 pielii un aspect mai ferm \u0219i mai tonifiat.<\/li>\n<li>Parfum discret: Ofer\u0103 o senza\u021bie pl\u0103cut\u0103 \u0219i subtil parfumat\u0103, pentru o experien\u021b\u0103 de cur\u0103\u021bare pl\u0103cut\u0103 \u0219i rafinat\u0103.<\/li>\n<li>F\u0103r\u0103 parabeni, silicon sau alcool: Siguran\u021ba \u0219i bl\u00e2nde\u021bea sunt garantate pentru toate tipurile de piele.<\/li>\n<\/ul>\n<p style=\"color:#ffff; margin-bottom: 8px;\">.<\/p>\n<h5><strong>How to use:<\/strong><\/h5>\n<p>Se aplic\u0103 o doz\u0103 de 3 ml de produs (o ap\u0103sare de pomp\u0103) pe pielea umed\u0103. Se maseaz\u0103 u\u0219or timp de 30 de secunde \u0219i apoi se cl\u0103te\u0219te cu ap\u0103 din abunden\u021b\u0103. M\u00e2inile cu se usuc\u0103 cu prosoape de h\u00e2rtie de unic\u0103 folosin\u021b\u0103.<\/p>\n<h5><strong>Composition:<\/strong><\/h5>\n<p>Miere, BioHydractyl, glicogen marin, aminoacizi, polizaharide, f\u0103r\u0103 parabeni, silicon sau alcool.<\/p>\n<h5><strong>Precautions:<\/strong><\/h5>\n<ul>\n<li>In case of accidental contact with the eyes, rinse with plenty of water.<\/li>\n<li>For external use only. Do not ingest.<\/li>\n<\/ul>\n<p style=\"color:#ffff; margin-bottom: 8px;\">.<\/p>\n<p>In case of an adverse reaction, the use should be stopped and it is recommended to seek specialized help.<\/p>","protected":false},"excerpt":{"rendered":"<p>Cur\u0103\u021bare delicat\u0103 cu ajutorul <strong>KLINTENSIV \u2013 S\u0103pun lichid Honey<\/strong>. Creat cu aten\u021bie pentru a oferi o igienzare delicat\u0103 \u0219i revigorant\u0103, acest s\u0103pun garanteaz\u0103 hidratarea de lung\u0103 durat\u0103 a pielii, men\u021bin\u00e2nd echilibrul natural al acestia. Formula sa inovatoare, \u00eembog\u0103\u021bit\u0103 cu BioHydractyl \u0219i glicogen marin, tonific\u0103 \u0219i \u00eembun\u0103t\u0103\u021be\u0219te aspectul pielii. Bucura\u021bi-v\u0103 de un parfum discret, subtil \u0219i rafinat, pentru o experien\u021b\u0103 pl\u0103cut\u0103 de cur\u0103\u021bare. F\u0103r\u0103 parabeni, silicon sau alcool, potrivit pentru toate tipurile de piele.<\/p>","protected":false},"featured_media":5602,"comment_status":"open","ping_status":"closed","template":"","meta":[],"product_cat":[126,132],"product_tag":[],"class_list":{"0":"post-6187","1":"product","2":"type-product","3":"status-publish","4":"has-post-thumbnail","6":"product_cat-ingrijire-personala","7":"product_cat-sapun","9":"first","10":"instock","11":"purchasable","12":"product-type-simple"},"_links":{"self":[{"href":"https:\/\/klin.managementpro.ro\/en\/wp-json\/wp\/v2\/product\/6187","targetHints":{"allow":["GET"]}}],"collection":[{"href":"https:\/\/klin.managementpro.ro\/en\/wp-json\/wp\/v2\/product"}],"about":[{"href":"https:\/\/klin.managementpro.ro\/en\/wp-json\/wp\/v2\/types\/product"}],"replies":[{"embeddable":true,"href":"https:\/\/klin.managementpro.ro\/en\/wp-json\/wp\/v2\/comments?post=6187"}],"wp:featuredmedia":[{"embeddable":true,"href":"https:\/\/klin.managementpro.ro\/en\/wp-json\/wp\/v2\/media\/5602"}],"wp:attachment":[{"href":"https:\/\/klin.managementpro.ro\/en\/wp-json\/wp\/v2\/media?parent=6187"}],"wp:term":[{"taxonomy":"product_cat","embeddable":true,"href":"https:\/\/klin.managementpro.ro\/en\/wp-json\/wp\/v2\/product_cat?post=6187"},{"taxonomy":"product_tag","embeddable":true,"href":"https:\/\/klin.managementpro.ro\/en\/wp-json\/wp\/v2\/product_tag?post=6187"}],"curies":[{"name":"wp","href":"https:\/\/api.w.org\/{rel}","templated":true}]}}